{"id":28231,"date":"2023-08-22T11:54:10","date_gmt":"2023-08-22T09:54:10","guid":{"rendered":"https:\/\/www.couth.com\/maquinas-de-marcacao-industrial\/"},"modified":"2024-03-20T17:42:29","modified_gmt":"2024-03-20T15:42:29","slug":"maquinas-de-marcacao-industrial","status":"publish","type":"page","link":"https:\/\/www.couth.com\/pt-pt\/maquinas-de-marcacao-industrial\/","title":{"rendered":"M\u00e1quinas de marca\u00e7\u00e3o industrial"},"content":{"rendered":"<p>[et_pb_section fb_built=&#8221;1&#8243; custom_padding_last_edited=&#8221;off|desktop&#8221; _builder_version=&#8221;4.16&#8243; _module_preset=&#8221;default&#8221; background_image=&#8221;https:\/\/www.couth.com\/wp-content\/uploads\/2021\/04\/img_slide_02_micropunto.jpg&#8221; custom_padding_phone=&#8221;0px||0px||true|false&#8221; locked=&#8221;off&#8221; global_colors_info=&#8221;{}&#8221;][et_pb_row _builder_version=&#8221;4.16&#8243; _module_preset=&#8221;default&#8221; max_width_last_edited=&#8221;off|phone&#8221; global_colors_info=&#8221;{}&#8221;][et_pb_column type=&#8221;4_4&#8243; _builder_version=&#8221;4.16&#8243; _module_preset=&#8221;default&#8221; global_colors_info=&#8221;{}&#8221;][et_pb_text _builder_version=&#8221;4.16&#8243; _module_preset=&#8221;default&#8221; text_text_color=&#8221;#FFFFFF&#8221; text_font_size=&#8221;40px&#8221; text_line_height=&#8221;1.6em&#8221; text_orientation=&#8221;center&#8221; global_colors_info=&#8221;{}&#8221;]<\/p>\n<p>Pain\u00e9is de avalia\u00e7\u00e3o<\/p>\n<p>[\/et_pb_text][\/et_pb_column][\/et_pb_row][\/et_pb_section][et_pb_section fb_built=&#8221;1&#8243; _builder_version=&#8221;4.17.6&#8243; _module_preset=&#8221;default&#8221; global_colors_info=&#8221;{}&#8221;][et_pb_row _builder_version=&#8221;4.17.6&#8243; _module_preset=&#8221;default&#8221; global_colors_info=&#8221;{}&#8221;][et_pb_column type=&#8221;4_4&#8243; _builder_version=&#8221;4.17.6&#8243; _module_preset=&#8221;default&#8221; global_colors_info=&#8221;{}&#8221;][et_pb_text _builder_version=&#8221;4.17.6&#8243; _module_preset=&#8221;default&#8221; global_colors_info=&#8221;{}&#8221;]<\/p>\n<p>ENCONTRAR O SEU MARCADOR<\/p>\n<p>[\/et_pb_text][et_pb_text _builder_version=&#8221;4.17.6&#8243; _module_preset=&#8221;default&#8221; global_colors_info=&#8221;{}&#8221;]<\/p>\n\n\t\t\t\t<form action=\"\" method=\"post\" class=\"searchandfilter\">\n\t\t\t\t\t<div><ul><li><select  name='ofconfiguracion' id='ofconfiguracion' class='postform'>\n\t<option value='0' selected='selected'>Configura\u00e7\u00f5e<\/option>\n\t<option class=\"level-0\" value=\"311\">01_Integr\u00e1vel<\/option>\n\t<option class=\"level-0\" value=\"312\">02_Port\u00e1til<\/option>\n\t<option class=\"level-0\" value=\"313\">03_Mesa<\/option>\n\t<option class=\"level-0\" value=\"314\">04_Mista<\/option>\n<\/select>\n<input type=\"hidden\" name=\"ofconfiguracion_operator\" value=\"and\" \/><\/li><li><select  name='ofarea_marcado' id='ofarea_marcado' class='postform'>\n\t<option value='0' selected='selected'>\u00c1rea de Marca\u00e7\u00e3o<\/option>\n\t<option class=\"level-0\" value=\"201\">01_50x17<\/option>\n\t<option class=\"level-0\" value=\"197\">02_100x17<\/option>\n\t<option class=\"level-0\" value=\"204\">03_160x17<\/option>\n\t<option class=\"level-0\" value=\"213\">04_90x60<\/option>\n\t<option class=\"level-0\" value=\"219\">05_150x100<\/option>\n\t<option class=\"level-0\" value=\"225\">06_72x35<\/option>\n\t<option class=\"level-0\" value=\"230\">07_200x35<\/option>\n\t<option class=\"level-0\" value=\"489\">60&#215;40<\/option>\n<\/select>\n<input type=\"hidden\" name=\"ofarea_marcado_operator\" value=\"and\" \/><\/li><li><input type=\"hidden\" id=\"_searchandfilter_nonce\" name=\"_searchandfilter_nonce\" value=\"4a39bc5f22\" \/><input type=\"hidden\" name=\"_wp_http_referer\" value=\"\/pt-pt\/wp-json\/wp\/v2\/pages\/28231\" \/><input type=\"hidden\" name=\"ofsubmitted\" value=\"1\"><input type=\"submit\" value=\"MARCADORES DE FILTRO\"><\/li><\/ul><\/div><\/form>\n<p>[\/et_pb_text][\/et_pb_column][\/et_pb_row][et_pb_row column_structure=&#8221;1_2,1_2&#8243; _builder_version=&#8221;4.17.6&#8243; _module_preset=&#8221;default&#8221; global_colors_info=&#8221;{}&#8221;][et_pb_column type=&#8221;1_2&#8243; _builder_version=&#8221;4.17.6&#8243; _module_preset=&#8221;default&#8221; global_colors_info=&#8221;{}&#8221;][et_pb_text _builder_version=&#8221;4.17.6&#8243; _module_preset=&#8221;default&#8221; global_colors_info=&#8221;{}&#8221;]<\/p>\n<h1>Marcadoras industriais<\/h1>\n<p>Na ampla estrutura da cadeia de produ\u00e7\u00e3o e fornecimentos, o processo de marca\u00e7\u00e3o e rastreabilidade \u00e9 fundamental. Na\u00a0<strong>Couth<\/strong>\u00a0sabemos perfeitamente que as\u00a0<a href=\"https:\/\/www.couth.com\/es-mx\/marcadoras\/\">marcadoras industriais<\/a>\u00a0cumprem mesmo a tarefa de marcar, de forma clara e precisa, todos os produtos que a ind\u00fastria necessita, permitindo assim a efici\u00eancia dos processos.<\/p>\n<p>[\/et_pb_text][\/et_pb_column][et_pb_column type=&#8221;1_2&#8243; _builder_version=&#8221;4.17.6&#8243; _module_preset=&#8221;default&#8221; global_colors_info=&#8221;{}&#8221;][et_pb_image src=&#8221;https:\/\/www.couth.com\/wp-content\/uploads\/2022\/03\/Imagen14-1.jpg&#8221; alt=&#8221;Imagen14 (1)&#8221; title_text=&#8221;Imagen14 (1)&#8221; _builder_version=&#8221;4.17.6&#8243; _module_preset=&#8221;default&#8221; global_colors_info=&#8221;{}&#8221;][\/et_pb_image][\/et_pb_column][\/et_pb_row][et_pb_row _builder_version=&#8221;4.17.6&#8243; _module_preset=&#8221;default&#8221; global_colors_info=&#8221;{}&#8221;][et_pb_column type=&#8221;4_4&#8243; _builder_version=&#8221;4.17.6&#8243; _module_preset=&#8221;default&#8221; global_colors_info=&#8221;{}&#8221;][et_pb_text _builder_version=&#8221;4.17.6&#8243; _module_preset=&#8221;default&#8221; global_colors_info=&#8221;{}&#8221;]<\/p>\n<h2>Porque \u00e9 necess\u00e1ria a marca\u00e7\u00e3o de produtos?<\/h2>\n<p>A necessidade de codificar ou marcar os produtos industriais \u00e9 devida a que temos que\u00a0<strong>inserir a informa\u00e7\u00e3o e caracter\u00edsticas necess\u00e1rias para realizar um melhor controlo e identifica\u00e7\u00e3o de cada uma das pe\u00e7as<\/strong>\u00a0em todo o processo de elabora\u00e7\u00e3o, distribui\u00e7\u00e3o e uso.<\/p>\n<p>N\u00e3o devemos esquecer que a marca\u00e7\u00e3o cont\u00e9m v\u00e1rios dados de grande utilidade, como o n\u00famero de lote e s\u00e9rie, a sua data de elabora\u00e7\u00e3o ou vencimento, entre outros dados importantes que ir\u00e3o ajudar a identificar e localizar a mesma caso haja uma falha ou erro. Tudo isso, por raz\u00f5es \u00f3bvias, poupa tempo e dinheiro nos processos.<\/p>\n<p>[\/et_pb_text][\/et_pb_column][\/et_pb_row][et_pb_row _builder_version=&#8221;4.17.6&#8243; _module_preset=&#8221;default&#8221; global_colors_info=&#8221;{}&#8221;][et_pb_column type=&#8221;4_4&#8243; _builder_version=&#8221;4.17.6&#8243; _module_preset=&#8221;default&#8221; global_colors_info=&#8221;{}&#8221;][et_pb_portfolio fullwidth=&#8221;off&#8221; posts_number=&#8221;50&#8243; include_categories=&#8221;14,15,437,137,147,146,145,138,140,150,135,139,136,142,151,144,143,149,141,148,134&#8243; show_categories=&#8221;off&#8221; _builder_version=&#8221;4.17.6&#8243; _module_preset=&#8221;default&#8221; global_colors_info=&#8221;{}&#8221;][\/et_pb_portfolio][\/et_pb_column][\/et_pb_row][et_pb_row _builder_version=&#8221;4.17.6&#8243; _module_preset=&#8221;default&#8221; global_colors_info=&#8221;{}&#8221;][et_pb_column type=&#8221;4_4&#8243; _builder_version=&#8221;4.17.6&#8243; _module_preset=&#8221;default&#8221; global_colors_info=&#8221;{}&#8221;][et_pb_text _builder_version=&#8221;4.17.6&#8243; _module_preset=&#8221;default&#8221; global_colors_info=&#8221;{}&#8221;]<\/p>\n<h2>Import\u00e2ncia das m\u00e1quinas marcadoras industriais<\/h2>\n<p>A import\u00e2ncia de os fabricantes contarem com uma adequada\u00a0<strong>m\u00e1quina de marca\u00e7\u00e3o<\/strong>\u00a0para o tipo de produtos que elaboram \u00e9 que realize o processo acorde com o seu ritmo e tipo de processo de produ\u00e7\u00e3o, dado que isso ir\u00e1 agilizar e garantir o bom funcionamento do mesmo.<\/p>\n<p>[\/et_pb_text][\/et_pb_column][\/et_pb_row][et_pb_row _builder_version=&#8221;4.17.6&#8243; _module_preset=&#8221;default&#8221; global_colors_info=&#8221;{}&#8221;][et_pb_column type=&#8221;4_4&#8243; _builder_version=&#8221;4.17.6&#8243; _module_preset=&#8221;default&#8221; global_colors_info=&#8221;{}&#8221;][et_pb_text _builder_version=&#8221;4.17.6&#8243; _module_preset=&#8221;default&#8221; global_colors_info=&#8221;{}&#8221;]<\/p>\n<h2>Sistemas de identifica\u00e7\u00e3o utilizados na ind\u00fastria<\/h2>\n<p>Existem\u00a0<strong>diversos tipos de identifica\u00e7\u00e3o na ind\u00fastria<\/strong>, no entanto atualmente existem tr\u00eas tipos de maior uso:<\/p>\n<h3>DPM<\/h3>\n<p>\u00c9 um sistema de\u00a0<strong>marca\u00e7\u00e3o \u00fanica para cada uma das pe\u00e7as<\/strong>, em que a mesma poder\u00e1 conter dados exclusivos e pr\u00f3prios que permitam o seu rastreamento em todo o processo.<\/p>\n<h3>C\u00f3digo de barras<\/h3>\n<p>Dos mais utilizados na ind\u00fastria desde h\u00e1 alguns anos. Consiste num\u00a0<strong>design de barras verticais de diferentes larguras e separa\u00e7\u00f5es onde tamb\u00e9m se armazena informa\u00e7\u00e3o\u00a0<\/strong>que dever\u00e1 ser lida por um leitor \u00f3tico que decifra os dados a\u00ed armazenados.<\/p>\n<h3>C\u00f3digo Datamatrix<\/h3>\n<p>Esta \u00e9 uma\u00a0<strong>matriz de dados em 2D em que se codifica a informa\u00e7\u00e3o num design em forma de quadr\u00edcula<\/strong>\u00a0de celas em cores claras e escuras que tem a capacidade de poder ser lida em diferentes \u00e2ngulos.<\/p>\n<p>[\/et_pb_text][et_pb_text _builder_version=&#8221;4.17.6&#8243; _module_preset=&#8221;default&#8221; global_colors_info=&#8221;{}&#8221;]<\/p>\n<h2>Tipos de marcadoras industriais<\/h2>\n<p>Cada empresa deve escolher o tipo de m\u00e1quina de marca\u00e7\u00e3o que melhor se adapte \u00e0s suas necessidades e, felizmente, a ind\u00fastria oferece diversos tipos capazes de se adaptarem a esses requerimentos espec\u00edficos de cada uma.<\/p>\n<p>Exploremos algumas das melhores e mais utilizadas do mercado atual:<\/p>\n<p>[\/et_pb_text][\/et_pb_column][\/et_pb_row][et_pb_row _builder_version=&#8221;4.17.6&#8243; _module_preset=&#8221;default&#8221; global_colors_info=&#8221;{}&#8221;][et_pb_column type=&#8221;4_4&#8243; _builder_version=&#8221;4.17.6&#8243; _module_preset=&#8221;default&#8221; global_colors_info=&#8221;{}&#8221;][et_pb_accordion _builder_version=&#8221;4.17.6&#8243; _module_preset=&#8221;default&#8221; hover_enabled=&#8221;0&#8243; border_radii=&#8221;on|1px|1px|1px|1px&#8221; border_color_all=&#8221;rgba(58,58,58,0)&#8221; border_style_all=&#8221;dashed&#8221; locked=&#8221;off&#8221; global_colors_info=&#8221;{}&#8221; sticky_enabled=&#8221;0&#8243;][et_pb_accordion_item title=&#8221;Marcadoras de micro percuss\u00e3o&#8221; open=&#8221;on&#8221; open_toggle_text_color=&#8221;#000000&#8243; closed_toggle_background_color=&#8221;#f6d64d&#8221; icon_color=&#8221;#000000&#8243; _builder_version=&#8221;4.16&#8243; _module_preset=&#8221;default&#8221; body_text_color=&#8221;#000000&#8243; border_color_all=&#8221;#000000&#8243; border_style_all=&#8221;solid&#8221; global_colors_info=&#8221;{}&#8221; toggle_text_color=&#8221;#000000&#8243; toggle_level=&#8221;h3&#8243;]<\/p>\n<p>Este \u00e9 um tipo de marca\u00e7\u00e3o simples, econ\u00f3mico e muito fact\u00edvel de uso para diversas ind\u00fastrias. Consiste num sistema de marca\u00e7\u00e3o direta que usa um pun\u00e7\u00e3o de ponta de carboneto de oscila\u00e7\u00e3o r\u00e1pida que, controlado eletronicamente, realiza a marca na superf\u00edcie pretendida.<\/p>\n<p>\u00c9 perfeitamente utiliz\u00e1vel em diversos materiais, sendo os ideais:<\/p>\n<ul>\n<li>A\u00e7o inoxid\u00e1vel<\/li>\n<li>Ligas<\/li>\n<li>Pl\u00e1sticos resistentes<\/li>\n<\/ul>\n<p>Na Couth, uma amostra deste tipo de marcadoras industriais s\u00e3o:<\/p>\n<ul>\n<li><a href=\"https:\/\/www.couth.com\/pt-pt\/marcadores\/marcadora-integravel-superfast-micro-percussao-50x17-25u\/\">Marcadora integr\u00e1vel Superfast Micro percuss\u00e3o 50\u00d717-25U<\/a><\/li>\n<li><a href=\"https:\/\/www.couth.com\/pt-pt\/marcadores\/marcadora-integravel-marcacao-profunda-micro-percussao-200x35u\/\">Marcadora integr\u00e1vel Marca\u00e7\u00e3o Profunda Micro percuss\u00e3o 200x35U<\/a><\/li>\n<\/ul>\n<p><a href=\"https:\/\/www.couth.com\/pt-pt\/marcadores\/marcadora-portatil-standard-micro-percussao-90x60p\/\">Marcadora port\u00e1til Standard Micro percuss\u00e3o 90x60P<\/a><\/p>\n<p>[\/et_pb_accordion_item][et_pb_accordion_item title=&#8221;Marcadoras laser&#8221; open_toggle_text_color=&#8221;#000000&#8243; closed_toggle_background_color=&#8221;#f6d64d&#8221; icon_color=&#8221;#000000&#8243; _builder_version=&#8221;4.17.6&#8243; _module_preset=&#8221;default&#8221; body_text_color=&#8221;#000000&#8243; hover_enabled=&#8221;0&#8243; border_color_all=&#8221;#000000&#8243; border_style_all=&#8221;solid&#8221; global_colors_info=&#8221;{}&#8221; toggle_text_color=&#8221;#000000&#8243; toggle_level=&#8221;h3&#8243; open=&#8221;off&#8221; sticky_enabled=&#8221;0&#8243;]Outra das melhores op\u00e7\u00f5es para fazer a marca\u00e7\u00e3o de pe\u00e7as. S\u00e3o m\u00e1quinas que realizam tra\u00e7os precisos, silenciosos e muito flex\u00edveis, uma vez que s\u00e3o capazes de serem utilizadas em superf\u00edcies ou zonas mais complicadas de uma pe\u00e7a.<\/p>\n<p>\u00c9 ideal para as ind\u00fastrias de automa\u00e7\u00e3o e aeron\u00e1utica, sendo poss\u00edvel o seu uso em diversas superf\u00edcies, tais como:<\/p>\n<ul>\n<li>Alum\u00ednio<\/li>\n<li>A\u00e7o<\/li>\n<li>Cobre<\/li>\n<li>Ferro<\/li>\n<li>Alguns pl\u00e1sticos resistentes<\/li>\n<\/ul>\n<p>Entre os modelos que deste tipo de marcadoras industriais se podem encontrar na Couth, temos:<\/p>\n<ul>\n<li><a href=\"https:\/\/www.couth.com\/pt-pt\/marcadores\/couth-laser-fibra\/\">COUTH LASER FIBRA<\/a><\/li>\n<\/ul>\n<p>[\/et_pb_accordion_item][et_pb_accordion_item title=&#8221;Marcadoras de riscagem&#8221; open_toggle_text_color=&#8221;#000000&#8243; closed_toggle_background_color=&#8221;#f6d64d&#8221; icon_color=&#8221;#000000&#8243; _builder_version=&#8221;4.16&#8243; _module_preset=&#8221;default&#8221; body_text_color=&#8221;#000000&#8243; border_color_all=&#8221;#000000&#8243; border_style_all=&#8221;solid&#8221; global_colors_info=&#8221;{}&#8221; toggle_text_color=&#8221;#000000&#8243; toggle_level=&#8221;h3&#8243; open=&#8221;off&#8221;]<\/p>\n<p>Este tipo de marca\u00e7\u00e3o caracteriza-se por utilizar um sistema de ponta de diamante e carboneto que, mediante press\u00e3o pneum\u00e1tica, vai executando a marca pela superf\u00edcie fazendo a mesma de maneira profunda, definida e precisa.<\/p>\n<p>\u00c9 um sistema muito silencioso que realiza tra\u00e7os cont\u00ednuos e n\u00edtidos com acabamentos de alta qualidade, que pode ser usado em pequenas e grandes dimens\u00f5es. A sua aplica\u00e7\u00e3o \u00e9 diversa, sendo as ind\u00fastrias da siderurgia, da automa\u00e7\u00e3o e da aeron\u00e1utica as que mais a solicitam.<\/p>\n<p>Entre os materiais que permitem este tipo de marca\u00e7\u00e3o temos:<\/p>\n<ul>\n<li>Pl\u00e1sticos<\/li>\n<li>Ligas<\/li>\n<li>A\u00e7o inoxid\u00e1vel<\/li>\n<\/ul>\n<p>Algumas das marcadoras industriais de riscagem da COUTH s\u00e3o:<\/p>\n<ul>\n<li><a href=\"https:\/\/www.couth.com\/pt-pt\/marcadores\/marcadora-integravel-superfast-riscagem-75x15u\/\">Marcadora integr\u00e1vel Superfast Riscagem 75x15U<\/a><\/li>\n<li><a href=\"https:\/\/www.couth.com\/pt-pt\/marcadores\/marcadora-integravel-servo-riscagem-120x40u\/\">Marcadora integr\u00e1vel SERVO Riscagem 120x40U<\/a><\/li>\n<\/ul>\n<p><a href=\"https:\/\/www.couth.com\/pt-pt\/marcadores\/marcadora-integravel-standard-riscagem-60x40u\/\">Marcadora integr\u00e1vel Standard Riscagem 60x40U<\/a><\/p>\n<p>[\/et_pb_accordion_item][et_pb_accordion_item title=&#8221;Marca\u00e7\u00e3o industrial 4.0&#8243; open_toggle_text_color=&#8221;#000000&#8243; closed_toggle_background_color=&#8221;#f6d64d&#8221; icon_color=&#8221;#000000&#8243; _builder_version=&#8221;4.16&#8243; _module_preset=&#8221;default&#8221; body_text_color=&#8221;#000000&#8243; border_color_all=&#8221;#000000&#8243; border_style_all=&#8221;solid&#8221; global_colors_info=&#8221;{}&#8221; toggle_text_color=&#8221;#000000&#8243; toggle_level=&#8221;h3&#8243; open=&#8221;off&#8221;]<\/p>\n<p>As marcadoras industriais s\u00e3o uma das\u00a0<strong>pe\u00e7as fundamentais no processo final de produ\u00e7\u00e3o,\u00a0<\/strong>e a normativa atual exige n\u00e3o s\u00f3 que esta marca\u00e7\u00e3o se execute, mas que a mesma seja de qualidade e total fiabilidade.<\/p>\n<p>Na\u00a0<strong>Couth<\/strong>\u00a0apostamos por m\u00e1quinas de marca\u00e7\u00e3o e equipamentos adaptados \u00e0s necessidades da industria 4.0, quer dizer, aquela que revoluciona o mundo tecnol\u00f3gico atual e aposta por m\u00e9todos inteligentes que melhoram e agilizam os processos, \u00e0 procura de uma maior e melhor qualidade de todo o sistema.<\/p>\n<p>[\/et_pb_accordion_item][\/et_pb_accordion][\/et_pb_column][\/et_pb_row][\/et_pb_section]<\/p>\n","protected":false},"excerpt":{"rendered":"<p>Pain\u00e9is de avalia\u00e7\u00e3oENCONTRAR O SEU MARCADOR\n\t\t\t\t<form action=\"\" method=\"post\" class=\"searchandfilter\">\n\t\t\t\t\t<div><ul><li><select  name='ofconfiguracion' id='ofconfiguracion' class='postform'>\n\t<option value='0' selected='selected'>Configura\u00e7\u00f5e<\/option>\n\t<option class=\"level-0\" value=\"311\">01_Integr\u00e1vel<\/option>\n\t<option class=\"level-0\" value=\"312\">02_Port\u00e1til<\/option>\n\t<option class=\"level-0\" value=\"313\">03_Mesa<\/option>\n\t<option class=\"level-0\" value=\"314\">04_Mista<\/option>\n<\/select>\n<input type=\"hidden\" name=\"ofconfiguracion_operator\" value=\"and\" \/><\/li><li><select  name='ofarea_marcado' id='ofarea_marcado' class='postform'>\n\t<option value='0' selected='selected'>\u00c1rea de Marca\u00e7\u00e3o<\/option>\n\t<option class=\"level-0\" value=\"201\">01_50x17<\/option>\n\t<option class=\"level-0\" value=\"197\">02_100x17<\/option>\n\t<option class=\"level-0\" value=\"204\">03_160x17<\/option>\n\t<option class=\"level-0\" value=\"213\">04_90x60<\/option>\n\t<option class=\"level-0\" value=\"219\">05_150x100<\/option>\n\t<option class=\"level-0\" value=\"225\">06_72x35<\/option>\n\t<option class=\"level-0\" value=\"230\">07_200x35<\/option>\n\t<option class=\"level-0\" value=\"489\">60&#215;40<\/option>\n<\/select>\n<input type=\"hidden\" name=\"ofarea_marcado_operator\" value=\"and\" \/><\/li><li><input type=\"hidden\" id=\"_searchandfilter_nonce\" name=\"_searchandfilter_nonce\" value=\"4a39bc5f22\" \/><input type=\"hidden\" name=\"_wp_http_referer\" value=\"\/pt-pt\/wp-json\/wp\/v2\/pages\/28231\" \/><input type=\"hidden\" name=\"ofsubmitted\" value=\"1\"><input type=\"submit\" value=\"MARCADORES DE FILTRO\"><\/li><\/ul><\/div><\/form>Marcadoras industriais Na ampla estrutura da cadeia de produ\u00e7\u00e3o e fornecimentos, o processo de marca\u00e7\u00e3o e rastreabilidade \u00e9 fundamental. Na\u00a0Couth\u00a0sabemos perfeitamente que as\u00a0marcadoras industriais\u00a0cumprem mesmo a tarefa de marcar, de forma clara e precisa, todos os produtos que a ind\u00fastria necessita, permitindo assim a efici\u00eancia dos [&hellip;]<\/p>\n","protected":false},"author":9,"featured_media":0,"parent":0,"menu_order":91,"comment_status":"closed","ping_status":"closed","template":"","meta":{"_et_pb_use_builder":"on","_et_pb_old_content":"","_et_gb_content_width":"","footnotes":""},"class_list":["post-28231","page","type-page","status-publish","hentry"],"_links":{"self":[{"href":"https:\/\/www.couth.com\/pt-pt\/wp-json\/wp\/v2\/pages\/28231","targetHints":{"allow":["GET"]}}],"collection":[{"href":"https:\/\/www.couth.com\/pt-pt\/wp-json\/wp\/v2\/pages"}],"about":[{"href":"https:\/\/www.couth.com\/pt-pt\/wp-json\/wp\/v2\/types\/page"}],"author":[{"embeddable":true,"href":"https:\/\/www.couth.com\/pt-pt\/wp-json\/wp\/v2\/users\/9"}],"replies":[{"embeddable":true,"href":"https:\/\/www.couth.com\/pt-pt\/wp-json\/wp\/v2\/comments?post=28231"}],"version-history":[{"count":3,"href":"https:\/\/www.couth.com\/pt-pt\/wp-json\/wp\/v2\/pages\/28231\/revisions"}],"predecessor-version":[{"id":30865,"href":"https:\/\/www.couth.com\/pt-pt\/wp-json\/wp\/v2\/pages\/28231\/revisions\/30865"}],"wp:attachment":[{"href":"https:\/\/www.couth.com\/pt-pt\/wp-json\/wp\/v2\/media?parent=28231"}],"curies":[{"name":"wp","href":"https:\/\/api.w.org\/{rel}","templated":true}]}}