{"id":19997,"date":"2021-07-08T08:36:32","date_gmt":"2021-07-08T06:36:32","guid":{"rendered":"https:\/\/www.couth.com\/?page_id=19997"},"modified":"2024-12-20T10:22:32","modified_gmt":"2024-12-20T08:22:32","slug":"certificacoes","status":"publish","type":"page","link":"https:\/\/www.couth.com\/pt-pt\/certificacoes\/","title":{"rendered":"CERTIFICA\u00c7\u00d5ES"},"content":{"rendered":"<p>[et_pb_section fb_built=&#8221;1&#8243; _builder_version=&#8221;4.16&#8243; _module_preset=&#8221;default&#8221; background_image=&#8221;https:\/\/www.couth.com\/wp-content\/uploads\/2021\/04\/Banner_marcaje.jpg&#8221; custom_padding=&#8221;20px||20px||true|false&#8221; global_colors_info=&#8221;{}&#8221;][et_pb_row _builder_version=&#8221;4.16&#8243; _module_preset=&#8221;default&#8221; custom_padding=&#8221;0px||0px||true|false&#8221; global_colors_info=&#8221;{}&#8221;][et_pb_column type=&#8221;4_4&#8243; _builder_version=&#8221;4.16&#8243; _module_preset=&#8221;default&#8221; global_colors_info=&#8221;{}&#8221;][et_pb_cta title=&#8221;CERTIFICA\u00c7\u00d5ES&#8221; button_url=&#8221;#formulario&#8221; _builder_version=&#8221;4.16&#8243; _module_preset=&#8221;default&#8221; header_level=&#8221;h1&#8243; header_font=&#8221;|600|||||||&#8221; header_font_size=&#8221;45px&#8221; body_font=&#8221;|300|||||||&#8221; background_enable_color=&#8221;off&#8221; custom_button=&#8221;on&#8221; button_use_icon=&#8221;off&#8221; button_custom_margin=&#8221;20px||||false|false&#8221; button_custom_margin_tablet=&#8221;10px||||false|false&#8221; button_custom_margin_phone=&#8221;0px||||false|false&#8221; button_custom_margin_last_edited=&#8221;on|tablet&#8221; custom_padding=&#8221;0px||0px||true|false&#8221; header_font_size_tablet=&#8221;40px&#8221; header_font_size_phone=&#8221;30px&#8221; header_font_size_last_edited=&#8221;on|phone&#8221; body_font_size_tablet=&#8221;30px&#8221; body_font_size_phone=&#8221;21px&#8221; body_font_size_last_edited=&#8221;on|tablet&#8221; global_colors_info=&#8221;{}&#8221;][\/et_pb_cta][\/et_pb_column][\/et_pb_row][\/et_pb_section][et_pb_section fb_built=&#8221;1&#8243; custom_padding_last_edited=&#8221;off|desktop&#8221; admin_label=&#8221;About Us&#8221; _builder_version=&#8221;4.16&#8243; custom_padding=&#8221;||||false&#8221; custom_padding_phone=&#8221;20px||20px||true|false&#8221; global_colors_info=&#8221;{}&#8221;][et_pb_row custom_padding_last_edited=&#8221;off|desktop&#8221; _builder_version=&#8221;4.16&#8243; _module_preset=&#8221;default&#8221; custom_padding_phone=&#8221;||0px||false|false&#8221; custom_css_main_element=&#8221;display:flex;||flex-direction: row;||align-items: center;&#8221; global_colors_info=&#8221;{}&#8221; custom_css_main_element_last_edited=&#8221;on|tablet&#8221; custom_css_main_element_tablet=&#8221;display:flex;||flex-direction:column-reverse;&#8221; custom_css_main_element_phone=&#8221;display:flex;||flex-direction:column-reverse;&#8221;][et_pb_column type=&#8221;4_4&#8243; _builder_version=&#8221;4.16&#8243; _module_preset=&#8221;default&#8221; global_colors_info=&#8221;{}&#8221;][et_pb_text _builder_version=&#8221;4.16&#8243; _module_preset=&#8221;default&#8221; text_font=&#8221;|300|||||||&#8221; text_font_size=&#8221;20px&#8221; header_2_font=&#8221;|600|||||||&#8221; header_2_font_size=&#8221;24px&#8221; header_3_font=&#8221;||||||||&#8221; text_font_size_tablet=&#8221;&#8221; text_font_size_phone=&#8221;16px&#8221; text_font_size_last_edited=&#8221;on|phone&#8221; header_2_font_size_tablet=&#8221;&#8221; header_2_font_size_phone=&#8221;21px&#8221; header_2_font_size_last_edited=&#8221;on|desktop&#8221; header_3_font_size_phone=&#8221;21px&#8221; header_3_font_size_last_edited=&#8221;off|phone&#8221; text_orientation_tablet=&#8221;center&#8221; text_orientation_phone=&#8221;&#8221; text_orientation_last_edited=&#8221;on|tablet&#8221; global_colors_info=&#8221;{}&#8221;]<\/p>\n<p><span style=\"font-weight: 400;\">CERTIFICA\u00c7\u00d5ES<\/span><\/p>\n<h2><b>SISTEMAS DE GEST\u00c3O: QUALIDADE E SEGURAN\u00c7A DA INFORMA\u00c7\u00c3O<\/b><\/h2>\n<p>[\/et_pb_text][et_pb_text _builder_version=&#8221;4.16&#8243; _module_preset=&#8221;default&#8221; text_orientation=&#8221;justified&#8221; text_font_size_tablet=&#8221;16px&#8221; text_font_size_phone=&#8221;14px&#8221; text_font_size_last_edited=&#8221;on|phone&#8221; text_orientation_tablet=&#8221;center&#8221; text_orientation_phone=&#8221;&#8221; text_orientation_last_edited=&#8221;on|tablet&#8221; global_colors_info=&#8221;{}&#8221;]Na COUTH<sup>\u00ae desenvolvemos um Sistema de Gest\u00e3o da Qualidade, certificado de acordo com a Norma ISO 9001, que abrange toda a Organiza\u00e7\u00e3o. A nossa gest\u00e3o por processos \u00e9 orientada \u00e0 satisfa\u00e7\u00e3o do cliente e \u00e0 Melhoria Cont\u00ednua (ciclo PDCA).<\/p>\n<p>Oferecemos solu\u00e7\u00f5es inovadoras para um produto e servi\u00e7o de qualidade, baseadas no contacto constante com os clientes e utilizadores, e no conhecimento das suas necessidades e expectativas. Incorporamos a inova\u00e7\u00e3o como pauta de comportamento geral e procuramos a qualidade e efici\u00eancia em todos os nossos processos.<br \/>\nSomos motivados pela gera\u00e7\u00e3o de ideias \u00fanicas em estrat\u00e9gias e processos que acrescentem valor, facilitando a sua implementa\u00e7\u00e3o.<br \/>\n[\/et_pb_text][\/et_pb_column][\/et_pb_row][\/et_pb_section][et_pb_section fb_built=&#8221;1&#8243; _builder_version=&#8221;4.16&#8243; _module_preset=&#8221;default&#8221; background_color=&#8221;#f6d64d&#8221; use_background_color_gradient=&#8221;on&#8221; background_color_gradient_stops=&#8221;#f6d64d 40%|#ffffff 40%&#8221; background_color_gradient_start=&#8221;#f6d64d&#8221; background_color_gradient_start_position=&#8221;40%&#8221; background_color_gradient_end=&#8221;#ffffff&#8221; background_color_gradient_end_position=&#8221;40%&#8221; min_height=&#8221;600px&#8221; custom_margin_phone=&#8221;||||false|false&#8221; custom_margin_last_edited=&#8221;off|desktop&#8221; custom_padding=&#8221;||||false|false&#8221; global_colors_info=&#8221;{}&#8221;][et_pb_row _builder_version=&#8221;4.16&#8243; _module_preset=&#8221;default&#8221; global_colors_info=&#8221;{}&#8221;][et_pb_column type=&#8221;4_4&#8243; _builder_version=&#8221;4.16&#8243; _module_preset=&#8221;default&#8221; global_colors_info=&#8221;{}&#8221;][et_pb_text _builder_version=&#8221;4.16&#8243; _module_preset=&#8221;default&#8221; text_font=&#8221;|300|||||||&#8221; text_text_color=&#8221;#000000&#8243; text_font_size=&#8221;20px&#8221; header_2_font=&#8221;|600|||||||&#8221; header_2_font_size=&#8221;24px&#8221; header_3_font=&#8221;||||||||&#8221; text_font_size_tablet=&#8221;&#8221; text_font_size_phone=&#8221;16px&#8221; text_font_size_last_edited=&#8221;on|phone&#8221; header_2_font_size_tablet=&#8221;&#8221; header_2_font_size_phone=&#8221;21px&#8221; header_2_font_size_last_edited=&#8221;on|desktop&#8221; header_3_font_size_phone=&#8221;21px&#8221; header_3_font_size_last_edited=&#8221;off|phone&#8221; text_orientation_tablet=&#8221;center&#8221; text_orientation_phone=&#8221;&#8221; text_orientation_last_edited=&#8221;on|tablet&#8221; global_colors_info=&#8221;{}&#8221;]<\/p>\n<p><span style=\"font-weight: 400;\">CERTIFICA\u00c7\u00d5ES<\/span><\/p>\n<h2><b>DOCUMENTOS PARA DESCARREGAR<\/b><\/h2>\n<p>[\/et_pb_text][\/et_pb_column][\/et_pb_row][et_pb_row column_structure=&#8221;1_3,1_3,1_3&#8243; use_custom_gutter=&#8221;on&#8221; make_equal=&#8221;on&#8221; _builder_version=&#8221;4.16&#8243; _module_preset=&#8221;default&#8221; width_phone=&#8221;90%&#8221; width_last_edited=&#8221;off|desktop&#8221; height_tablet=&#8221;1500px&#8221; height_phone=&#8221;1670px&#8221; height_last_edited=&#8221;off|desktop&#8221; custom_margin_tablet=&#8221;-250px||-100px||false|false&#8221; custom_margin_phone=&#8221;0px||0px||false|false&#8221; custom_margin_last_edited=&#8221;off|desktop&#8221; global_colors_info=&#8221;{}&#8221;][et_pb_column type=&#8221;1_3&#8243; _builder_version=&#8221;4.16&#8243; _module_preset=&#8221;default&#8221; global_colors_info=&#8221;{}&#8221;][et_pb_blurb title=&#8221;CERTIFICADO ISO 9001&#8243; image=&#8221;https:\/\/www.couth.com\/wp-content\/uploads\/2021\/06\/Iso-COUTH.jpg&#8221; content_max_width=&#8221;100%&#8221; _builder_version=&#8221;4.17.6&#8243; _module_preset=&#8221;default&#8221; header_level=&#8221;h3&#8243; header_font_size=&#8221;18px&#8221; body_text_align=&#8221;left&#8221; background_color=&#8221;#FFFFFF&#8221; text_orientation=&#8221;center&#8221; module_alignment=&#8221;center&#8221; custom_padding=&#8221;25px|25px|25px|25px|true|true&#8221; link_option_url=&#8221;https:\/\/www.couth.com\/wp-content\/uploads\/2023\/12\/IQNetES-1842-2005_2023-11-29.pdf&#8221; link_option_url_new_window=&#8221;on&#8221; body_font_size_tablet=&#8221;16px&#8221; body_font_size_phone=&#8221;14px&#8221; body_font_size_last_edited=&#8221;on|phone&#8221; box_shadow_style=&#8221;preset1&#8243; global_colors_info=&#8221;{}&#8221;][\/et_pb_blurb][\/et_pb_column][et_pb_column type=&#8221;1_3&#8243; _builder_version=&#8221;4.16&#8243; _module_preset=&#8221;default&#8221; global_colors_info=&#8221;{}&#8221;][et_pb_blurb title=&#8221;CERTIFICADO AENOR&#8221; image=&#8221;https:\/\/www.couth.com\/wp-content\/uploads\/2021\/06\/aenorCOUTH.jpg&#8221; content_max_width=&#8221;100%&#8221; _builder_version=&#8221;4.17.6&#8243; _module_preset=&#8221;default&#8221; header_level=&#8221;h3&#8243; header_font_size=&#8221;18px&#8221; body_text_align=&#8221;left&#8221; background_color=&#8221;#FFFFFF&#8221; text_orientation=&#8221;center&#8221; module_alignment=&#8221;center&#8221; custom_padding=&#8221;25px|25px|25px|25px|true|true&#8221; link_option_url=&#8221;https:\/\/www.couth.com\/wp-content\/uploads\/2023\/12\/CertificadoER-1842-2005_ES_2023-11-29.pdf&#8221; link_option_url_new_window=&#8221;on&#8221; body_font_size_tablet=&#8221;16px&#8221; body_font_size_phone=&#8221;14px&#8221; body_font_size_last_edited=&#8221;on|phone&#8221; box_shadow_style=&#8221;preset1&#8243; global_colors_info=&#8221;{}&#8221;][\/et_pb_blurb][\/et_pb_column][et_pb_column type=&#8221;1_3&#8243; _builder_version=&#8221;4.16&#8243; _module_preset=&#8221;default&#8221; global_colors_info=&#8221;{}&#8221;][et_pb_blurb title=&#8221;POL\u00cdTICA DE CALIDAD&#8221; image=&#8221;https:\/\/www.couth.com\/wp-content\/uploads\/2021\/06\/Calidad.jpg&#8221; content_max_width=&#8221;100%&#8221; _builder_version=&#8221;4.16&#8243; _module_preset=&#8221;default&#8221; header_level=&#8221;h3&#8243; header_font_size=&#8221;18px&#8221; body_text_align=&#8221;left&#8221; background_color=&#8221;#FFFFFF&#8221; text_orientation=&#8221;center&#8221; module_alignment=&#8221;center&#8221; custom_padding=&#8221;25px|25px|25px|25px|true|true&#8221; link_option_url=&#8221;https:\/\/www.couth.com\/wp-content\/uploads\/2021\/06\/POLI\u0301TICA-DE-CALIDAD-2017.09.25.pdf&#8221; link_option_url_new_window=&#8221;on&#8221; body_font_size_tablet=&#8221;16px&#8221; body_font_size_phone=&#8221;14px&#8221; body_font_size_last_edited=&#8221;on|phone&#8221; box_shadow_style=&#8221;preset1&#8243; global_colors_info=&#8221;{}&#8221;][\/et_pb_blurb][\/et_pb_column][\/et_pb_row][et_pb_row column_structure=&#8221;1_3,1_3,1_3&#8243; _builder_version=&#8221;4.27.0&#8243; _module_preset=&#8221;default&#8221; global_colors_info=&#8221;{}&#8221;][et_pb_column type=&#8221;1_3&#8243; _builder_version=&#8221;4.16&#8243; _module_preset=&#8221;default&#8221; global_colors_info=&#8221;{}&#8221;][et_pb_blurb title=&#8221;SEGURIDAD DE LA INFORMACI\u00d3N&#8221; image=&#8221;https:\/\/www.couth.com\/wp-content\/uploads\/2021\/06\/SEGURIDAD.jpg&#8221; content_max_width=&#8221;100%&#8221; _builder_version=&#8221;4.27.0&#8243; _module_preset=&#8221;default&#8221; header_level=&#8221;h3&#8243; header_font_size=&#8221;18px&#8221; body_text_align=&#8221;left&#8221; background_color=&#8221;#FFFFFF&#8221; text_orientation=&#8221;center&#8221; module_alignment=&#8221;center&#8221; custom_padding=&#8221;25px|25px|25px|25px|true|true&#8221; custom_padding_phone=&#8221;25px|25px|25px|25px|true|true&#8221; custom_padding_last_edited=&#8221;off|desktop&#8221; link_option_url=&#8221;https:\/\/www.couth.com\/wp-content\/uploads\/2024\/10\/Politica-de-seguridad-de-la-informacion-2024.04.30.pdf&#8221; link_option_url_new_window=&#8221;on&#8221; header_font_size_tablet=&#8221;18px&#8221; header_font_size_phone=&#8221;16px&#8221; header_font_size_last_edited=&#8221;off|desktop&#8221; body_font_size_tablet=&#8221;16px&#8221; body_font_size_phone=&#8221;14px&#8221; body_font_size_last_edited=&#8221;on|phone&#8221; box_shadow_style=&#8221;preset1&#8243; global_colors_info=&#8221;{}&#8221;][\/et_pb_blurb][\/et_pb_column][et_pb_column type=&#8221;1_3&#8243; _builder_version=&#8221;4.16&#8243; _module_preset=&#8221;default&#8221; global_colors_info=&#8221;{}&#8221;][et_pb_blurb title=&#8221;DIPLOMA IN ADVANCED MANAGEMENT&#8221; image=&#8221;https:\/\/www.couth.com\/wp-content\/uploads\/2024\/12\/A-BILIN_24_NEGRO.jpg&#8221; image_icon_width=&#8221;50%&#8221; content_max_width=&#8221;100%&#8221; module_class=&#8221;textocertificacion&#8221; _builder_version=&#8221;4.27.0&#8243; _module_preset=&#8221;default&#8221; header_level=&#8221;h3&#8243; header_font_size=&#8221;18px&#8221; body_text_align=&#8221;left&#8221; background_color=&#8221;#FFFFFF&#8221; text_orientation=&#8221;center&#8221; module_alignment=&#8221;center&#8221; min_height=&#8221;327.9px&#8221; custom_padding=&#8221;25px|25px|25px|25px|true|true&#8221; custom_padding_phone=&#8221;25px|25px|25px|25px|true|true&#8221; custom_padding_last_edited=&#8221;off|desktop&#8221; link_option_url=&#8221;https:\/\/www.couth.com\/wp-content\/uploads\/2024\/12\/A-BILIN_24_NEGRO.pdf&#8221; link_option_url_new_window=&#8221;on&#8221; header_font_size_tablet=&#8221;18px&#8221; header_font_size_phone=&#8221;16px&#8221; header_font_size_last_edited=&#8221;off|desktop&#8221; body_font_size_tablet=&#8221;16px&#8221; body_font_size_phone=&#8221;14px&#8221; body_font_size_last_edited=&#8221;on|phone&#8221; custom_css_main_element=&#8221;box-shadow: 0px 2px 18px 0px rgb(0 0 0 \/ 30%);||padding-top: 25px!important;||    padding-right: 25px!important;||    padding-bottom: 25px!important;||    padding-left: 25px!important;&#8221; custom_css_blurb_title=&#8221;font-size: 20px;&#8221; box_shadow_style=&#8221;preset1&#8243; box_shadow_position=&#8221;inner&#8221; locked=&#8221;off&#8221; global_colors_info=&#8221;{}&#8221;][\/et_pb_blurb][\/et_pb_column][et_pb_column type=&#8221;1_3&#8243; _builder_version=&#8221;4.16&#8243; _module_preset=&#8221;default&#8221; global_colors_info=&#8221;{}&#8221;][et_pb_blurb title=&#8221;ISO CERTIFICATION 27001&#8243; image=&#8221;https:\/\/www.couth.com\/wp-content\/uploads\/2022\/01\/ISO-COUTH_page-0001-1.jpg&#8221; content_max_width=&#8221;100%&#8221; _builder_version=&#8221;4.27.0&#8243; _module_preset=&#8221;default&#8221; header_level=&#8221;h3&#8243; header_font_size=&#8221;18px&#8221; body_text_align=&#8221;left&#8221; background_color=&#8221;#FFFFFF&#8221; text_orientation=&#8221;center&#8221; module_alignment=&#8221;center&#8221; min_height=&#8221;328.6px&#8221; custom_padding=&#8221;25px|25px|25px|25px|true|true&#8221; custom_padding_phone=&#8221;25px|25px|25px|25px|true|true&#8221; custom_padding_last_edited=&#8221;off|desktop&#8221; link_option_url=&#8221;https:\/\/www.couth.com\/wp-content\/uploads\/2024\/12\/IQNetES-SI-0080-2021_2024.12.pdf&#8221; link_option_url_new_window=&#8221;on&#8221; hover_enabled=&#8221;0&#8243; header_font_size_tablet=&#8221;18px&#8221; header_font_size_phone=&#8221;16px&#8221; header_font_size_last_edited=&#8221;off|desktop&#8221; body_font_size_tablet=&#8221;16px&#8221; body_font_size_phone=&#8221;14px&#8221; body_font_size_last_edited=&#8221;on|phone&#8221; box_shadow_style=&#8221;preset1&#8243; global_colors_info=&#8221;{}&#8221; sticky_enabled=&#8221;0&#8243;][\/et_pb_blurb][\/et_pb_column][\/et_pb_row][\/et_pb_section]<\/p>\n","protected":false},"excerpt":{"rendered":"<p>CERTIFICA\u00c7\u00d5ES SISTEMAS DE GEST\u00c3O: QUALIDADE E SEGURAN\u00c7A DA INFORMA\u00c7\u00c3ONa COUTH\u00ae desenvolvemos um Sistema de Gest\u00e3o da Qualidade, certificado de acordo com a Norma ISO 9001, que abrange toda a Organiza\u00e7\u00e3o. A nossa gest\u00e3o por processos \u00e9 orientada \u00e0 satisfa\u00e7\u00e3o do cliente e \u00e0 Melhoria Cont\u00ednua (ciclo PDCA). Oferecemos solu\u00e7\u00f5es inovadoras para um produto e servi\u00e7o [&hellip;]<\/p>\n","protected":false},"author":1,"featured_media":0,"parent":0,"menu_order":27,"comment_status":"closed","ping_status":"closed","template":"","meta":{"_et_pb_use_builder":"on","_et_pb_old_content":"","_et_gb_content_width":"","footnotes":""},"class_list":["post-19997","page","type-page","status-publish","hentry"],"_links":{"self":[{"href":"https:\/\/www.couth.com\/pt-pt\/wp-json\/wp\/v2\/pages\/19997","targetHints":{"allow":["GET"]}}],"collection":[{"href":"https:\/\/www.couth.com\/pt-pt\/wp-json\/wp\/v2\/pages"}],"about":[{"href":"https:\/\/www.couth.com\/pt-pt\/wp-json\/wp\/v2\/types\/page"}],"author":[{"embeddable":true,"href":"https:\/\/www.couth.com\/pt-pt\/wp-json\/wp\/v2\/users\/1"}],"replies":[{"embeddable":true,"href":"https:\/\/www.couth.com\/pt-pt\/wp-json\/wp\/v2\/comments?post=19997"}],"version-history":[{"count":11,"href":"https:\/\/www.couth.com\/pt-pt\/wp-json\/wp\/v2\/pages\/19997\/revisions"}],"predecessor-version":[{"id":33508,"href":"https:\/\/www.couth.com\/pt-pt\/wp-json\/wp\/v2\/pages\/19997\/revisions\/33508"}],"wp:attachment":[{"href":"https:\/\/www.couth.com\/pt-pt\/wp-json\/wp\/v2\/media?parent=19997"}],"curies":[{"name":"wp","href":"https:\/\/api.w.org\/{rel}","templated":true}]}}