{"id":19989,"date":"2021-07-08T08:26:28","date_gmt":"2021-07-08T06:26:28","guid":{"rendered":"https:\/\/www.couth.com\/?page_id=19989"},"modified":"2024-05-28T09:30:09","modified_gmt":"2024-05-28T07:30:09","slug":"quem-somos","status":"publish","type":"page","link":"https:\/\/www.couth.com\/pt-pt\/quem-somos\/","title":{"rendered":"Quem somos"},"content":{"rendered":"<p>[et_pb_section fb_built=&#8221;1&#8243; _builder_version=&#8221;4.16&#8243; _module_preset=&#8221;default&#8221; background_image=&#8221;https:\/\/www.couth.com\/wp-content\/uploads\/2021\/04\/Banner_marcaje.jpg&#8221; custom_padding=&#8221;20px||20px||true|false&#8221; global_colors_info=&#8221;{}&#8221;][et_pb_row _builder_version=&#8221;4.16&#8243; _module_preset=&#8221;default&#8221; custom_padding=&#8221;0px||0px||true|false&#8221; global_colors_info=&#8221;{}&#8221;][et_pb_column type=&#8221;4_4&#8243; _builder_version=&#8221;4.16&#8243; _module_preset=&#8221;default&#8221; global_colors_info=&#8221;{}&#8221;][et_pb_cta title=&#8221;Quem somos&#8221; button_url=&#8221;#formulario&#8221; _builder_version=&#8221;4.16&#8243; _module_preset=&#8221;default&#8221; header_level=&#8221;h1&#8243; header_font=&#8221;|600|||||||&#8221; header_font_size=&#8221;45px&#8221; body_font=&#8221;|300|||||||&#8221; background_enable_color=&#8221;off&#8221; custom_button=&#8221;on&#8221; button_use_icon=&#8221;off&#8221; button_custom_margin=&#8221;20px||||false|false&#8221; button_custom_margin_tablet=&#8221;10px||||false|false&#8221; button_custom_margin_phone=&#8221;0px||||false|false&#8221; button_custom_margin_last_edited=&#8221;on|tablet&#8221; custom_padding=&#8221;0px||0px||true|false&#8221; header_font_size_tablet=&#8221;40px&#8221; header_font_size_phone=&#8221;30px&#8221; header_font_size_last_edited=&#8221;on|phone&#8221; body_font_size_tablet=&#8221;30px&#8221; body_font_size_phone=&#8221;21px&#8221; body_font_size_last_edited=&#8221;on|tablet&#8221; global_colors_info=&#8221;{}&#8221;][\/et_pb_cta][\/et_pb_column][\/et_pb_row][\/et_pb_section][et_pb_section fb_built=&#8221;1&#8243; custom_padding_last_edited=&#8221;on|phone&#8221; admin_label=&#8221;About Us&#8221; _builder_version=&#8221;4.16&#8243; custom_padding=&#8221;||||false&#8221; custom_padding_tablet=&#8221;||0px||false|false&#8221; custom_padding_phone=&#8221;20px||20px||true|false&#8221; global_colors_info=&#8221;{}&#8221;][et_pb_row column_structure=&#8221;1_2,1_2&#8243; custom_padding_last_edited=&#8221;on|phone&#8221; _builder_version=&#8221;4.16&#8243; _module_preset=&#8221;default&#8221; custom_padding_tablet=&#8221;||0px||false|false&#8221; custom_padding_phone=&#8221;||0px||false|false&#8221; custom_css_main_element=&#8221;display:flex;||flex-direction: row;||align-items: center;&#8221; global_colors_info=&#8221;{}&#8221; custom_css_main_element_last_edited=&#8221;on|tablet&#8221; custom_css_main_element_tablet=&#8221;display:flex;||flex-direction:column-reverse;&#8221; custom_css_main_element_phone=&#8221;display:flex;||flex-direction:column-reverse;&#8221;][et_pb_column type=&#8221;1_2&#8243; _builder_version=&#8221;4.16&#8243; _module_preset=&#8221;default&#8221; global_colors_info=&#8221;{}&#8221;][et_pb_video src=&#8221;https:\/\/youtu.be\/cc55avy5WVM&#8221; _builder_version=&#8221;4.17.6&#8243; _module_preset=&#8221;default&#8221; custom_margin=&#8221;||||false|false&#8221; custom_margin_tablet=&#8221;50px||||false|false&#8221; custom_margin_phone=&#8221;&#8221; custom_margin_last_edited=&#8221;on|tablet&#8221; custom_padding_tablet=&#8221;||||false|false&#8221; custom_padding_last_edited=&#8221;off|tablet&#8221; hover_enabled=&#8221;0&#8243; border_width_left=&#8221;6px&#8221; border_color_left=&#8221;#f6d64d&#8221; global_colors_info=&#8221;{}&#8221; sticky_enabled=&#8221;0&#8243;][\/et_pb_video][\/et_pb_column][et_pb_column type=&#8221;1_2&#8243; _builder_version=&#8221;4.16&#8243; _module_preset=&#8221;default&#8221; global_colors_info=&#8221;{}&#8221;][et_pb_text _builder_version=&#8221;4.16&#8243; _module_preset=&#8221;default&#8221; text_font=&#8221;|300|||||||&#8221; text_font_size=&#8221;20px&#8221; header_2_font=&#8221;|600|||||||&#8221; header_2_font_size=&#8221;24px&#8221; header_3_font=&#8221;||||||||&#8221; text_font_size_tablet=&#8221;&#8221; text_font_size_phone=&#8221;16px&#8221; text_font_size_last_edited=&#8221;on|phone&#8221; header_2_font_size_tablet=&#8221;&#8221; header_2_font_size_phone=&#8221;21px&#8221; header_2_font_size_last_edited=&#8221;on|desktop&#8221; header_3_font_size_phone=&#8221;21px&#8221; header_3_font_size_last_edited=&#8221;off|phone&#8221; text_orientation_tablet=&#8221;center&#8221; text_orientation_phone=&#8221;&#8221; text_orientation_last_edited=&#8221;on|tablet&#8221; global_colors_info=&#8221;{}&#8221;]<\/p>\n<p><span style=\"font-weight: 400;\">QUEM SOMOS<\/span><\/p>\n<h2><b>COUTH\u00aeINDUSTRIAL MARKING SYSTEMS, S.L.U.<\/b><\/h2>\n<p>[\/et_pb_text][et_pb_text _builder_version=&#8221;4.17.6&#8243; _module_preset=&#8221;default&#8221; text_orientation=&#8221;justified&#8221; text_font_size_tablet=&#8221;16px&#8221; text_font_size_phone=&#8221;14px&#8221; text_font_size_last_edited=&#8221;on|phone&#8221; text_orientation_tablet=&#8221;center&#8221; text_orientation_phone=&#8221;&#8221; text_orientation_last_edited=&#8221;on|tablet&#8221; global_colors_info=&#8221;{}&#8221;]<\/p>\n<p>Com objeto de contribuir para a satisfa\u00e7\u00e3o das necessidades dos seus clientes e utilizadores, a COUTH<sup>\u00ae, fornece solu\u00e7\u00f5es e produtos de alta qualidade e funcionalidade para a marca\u00e7\u00e3o e a rastreabilidade industrial. Desde 1954, data do in\u00edcio das opera\u00e7\u00f5es, temos desenhado e fabricado tanto m\u00e1quinas standard como customizadas, em diversas configura\u00e7\u00f5es, para os principais setores industriais bem como para os principais grupos e companhias em cada um deles.<\/sup><\/p>\n<p>As solu\u00e7\u00f5es oferecidas pela COUTH<sup>\u00ae baseiam-se nas tecnologias de marca\u00e7\u00e3o por micro percuss\u00e3o, riscagem e laser, para cujo desenvolvimento dedicamos 7% das nossas receitas a I+D. Se a isso acrescentarmos o conhecimento dos utilizadores e clientes, o desenvolvimento das pessoas, a excel\u00eancia dos processos e uma excelente cadeia de fornecimento, temos a base da fortaleza da marca COUTH<sup>\u00ae. A nossa orienta\u00e7\u00e3o ao cliente e a nossa forte presen\u00e7a internacional, permite-nos estar na Alemanha, no M\u00e9xico, no China e na It\u00e1lia, com uma empresa filial pr\u00f3pria, e em mais 66 pa\u00edses, de forma direta ou atrav\u00e9s dos nossos distribuidores. Esta presen\u00e7a permite-nos atender os nossos utilizadores de forma muito pr\u00f3xima.<\/sup><\/sup><\/p>\n<p>[\/et_pb_text][\/et_pb_column][\/et_pb_row][\/et_pb_section][et_pb_section fb_built=&#8221;1&#8243; _builder_version=&#8221;4.16&#8243; _module_preset=&#8221;default&#8221; custom_margin=&#8221;0px||||false|false&#8221; custom_padding=&#8221;0px||||false|false&#8221; global_colors_info=&#8221;{}&#8221;][et_pb_row column_structure=&#8221;1_2,1_2&#8243; _builder_version=&#8221;4.16&#8243; _module_preset=&#8221;default&#8221; custom_css_main_element=&#8221;display:flex;||flex-direction: row;||align-items: center;&#8221; global_colors_info=&#8221;{}&#8221; custom_css_main_element_last_edited=&#8221;on|tablet&#8221; custom_css_main_element_tablet=&#8221;display:flex;||flex-direction: column;&#8221; custom_css_main_element_phone=&#8221;display:flex;||flex-direction: column;&#8221;][et_pb_column type=&#8221;1_2&#8243; _builder_version=&#8221;4.16&#8243; _module_preset=&#8221;default&#8221; global_colors_info=&#8221;{}&#8221;][et_pb_text _builder_version=&#8221;4.16&#8243; _module_preset=&#8221;default&#8221; text_font=&#8221;|300|||||||&#8221; text_font_size=&#8221;20px&#8221; header_2_font=&#8221;|600|||||||&#8221; header_2_font_size=&#8221;24px&#8221; header_3_font=&#8221;||||||||&#8221; custom_margin_phone=&#8221;||||false|false&#8221; custom_margin_last_edited=&#8221;off|phone&#8221; text_font_size_tablet=&#8221;&#8221; text_font_size_phone=&#8221;16px&#8221; text_font_size_last_edited=&#8221;on|phone&#8221; header_2_font_size_tablet=&#8221;&#8221; header_2_font_size_phone=&#8221;21px&#8221; header_2_font_size_last_edited=&#8221;on|desktop&#8221; header_3_font_size_phone=&#8221;21px&#8221; header_3_font_size_last_edited=&#8221;off|phone&#8221; text_orientation_tablet=&#8221;center&#8221; text_orientation_phone=&#8221;&#8221; text_orientation_last_edited=&#8221;on|tablet&#8221; global_colors_info=&#8221;{}&#8221;]<\/p>\n<p>PRODUCTOS COUTH<\/p>\n<h2><b>INFORMA\u00c7\u00c3O GERAL SOBRE OS PRODUTOS COUTH\u00ae<\/b><\/h2>\n<p>[\/et_pb_text][et_pb_text _builder_version=&#8221;4.16&#8243; _module_preset=&#8221;default&#8221; text_orientation=&#8221;justified&#8221; text_font_size_tablet=&#8221;16px&#8221; text_font_size_phone=&#8221;14px&#8221; text_font_size_last_edited=&#8221;on|phone&#8221; text_orientation_tablet=&#8221;center&#8221; text_orientation_phone=&#8221;&#8221; text_orientation_last_edited=&#8221;on|tablet&#8221; global_colors_info=&#8221;{}&#8221;]A nossa gama abrange diferentes configura\u00e7\u00f5es para diversas superf\u00edcies de marca\u00e7\u00e3o e profundidades em fun\u00e7\u00e3o do setor, material e\/ou aplica\u00e7\u00e3o. Al\u00e9m disso, como especialistas nas tecnologias de micro percuss\u00e3o, riscagem e laser, podemos desenhar e fabricar equipamentos especiais \u00e0 medida, de acordo com as especifica\u00e7\u00f5es t\u00e9cnicas e necessidades de cada cliente ou utilizador.<br \/>\n[\/et_pb_text][\/et_pb_column][et_pb_column type=&#8221;1_2&#8243; _builder_version=&#8221;4.16&#8243; _module_preset=&#8221;default&#8221; global_colors_info=&#8221;{}&#8221;][et_pb_video src=&#8221;https:\/\/www.youtube.com\/watch?v=b0TacWZjpGs&#8221; _builder_version=&#8221;4.17.6&#8243; _module_preset=&#8221;default&#8221; custom_margin=&#8221;0px||||false|false&#8221; custom_margin_tablet=&#8221;||||false|false&#8221; custom_margin_phone=&#8221;&#8221; custom_margin_last_edited=&#8221;on|tablet&#8221; border_width_left=&#8221;6px&#8221; border_color_left=&#8221;#f6d64d&#8221; global_colors_info=&#8221;{}&#8221;][\/et_pb_video][\/et_pb_column][\/et_pb_row][\/et_pb_section][et_pb_section fb_built=&#8221;1&#8243; _builder_version=&#8221;4.16&#8243; _module_preset=&#8221;default&#8221; background_color=&#8221;#f6d64d&#8221; use_background_color_gradient=&#8221;on&#8221; background_color_gradient_stops=&#8221;#f6d64d 40%|#ffffff 40%&#8221; background_color_gradient_start=&#8221;#f6d64d&#8221; background_color_gradient_start_position=&#8221;40%&#8221; background_color_gradient_end=&#8221;#ffffff&#8221; background_color_gradient_end_position=&#8221;40%&#8221; min_height=&#8221;600px&#8221; custom_margin_phone=&#8221;||||false|false&#8221; custom_margin_last_edited=&#8221;off|desktop&#8221; custom_padding=&#8221;||||false|false&#8221; global_colors_info=&#8221;{}&#8221;][et_pb_row _builder_version=&#8221;4.16&#8243; _module_preset=&#8221;default&#8221; global_colors_info=&#8221;{}&#8221;][et_pb_column type=&#8221;4_4&#8243; _builder_version=&#8221;4.16&#8243; _module_preset=&#8221;default&#8221; global_colors_info=&#8221;{}&#8221;][et_pb_text _builder_version=&#8221;4.16&#8243; _module_preset=&#8221;default&#8221; text_font=&#8221;|300|||||||&#8221; text_text_color=&#8221;#000000&#8243; text_font_size=&#8221;20px&#8221; header_2_font=&#8221;|600|||||||&#8221; header_2_font_size=&#8221;24px&#8221; header_3_font=&#8221;||||||||&#8221; text_font_size_tablet=&#8221;&#8221; text_font_size_phone=&#8221;16px&#8221; text_font_size_last_edited=&#8221;on|phone&#8221; header_2_font_size_tablet=&#8221;&#8221; header_2_font_size_phone=&#8221;21px&#8221; header_2_font_size_last_edited=&#8221;on|desktop&#8221; header_3_font_size_phone=&#8221;21px&#8221; header_3_font_size_last_edited=&#8221;off|phone&#8221; text_orientation_tablet=&#8221;center&#8221; text_orientation_phone=&#8221;&#8221; text_orientation_last_edited=&#8221;on|tablet&#8221; global_colors_info=&#8221;{}&#8221;]<\/p>\n<p><span style=\"font-weight: 400;\">QUEM SOMOS<\/span><\/p>\n<h2><b>O NOSSO PERFIL<\/b><\/h2>\n<p>[\/et_pb_text][et_pb_text _builder_version=&#8221;4.16&#8243; _module_preset=&#8221;default&#8221; text_text_color=&#8221;#000000&#8243; text_orientation=&#8221;justified&#8221; custom_padding_tablet=&#8221;&#8221; custom_padding_phone=&#8221;&#8221; custom_padding_last_edited=&#8221;on|phone&#8221; text_font_size_tablet=&#8221;16px&#8221; text_font_size_phone=&#8221;14px&#8221; text_font_size_last_edited=&#8221;on|phone&#8221; text_orientation_tablet=&#8221;center&#8221; text_orientation_phone=&#8221;&#8221; text_orientation_last_edited=&#8221;on|tablet&#8221; global_colors_info=&#8221;{}&#8221;]<span style=\"font-weight: 400;\">Na COUTH<sup>\u00ae\u00a0oferecemos solu\u00e7\u00f5es inovadoras e de qualidade, baseadas no contacto constante com os nossos clientes e utilizadores, e no conhecimento das suas necessidades e expectativas. Procuramos a excel\u00eancia dos nossos processos, e a gera\u00e7\u00e3o de ideias \u00fanicas e inovadoras que acrescentem valor e facilitem a sua implementa\u00e7\u00e3o. Todas as pessoas que fazemos parte da COUTH<sup>\u00ae, assumimos ativamente a responsabilidade de alcan\u00e7ar a sua miss\u00e3o e vis\u00e3o. Para isso, trabalhamos em equipa e desenvolvemos as melhores pr\u00e1ticas, fomentando a transpar\u00eancia e os valores \u00e9ticos nas nossas formas de fazer, respeitando o Ambiente.<\/span>[\/et_pb_text][\/et_pb_column][\/et_pb_row][et_pb_row use_custom_gutter=&#8221;on&#8221; make_equal=&#8221;on&#8221; _builder_version=&#8221;4.16&#8243; _module_preset=&#8221;default&#8221; width_phone=&#8221;90%&#8221; width_last_edited=&#8221;off|desktop&#8221; height_tablet=&#8221;1500px&#8221; height_phone=&#8221;1670px&#8221; height_last_edited=&#8221;off|desktop&#8221; custom_margin_tablet=&#8221;-250px||-100px||false|false&#8221; custom_margin_phone=&#8221;0px||0px||false|false&#8221; custom_margin_last_edited=&#8221;off|desktop&#8221; global_colors_info=&#8221;{}&#8221;][et_pb_column type=&#8221;4_4&#8243; _builder_version=&#8221;4.16&#8243; _module_preset=&#8221;default&#8221; global_colors_info=&#8221;{}&#8221;][et_pb_blurb title=&#8221;INOVA\u00c7\u00c3O&#8221; use_icon=&#8221;on&#8221; font_icon=&#8221;&#xe0ec;||divi||400&#8243; icon_color=&#8221;#f6d64d&#8221; image_icon_width=&#8221;59px&#8221; icon_alignment=&#8221;left&#8221; content_max_width=&#8221;100%&#8221; _builder_version=&#8221;4.16&#8243; _module_preset=&#8221;default&#8221; header_font_size=&#8221;24px&#8221; body_text_align=&#8221;left&#8221; background_color=&#8221;#FFFFFF&#8221; custom_padding=&#8221;50px|50px|50px|50px|true|true&#8221; custom_padding_tablet=&#8221;&#8221; custom_padding_phone=&#8221;25px|25px|25px|25px|true|true&#8221; custom_padding_last_edited=&#8221;on|phone&#8221; header_font_size_tablet=&#8221;21px&#8221; header_font_size_phone=&#8221;18px&#8221; header_font_size_last_edited=&#8221;on|phone&#8221; body_font_size_tablet=&#8221;16px&#8221; body_font_size_phone=&#8221;14px&#8221; body_font_size_last_edited=&#8221;on|phone&#8221; box_shadow_style=&#8221;preset1&#8243; icon_font_size=&#8221;59px&#8221; global_colors_info=&#8221;{}&#8221;]A inova\u00e7\u00e3o \u00e9 uma filosofia que perpassa a nossa Organiza\u00e7\u00e3o, e \u00e9 uma das raz\u00f5es pelas quais somos marca l\u00edder em marca\u00e7\u00e3o e rastreabilidade industrial, com a atribui\u00e7\u00e3o de recursos que alcan\u00e7am 7% das nossas receitas para a consecu\u00e7\u00e3o de patentes internacionais. Entendemos a inova\u00e7\u00e3o mais al\u00e9m do produto, abrangendo tamb\u00e9m o servi\u00e7o e os processos, com a finalidade de gerar valor para os clientes e utilizadores. Incorporamos a inova\u00e7\u00e3o como pauta de comportamento geral, sistematizando a procura de novas oportunidades a partir do conhecimento do mercado e, especialmente, da rela\u00e7\u00e3o com o utilizador.<br \/>\n[\/et_pb_blurb][et_pb_blurb title=&#8221;QUALIDADE&#8221; use_icon=&#8221;on&#8221; font_icon=&#8221;&#xe106;||divi||400&#8243; icon_color=&#8221;#f6d64d&#8221; image_icon_width=&#8221;59px&#8221; icon_alignment=&#8221;left&#8221; content_max_width=&#8221;100%&#8221; _builder_version=&#8221;4.16&#8243; _module_preset=&#8221;default&#8221; header_font_size=&#8221;24px&#8221; body_text_align=&#8221;left&#8221; background_color=&#8221;#FFFFFF&#8221; custom_padding=&#8221;50px|50px|50px|50px|true|true&#8221; custom_padding_tablet=&#8221;&#8221; custom_padding_phone=&#8221;25px|25px|25px|25px|true|true&#8221; custom_padding_last_edited=&#8221;on|phone&#8221; header_font_size_tablet=&#8221;21px&#8221; header_font_size_phone=&#8221;18px&#8221; header_font_size_last_edited=&#8221;on|phone&#8221; body_font_size_tablet=&#8221;16px&#8221; body_font_size_phone=&#8221;14px&#8221; body_font_size_last_edited=&#8221;on|phone&#8221; box_shadow_style=&#8221;preset1&#8243; icon_font_size=&#8221;59px&#8221; global_colors_info=&#8221;{}&#8221;]<span>A COUTH<sup>\u00ae, como empresa dedicada ao design, produ\u00e7\u00e3o e desenvolvimento de m\u00e1quinas e solu\u00e7\u00f5es para a marca\u00e7\u00e3o e rastreabilidade industrial, baseia a sua gest\u00e3o na melhoria cont\u00ednua, atrav\u00e9s de um modelo de gest\u00e3o avan\u00e7ado baseado no cumprimento dos requisitos da Norma UNE-EN ISO 9001. A implanta\u00e7\u00e3o e desenvolvimento do nosso modelo de gest\u00e3o s\u00e3o baseados nos seguintes princ\u00edpios:<\/span><\/p>\n<p><span >\u00a0<\/span><\/p>\n<ul>\n<li ><span >Orienta\u00e7\u00e3o ao cliente e utilizador: conhecimento das suas necessidades e expectativas.<\/span><\/li>\n<li><span >Lideran\u00e7a.<\/span><\/li>\n<li><span>Compromisso com as pessoas.<\/span><\/li>\n<li ><span >Gest\u00e3o por processos.<\/span><\/li>\n<li><span>Melhoria cont\u00ednua.<\/span><\/li>\n<li><span >Tomada de decis\u00f5es baseadas em evid\u00eancias.<\/span><\/li>\n<li ><span>Comunica\u00e7\u00e3o fluida e de qualidade.<\/span><\/li>\n<\/ul>\n<p>[\/et_pb_blurb][et_pb_blurb title=&#8221;INTERNACIONALIZA\u00c7\u00c3O&#8221; use_icon=&#8221;on&#8221; font_icon=&#8221;&#xe0e2;||divi||400&#8243; icon_color=&#8221;#f6d64d&#8221; image_icon_width=&#8221;59px&#8221; icon_alignment=&#8221;left&#8221; content_max_width=&#8221;100%&#8221; _builder_version=&#8221;4.17.6&#8243; _module_preset=&#8221;default&#8221; header_font_size=&#8221;24px&#8221; body_text_align=&#8221;left&#8221; background_color=&#8221;#FFFFFF&#8221; custom_padding=&#8221;50px|50px|50px|50px|true|true&#8221; custom_padding_tablet=&#8221;&#8221; custom_padding_phone=&#8221;25px|25px|25px|25px|true|true&#8221; custom_padding_last_edited=&#8221;on|phone&#8221; header_font_size_tablet=&#8221;21px&#8221; header_font_size_phone=&#8221;18px&#8221; header_font_size_last_edited=&#8221;on|phone&#8221; body_font_size_tablet=&#8221;16px&#8221; body_font_size_phone=&#8221;14px&#8221; body_font_size_last_edited=&#8221;on|phone&#8221; box_shadow_style=&#8221;preset1&#8243; icon_font_size=&#8221;59px&#8221; global_colors_info=&#8221;{}&#8221;]<\/p>\n<p>Como empresa global, a COUTH<sup>\u00ae est\u00e1 presente nos cinco continentes, com 5 filiais na Alemanha, no M\u00e9xico, no China e na Italia, e em 66 pa\u00edses atrav\u00e9s da sua extensa rede comercial. Isso permite-nos manter um constante contacto com cada um dos mercados e conhecer em primeira m\u00e3o as suas necessidades e particularidades, com a finalidade de adaptar a nossa oferta \u00e0s expectativas dos nossos clientes e utilizadores l\u00e1 onde estiverem.<\/sup><\/p>\n<p>[\/et_pb_blurb][\/et_pb_column][\/et_pb_row][\/et_pb_section]<\/p>\n","protected":false},"excerpt":{"rendered":"<p>QUEM SOMOS COUTH\u00aeINDUSTRIAL MARKING SYSTEMS, S.L.U.Com objeto de contribuir para a satisfa\u00e7\u00e3o das necessidades dos seus clientes e utilizadores, a COUTH\u00ae, fornece solu\u00e7\u00f5es e produtos de alta qualidade e funcionalidade para a marca\u00e7\u00e3o e a rastreabilidade industrial. Desde 1954, data do in\u00edcio das opera\u00e7\u00f5es, temos desenhado e fabricado tanto m\u00e1quinas standard como customizadas, em diversas [&hellip;]<\/p>\n","protected":false},"author":1,"featured_media":0,"parent":0,"menu_order":132,"comment_status":"closed","ping_status":"closed","template":"","meta":{"_et_pb_use_builder":"on","_et_pb_old_content":"","_et_gb_content_width":"","footnotes":""},"class_list":["post-19989","page","type-page","status-publish","hentry"],"_links":{"self":[{"href":"https:\/\/www.couth.com\/pt-pt\/wp-json\/wp\/v2\/pages\/19989","targetHints":{"allow":["GET"]}}],"collection":[{"href":"https:\/\/www.couth.com\/pt-pt\/wp-json\/wp\/v2\/pages"}],"about":[{"href":"https:\/\/www.couth.com\/pt-pt\/wp-json\/wp\/v2\/types\/page"}],"author":[{"embeddable":true,"href":"https:\/\/www.couth.com\/pt-pt\/wp-json\/wp\/v2\/users\/1"}],"replies":[{"embeddable":true,"href":"https:\/\/www.couth.com\/pt-pt\/wp-json\/wp\/v2\/comments?post=19989"}],"version-history":[{"count":10,"href":"https:\/\/www.couth.com\/pt-pt\/wp-json\/wp\/v2\/pages\/19989\/revisions"}],"predecessor-version":[{"id":31616,"href":"https:\/\/www.couth.com\/pt-pt\/wp-json\/wp\/v2\/pages\/19989\/revisions\/31616"}],"wp:attachment":[{"href":"https:\/\/www.couth.com\/pt-pt\/wp-json\/wp\/v2\/media?parent=19989"}],"curies":[{"name":"wp","href":"https:\/\/api.w.org\/{rel}","templated":true}]}}