{"id":28228,"date":"2023-08-22T11:51:16","date_gmt":"2023-08-22T09:51:16","guid":{"rendered":"https:\/\/www.couth.com\/macchine-per-la-marcatura-industriale\/"},"modified":"2025-08-05T08:26:32","modified_gmt":"2025-08-05T06:26:32","slug":"macchine-per-la-marcatura-industriale","status":"publish","type":"page","link":"https:\/\/www.couth.com\/it\/macchine-per-la-marcatura-industriale\/","title":{"rendered":"Marcatrici Industriali"},"content":{"rendered":"<p>[et_pb_section bb_built=&#8221;1&#8243; custom_padding_last_edited=&#8221;off|desktop&#8221; _builder_version=&#8221;4.16&#8243; _module_preset=&#8221;default&#8221; background_image=&#8221;https:\/\/www.couth.com\/wp-content\/uploads\/2021\/04\/img_slide_02_micropunto.jpg&#8221; custom_padding_phone=&#8221;0px||0px||true|false&#8221; locked=&#8221;off&#8221; global_colors_info=&#8221;{}&#8221; next_background_color=&#8221;#ffffff&#8221;][et_pb_row _builder_version=&#8221;4.16&#8243; _module_preset=&#8221;default&#8221; max_width_last_edited=&#8221;off|phone&#8221; global_colors_info=&#8221;{}&#8221;][et_pb_column type=&#8221;4_4&#8243; _builder_version=&#8221;4.16&#8243; _module_preset=&#8221;default&#8221; global_colors_info=&#8221;{}&#8221;][et_pb_text _builder_version=&#8221;4.16&#8243; _module_preset=&#8221;default&#8221; text_text_color=&#8221;#FFFFFF&#8221; text_font_size=&#8221;40px&#8221; text_line_height=&#8221;1.6em&#8221; text_orientation=&#8221;center&#8221; global_colors_info=&#8221;{}&#8221;]<\/p>\n<p>Tabelloni<\/p>\n<p>[\/et_pb_text][\/et_pb_column][\/et_pb_row][\/et_pb_section][et_pb_section bb_built=&#8221;1&#8243; _builder_version=&#8221;4.17.6&#8243; _module_preset=&#8221;default&#8221; global_colors_info=&#8221;{}&#8221; prev_background_color=&#8221;#000000&#8243;][et_pb_row _builder_version=&#8221;4.17.6&#8243; _module_preset=&#8221;default&#8221; global_colors_info=&#8221;{}&#8221;][et_pb_column type=&#8221;4_4&#8243; _builder_version=&#8221;4.17.6&#8243; _module_preset=&#8221;default&#8221; global_colors_info=&#8221;{}&#8221;][et_pb_text _builder_version=&#8221;4.17.6&#8243; _module_preset=&#8221;default&#8221; global_colors_info=&#8221;{}&#8221;]<\/p>\n<p>TROVA IL TUO MARCATORE<\/p>\n<p>[\/et_pb_text][et_pb_text _builder_version=&#8221;4.17.6&#8243; _module_preset=&#8221;default&#8221; global_colors_info=&#8221;{}&#8221;]<\/p>\n\n\t\t\t\t<form action=\"\" method=\"post\" class=\"searchandfilter\">\n\t\t\t\t\t<div><ul><li><select  name='ofconfiguracion' id='ofconfiguracion' class='postform'>\n\t<option value='0' selected='selected'>Configurazioni<\/option>\n\t<option class=\"level-0\" value=\"336\">01_Integrabile<\/option>\n\t<option class=\"level-0\" value=\"337\">02_Port\u00e1til<\/option>\n\t<option class=\"level-0\" value=\"338\">03_Da Tavolo<\/option>\n\t<option class=\"level-0\" value=\"339\">04_Mista<\/option>\n<\/select>\n<input type=\"hidden\" name=\"ofconfiguracion_operator\" value=\"and\" \/><\/li><li><select  name='ofarea_marcado' id='ofarea_marcado' class='postform'>\n\t<option value='0' selected='selected'>Area di Marcatura<\/option>\n\t<option class=\"level-0\" value=\"198\">01_50x17<\/option>\n\t<option class=\"level-0\" value=\"196\">02_100x17<\/option>\n\t<option class=\"level-0\" value=\"203\">03_160x17<\/option>\n\t<option class=\"level-0\" value=\"210\">04_90x60<\/option>\n\t<option class=\"level-0\" value=\"218\">05_150x100<\/option>\n\t<option class=\"level-0\" value=\"223\">06_72x35<\/option>\n\t<option class=\"level-0\" value=\"228\">07_200x35<\/option>\n\t<option class=\"level-0\" value=\"488\">60&#215;40<\/option>\n<\/select>\n<input type=\"hidden\" name=\"ofarea_marcado_operator\" value=\"and\" \/><\/li><li><input type=\"hidden\" id=\"_searchandfilter_nonce\" name=\"_searchandfilter_nonce\" value=\"4a39bc5f22\" \/><input type=\"hidden\" name=\"_wp_http_referer\" value=\"\/it\/wp-json\/wp\/v2\/pages\/28228\" \/><input type=\"hidden\" name=\"ofsubmitted\" value=\"1\"><input type=\"submit\" value=\"FILTRA SEGNALIBRI\"><\/li><\/ul><\/div><\/form>\n<p>[\/et_pb_text][\/et_pb_column][\/et_pb_row][et_pb_row column_structure=&#8221;1_2,1_2&#8243; _builder_version=&#8221;4.17.6&#8243; _module_preset=&#8221;default&#8221; global_colors_info=&#8221;{}&#8221;][et_pb_column type=&#8221;1_2&#8243; _builder_version=&#8221;4.17.6&#8243; _module_preset=&#8221;default&#8221; global_colors_info=&#8221;{}&#8221;][et_pb_text _builder_version=&#8221;4.17.6&#8243; _module_preset=&#8221;default&#8221; global_colors_info=&#8221;{}&#8221;]<\/p>\n<h1><b>Marcatrici Industriali | Soluzioni di Marcatura Professionale\u00a0<\/b><\/h1>\n<p><span style=\"font-weight: 400;\">I <\/span><b>marcatori industriali<\/b><span style=\"font-weight: 400;\"> sono strumenti fondamentali che permettono alle aziende di garantire la qualit\u00e0 e la conformit\u00e0 dei loro prodotti, ottimizzando al contempo i processi produttivi.<\/span><\/p>\n<p><span style=\"font-weight: 400;\">In <\/span><a href=\"https:\/\/www.couth.com\/it\/\"><span style=\"font-weight: 400;\">COUTH <\/span><\/a><span style=\"font-weight: 400;\">siamo consapevoli che le <\/span><b>macchine di marcatura industriale<\/b><span style=\"font-weight: 400;\"> svolgono proprio il compito di marcare in modo chiaro e preciso ogni prodotto di cui l\u2019industria ha bisogno, assicurando cos\u00ec l\u2019efficienza del processo. Per questo ci dedichiamo a offrirti la migliore tecnologia di <\/span><b>marcatori<\/b><span style=\"font-weight: 400;\">.<\/span><\/p>\n<p><span style=\"font-weight: 400;\">Scopri la <\/span><b>macchina di marcatura industriale<\/b><span style=\"font-weight: 400;\"> pi\u00f9 adatta alle tue esigenze, come sceglierla e come trasformare il modo in cui la tua azienda gestisce l\u2019identificazione dei prodotti, massimizzando la competitivit\u00e0 in un contesto industriale in continua evoluzione.<\/span><\/p>\n<p>[\/et_pb_text][\/et_pb_column][et_pb_column type=&#8221;1_2&#8243; _builder_version=&#8221;4.17.6&#8243; _module_preset=&#8221;default&#8221; global_colors_info=&#8221;{}&#8221;][et_pb_image src=&#8221;https:\/\/www.couth.com\/wp-content\/uploads\/2022\/03\/Imagen14-1.jpg&#8221; alt=&#8221;Imagen14 (1)&#8221; title_text=&#8221;Imagen14 (1)&#8221; _builder_version=&#8221;4.17.6&#8243; _module_preset=&#8221;default&#8221; global_colors_info=&#8221;{}&#8221; \/][\/et_pb_column][\/et_pb_row][et_pb_row _builder_version=&#8221;4.17.6&#8243; _module_preset=&#8221;default&#8221; global_colors_info=&#8221;{}&#8221;][et_pb_column type=&#8221;4_4&#8243; _builder_version=&#8221;4.17.6&#8243; _module_preset=&#8221;default&#8221; global_colors_info=&#8221;{}&#8221;][et_pb_text _builder_version=&#8221;4.17.6&#8243; _module_preset=&#8221;default&#8221; global_colors_info=&#8221;{}&#8221;]<\/p>\n<h2><span style=\"font-weight: 400;\">Perch\u00e9 scegliere i marcatori industriali per la tua azienda?<\/span><\/h2>\n<p><span style=\"font-weight: 400;\">Scegliere i <\/span><b>marcatori industriali<\/b><span style=\"font-weight: 400;\"> per la tua azienda non significa solo migliorare l\u2019efficienza e la qualit\u00e0 del prodotto, ma anche ottenere un vantaggio competitivo sul mercato. Infatti, investire nella giusta tecnologia di marcatura \u00e8 un passo fondamentale verso l\u2019ottimizzazione dei processi e il rafforzamento del brand.<\/span><\/p>\n<p><span style=\"font-weight: 400;\">Adottando soluzioni di <\/span><b>marcatura industriale<\/b><span style=\"font-weight: 400;\">, le aziende possono garantire un futuro pi\u00f9 organizzato, redditizio e conforme alle esigenze del mercato.<\/span><\/p>\n<p><span style=\"font-weight: 400;\">Per i produttori, \u00e8 essenziale disporre di <\/span><b>marcatori industriali<\/b><span style=\"font-weight: 400;\"> adeguati al tipo di prodotto realizzato, in modo che il processo sia in linea con i ritmi e le caratteristiche della produzione: questo permette di velocizzare le operazioni e garantire il corretto funzionamento del sistema.<\/span><\/p>\n<p>[\/et_pb_text][\/et_pb_column][\/et_pb_row][et_pb_row _builder_version=&#8221;4.17.6&#8243; _module_preset=&#8221;default&#8221; global_colors_info=&#8221;{}&#8221;][et_pb_column type=&#8221;4_4&#8243; _builder_version=&#8221;4.17.6&#8243; _module_preset=&#8221;default&#8221; global_colors_info=&#8221;{}&#8221;]<\/p>\n<p>[et_pb_portfolio fullwidth=&#8221;off&#8221; posts_number=&#8221;50&#8243; include_categories=&#8221;14,15,437,137,147,146,145,138,140,150,135,139,136,142,151,144,143,149,141,148,134&#8243; show_categories=&#8221;off&#8221; _builder_version=&#8221;4.17.6&#8243; _module_preset=&#8221;default&#8221; global_colors_info=&#8221;{}&#8221;][\/et_pb_portfolio]<\/p>\n<p>[\/et_pb_column][\/et_pb_row][et_pb_row _builder_version=&#8221;4.17.6&#8243; _module_preset=&#8221;default&#8221; global_colors_info=&#8221;{}&#8221;][et_pb_column type=&#8221;4_4&#8243; _builder_version=&#8221;4.17.6&#8243; _module_preset=&#8221;default&#8221; global_colors_info=&#8221;{}&#8221;][et_pb_text _builder_version=&#8221;4.17.6&#8243; _module_preset=&#8221;default&#8221; global_colors_info=&#8221;{}&#8221;]<\/p>\n<h2>Importanza delle macchine marcatrici industriali<\/h2>\n<p>L\u2019importanza per i fabbricanti di avere una\u00a0<strong>marcatrice\u00a0<\/strong>adatta al tipo di prodotti che fabbricano \u00e8 che esegua il processo in base al suo ritmo e al tipo di processo di produzione, poich\u00e9 questo accelerer\u00e0 e garantir\u00e0 il buon funzionamento dello stesso.<\/p>\n<p>[\/et_pb_text][\/et_pb_column][\/et_pb_row][et_pb_row _builder_version=&#8221;4.17.6&#8243; _module_preset=&#8221;default&#8221; global_colors_info=&#8221;{}&#8221;][et_pb_column type=&#8221;4_4&#8243; _builder_version=&#8221;4.17.6&#8243; _module_preset=&#8221;default&#8221; global_colors_info=&#8221;{}&#8221;][et_pb_text _builder_version=&#8221;4.17.6&#8243; _module_preset=&#8221;default&#8221; global_colors_info=&#8221;{}&#8221;]<\/p>\n<h3><b>Sistemi di identificazione utilizzati nell\u2019industria<\/b><\/h3>\n<p><span style=\"font-weight: 400;\">Nell\u2019ambito industriale, un\u2019identificazione precisa ed efficiente dei prodotti \u00e8 fondamentale per garantire la <\/span><b>tracciabilit\u00e0<\/b><span style=\"font-weight: 400;\">, la gestione degli stock e la conformit\u00e0 normativa. Di seguito vengono presentati tre sistemi di identificazione ampiamente utilizzati nel settore industriale:<\/span><\/p>\n<h3><b>Marcatura diretta dei pezzi (DPM)<\/b><\/h3>\n<p><span style=\"font-weight: 400;\">La <\/span><b>marcatura diretta dei pezzi<\/b><span style=\"font-weight: 400;\"> \u00e8 una tecnica che consiste nell\u2019incidere informazioni direttamente sulla superficie del prodotto o componente. Questo metodo viene spesso utilizzato per marcare codici di identificazione, numeri di serie e altri dati essenziali. Le tecniche di <\/span><b>marcatura DPM<\/b><span style=\"font-weight: 400;\"> possono includere l\u2019incisione laser, la micropercussione e altre modalit\u00e0.<\/span><\/p>\n<p><span style=\"font-weight: 400;\">I vantaggi della <\/span><b>marcatura DPM<\/b><span style=\"font-weight: 400;\"> comprendono la durabilit\u00e0 e la resistenza della marcatura, garantendo che le informazioni rimangano leggibili anche in condizioni avverse, come alte temperature o esposizione a sostanze chimiche.<\/span><\/p>\n<p><b>Codici a barre<\/b><\/p>\n<p><span style=\"font-weight: 400;\">I <\/span><b>codici a barre<\/b><span style=\"font-weight: 400;\"> sono uno dei sistemi di identificazione pi\u00f9 utilizzati nell\u2019industria. Consistono in una serie di linee e spazi che rappresentano informazioni alfanumeriche. I codici a barre possono essere letti rapidamente dagli scanner, facilitando il processo di identificazione e tracciamento dei prodotti.<\/span><\/p>\n<p><span style=\"font-weight: 400;\">Sono ampiamente utilizzati nella gestione degli inventari, nella logistica e nel commercio al dettaglio. La loro semplicit\u00e0 e il basso costo li rendono una scelta popolare per molte aziende.<\/span><\/p>\n<h3><span style=\"font-weight: 400;\">Codici DataMatrix<\/span><\/h3>\n<p><span style=\"font-weight: 400;\">I <\/span><b>codici DataMatrix<\/b><span style=\"font-weight: 400;\"> sono un tipo di codice bidimensionale che pu\u00f2 contenere una quantit\u00e0 maggiore di informazioni in uno spazio pi\u00f9 ridotto rispetto ai codici a barre tradizionali.<\/span><\/p>\n<p><span style=\"font-weight: 400;\">Questi codici sono ideali per la marcatura di prodotti di piccole dimensioni o con spazi limitati. I <\/span><b>codici DataMatrix<\/b><span style=\"font-weight: 400;\"> sono utilizzati in settori come quello farmaceutico ed elettronico, dove la <\/span><b>tracciabilit\u00e0<\/b><span style=\"font-weight: 400;\"> e le informazioni dettagliate sono essenziali.<\/span><\/p>\n<p><span style=\"font-weight: 400;\">La loro capacit\u00e0 di contenere dati come numeri di serie, date di scadenza e informazioni di produzione li rende uno strumento prezioso per la gestione della qualit\u00e0 e la conformit\u00e0 normativa.<\/span><\/p>\n<p>[\/et_pb_text][et_pb_text _builder_version=&#8221;4.17.6&#8243; _module_preset=&#8221;default&#8221; global_colors_info=&#8221;{}&#8221;]<\/p>\n<h2><span style=\"font-weight: 400;\">Tipi di marcatori industriali disponibili<\/span><\/h2>\n<p><span style=\"font-weight: 400;\">La scelta del tipo di <\/span><b>marcatore industriale<\/b><span style=\"font-weight: 400;\"> \u00e8 fondamentale per garantire la durabilit\u00e0 e la chiarezza della marcatura in una variet\u00e0 di applicazioni.\u00a0<\/span><\/p>\n<p>[\/et_pb_text][\/et_pb_column][\/et_pb_row][et_pb_row _builder_version=&#8221;4.17.6&#8243; _module_preset=&#8221;default&#8221; global_colors_info=&#8221;{}&#8221;][et_pb_column type=&#8221;4_4&#8243; _builder_version=&#8221;4.17.6&#8243; _module_preset=&#8221;default&#8221; global_colors_info=&#8221;{}&#8221;][et_pb_accordion _builder_version=&#8221;4.17.6&#8243; _module_preset=&#8221;default&#8221; border_radii=&#8221;on|1px|1px|1px|1px&#8221; border_color_all=&#8221;rgba(58,58,58,0)&#8221; border_style_all=&#8221;dashed&#8221; locked=&#8221;off&#8221; global_colors_info=&#8221;{}&#8221;][et_pb_accordion_item title=&#8221;Marcatori a micropercussione&#8221; open_toggle_text_color=&#8221;#000000&#8243; closed_toggle_background_color=&#8221;#f6d64d&#8221; icon_color=&#8221;#000000&#8243; _builder_version=&#8221;4.16&#8243; _module_preset=&#8221;default&#8221; body_text_color=&#8221;#000000&#8243; border_color_all=&#8221;#000000&#8243; border_style_all=&#8221;solid&#8221; global_colors_info=&#8221;{}&#8221; toggle_text_color=&#8221;#000000&#8243; toggle_level=&#8221;h3&#8243; open=&#8221;on&#8221;]<\/p>\n<p><span style=\"font-weight: 400;\">I <\/span><b>marcatori a micropercussione<\/b><span style=\"font-weight: 400;\"> utilizzano un punzone con punta in carburo a rapida oscillazione, controllato elettronicamente, per eseguire la marcatura sulla superficie desiderata. Questo metodo \u00e8 adatto per marcare metalli e plastiche, poich\u00e9 produce incisioni permanenti e resistenti a condizioni ambientali avverse.<\/span><\/p>\n<p><span style=\"font-weight: 400;\">La <\/span><b>micropercussione<\/b><span style=\"font-weight: 400;\"> \u00e8 ideale per applicazioni che richiedono elevata precisione, come l\u2019identificazione di componenti nella produzione industriale e nel settore automobilistico.<\/span><\/p>\n<p>[\/et_pb_accordion_item][et_pb_accordion_item title=&#8221;Marcatrici laser&#8221; open=&#8221;off&#8221; open_toggle_text_color=&#8221;#000000&#8243; closed_toggle_background_color=&#8221;#f6d64d&#8221; icon_color=&#8221;#000000&#8243; _builder_version=&#8221;4.17.6&#8243; _module_preset=&#8221;default&#8221; body_text_color=&#8221;#000000&#8243; border_color_all=&#8221;#000000&#8243; border_style_all=&#8221;solid&#8221; global_colors_info=&#8221;{}&#8221; toggle_text_color=&#8221;#000000&#8243; toggle_level=&#8221;h3&#8243;]<\/p>\n<p><span style=\"font-weight: 400;\">I <\/span><b>marcatori laser<\/b><span style=\"font-weight: 400;\"> utilizzano un raggio laser per eseguire incisioni o tagli precisi su una vasta gamma di materiali, inclusi metalli, plastiche, vetro e legno. Questo metodo offre una qualit\u00e0 di marcatura eccezionale, con alta risoluzione e senza contatto fisico.<\/span><\/p>\n<p><span style=\"font-weight: 400;\">I <\/span><b>marcatori laser<\/b><span style=\"font-weight: 400;\"> sono versatili e vengono impiegati in numerose applicazioni, dalla creazione di codici QR alla personalizzazione dei prodotti. Inoltre, la loro capacit\u00e0 di funzionamento rapido li rende ideali per ambienti di produzione ad alta velocit\u00e0.<\/span><\/p>\n<p>[\/et_pb_accordion_item][et_pb_accordion_item title=&#8221;Marcatrici a graffio&#8221; open_toggle_text_color=&#8221;#000000&#8243; closed_toggle_background_color=&#8221;#f6d64d&#8221; icon_color=&#8221;#000000&#8243; _builder_version=&#8221;4.16&#8243; _module_preset=&#8221;default&#8221; body_text_color=&#8221;#000000&#8243; border_color_all=&#8221;#000000&#8243; border_style_all=&#8221;solid&#8221; global_colors_info=&#8221;{}&#8221; toggle_text_color=&#8221;#000000&#8243; toggle_level=&#8221;h3&#8243; open=&#8221;off&#8221;]<\/p>\n<p><span style=\"font-weight: 400;\">Questo tipo di marcatura si caratterizza per l\u2019utilizzo di un sistema con punta in diamante o carburo che, mediante pressione pneumatica, crea un\u2019incisione profonda, definita e precisa sulla superficie.<\/span><\/p>\n<p><span style=\"font-weight: 400;\">\u00c8 un sistema molto silenzioso che utilizza tratti continui e nitidi con finiture di alta qualit\u00e0, adatto sia a dimensioni piccole che grandi. Le sue applicazioni sono varie e particolarmente richieste nei settori siderurgico, automobilistico e aeronautico.<\/span><\/p>\n<p><span style=\"font-weight: 400;\">Tra i materiali che permettono questo tipo di marcatura troviamo: plastica, leghe e acciaio inox.<\/span><\/p>\n<p>[\/et_pb_accordion_item][et_pb_accordion_item title=&#8221;Marcatori compatibili con l\u2019Industria 4.0&#8243; open_toggle_text_color=&#8221;#000000&#8243; closed_toggle_background_color=&#8221;#f6d64d&#8221; icon_color=&#8221;#000000&#8243; _builder_version=&#8221;4.16&#8243; _module_preset=&#8221;default&#8221; body_text_color=&#8221;#000000&#8243; border_color_all=&#8221;#000000&#8243; border_style_all=&#8221;solid&#8221; global_colors_info=&#8221;{}&#8221; toggle_text_color=&#8221;#000000&#8243; toggle_level=&#8221;h3&#8243; open=&#8221;off&#8221;]<\/p>\n<p><span style=\"font-weight: 400;\">I <\/span><b>marcatori compatibili con l\u2019Industria 4.0<\/b><span style=\"font-weight: 400;\"> sono progettati per integrarsi con sistemi di produzione automatizzati e connessi. Questi dispositivi possono comunicare con altri macchinari e software gestionali, consentendo una marcatura pi\u00f9 efficiente e la raccolta di dati in tempo reale.<\/span><\/p>\n<p><span style=\"font-weight: 400;\">Questo tipo di <\/span><b>marcatori integrabili<\/b><span style=\"font-weight: 400;\"> spesso include funzioni avanzate come il monitoraggio remoto, la personalizzazione automatica dei dati e la capacit\u00e0 di adattarsi a diverse linee di produzione. La loro implementazione \u00e8 fondamentale per le aziende che vogliono ottimizzare i processi e adottare tecnologie di produzione intelligente.<\/span><\/p>\n<p>[\/et_pb_accordion_item][\/et_pb_accordion][\/et_pb_column][\/et_pb_row][\/et_pb_section]<\/p>\n","protected":false},"excerpt":{"rendered":"<p>Tabelloni TROVA IL TUO MARCATORE \n\t\t\t\t<form action=\"\" method=\"post\" class=\"searchandfilter\">\n\t\t\t\t\t<div><ul><li><select  name='ofconfiguracion' id='ofconfiguracion' class='postform'>\n\t<option value='0' selected='selected'>Configurazioni<\/option>\n\t<option class=\"level-0\" value=\"336\">01_Integrabile<\/option>\n\t<option class=\"level-0\" value=\"337\">02_Port\u00e1til<\/option>\n\t<option class=\"level-0\" value=\"338\">03_Da Tavolo<\/option>\n\t<option class=\"level-0\" value=\"339\">04_Mista<\/option>\n<\/select>\n<input type=\"hidden\" name=\"ofconfiguracion_operator\" value=\"and\" \/><\/li><li><select  name='ofarea_marcado' id='ofarea_marcado' class='postform'>\n\t<option value='0' selected='selected'>Area di Marcatura<\/option>\n\t<option class=\"level-0\" value=\"198\">01_50x17<\/option>\n\t<option class=\"level-0\" value=\"196\">02_100x17<\/option>\n\t<option class=\"level-0\" value=\"203\">03_160x17<\/option>\n\t<option class=\"level-0\" value=\"210\">04_90x60<\/option>\n\t<option class=\"level-0\" value=\"218\">05_150x100<\/option>\n\t<option class=\"level-0\" value=\"223\">06_72x35<\/option>\n\t<option class=\"level-0\" value=\"228\">07_200x35<\/option>\n\t<option class=\"level-0\" value=\"488\">60&#215;40<\/option>\n<\/select>\n<input type=\"hidden\" name=\"ofarea_marcado_operator\" value=\"and\" \/><\/li><li><input type=\"hidden\" id=\"_searchandfilter_nonce\" name=\"_searchandfilter_nonce\" value=\"4a39bc5f22\" \/><input type=\"hidden\" name=\"_wp_http_referer\" value=\"\/it\/wp-json\/wp\/v2\/pages\/28228\" \/><input type=\"hidden\" name=\"ofsubmitted\" value=\"1\"><input type=\"submit\" value=\"FILTRA SEGNALIBRI\"><\/li><\/ul><\/div><\/form> Marcatrici Industriali | Soluzioni di Marcatura Professionale\u00a0 I marcatori industriali sono strumenti fondamentali che permettono alle aziende di garantire la qualit\u00e0 e la conformit\u00e0 dei loro prodotti, ottimizzando al contempo i processi produttivi. In COUTH siamo consapevoli che le macchine di marcatura industriale svolgono proprio il [&hellip;]<\/p>\n","protected":false},"author":9,"featured_media":0,"parent":0,"menu_order":105,"comment_status":"closed","ping_status":"closed","template":"","meta":{"_et_pb_use_builder":"on","_et_pb_old_content":"","_et_gb_content_width":"","footnotes":""},"class_list":["post-28228","page","type-page","status-publish","hentry"],"_links":{"self":[{"href":"https:\/\/www.couth.com\/it\/wp-json\/wp\/v2\/pages\/28228","targetHints":{"allow":["GET"]}}],"collection":[{"href":"https:\/\/www.couth.com\/it\/wp-json\/wp\/v2\/pages"}],"about":[{"href":"https:\/\/www.couth.com\/it\/wp-json\/wp\/v2\/types\/page"}],"author":[{"embeddable":true,"href":"https:\/\/www.couth.com\/it\/wp-json\/wp\/v2\/users\/9"}],"replies":[{"embeddable":true,"href":"https:\/\/www.couth.com\/it\/wp-json\/wp\/v2\/comments?post=28228"}],"version-history":[{"count":11,"href":"https:\/\/www.couth.com\/it\/wp-json\/wp\/v2\/pages\/28228\/revisions"}],"predecessor-version":[{"id":36022,"href":"https:\/\/www.couth.com\/it\/wp-json\/wp\/v2\/pages\/28228\/revisions\/36022"}],"wp:attachment":[{"href":"https:\/\/www.couth.com\/it\/wp-json\/wp\/v2\/media?parent=28228"}],"curies":[{"name":"wp","href":"https:\/\/api.w.org\/{rel}","templated":true}]}}