{"id":20285,"date":"2021-07-08T14:07:32","date_gmt":"2021-07-08T12:07:32","guid":{"rendered":"https:\/\/www.couth.com\/?page_id=20285"},"modified":"2025-05-21T15:37:55","modified_gmt":"2025-05-21T13:37:55","slug":"lavora-con-noi","status":"publish","type":"page","link":"https:\/\/www.couth.com\/it\/lavora-con-noi\/","title":{"rendered":"Lavora con noi"},"content":{"rendered":"<p>[et_pb_section bb_built=&#8221;1&#8243; _builder_version=&#8221;4.9.4&#8243; _module_preset=&#8221;default&#8221; background_image=&#8221;https:\/\/www.couth.com\/wp-content\/uploads\/2021\/04\/Banner_marcaje.jpg&#8221; custom_padding=&#8221;20px||20px||true|false&#8221; next_background_color=&#8221;#ffffff&#8221;][et_pb_row _builder_version=&#8221;4.9.4&#8243; _module_preset=&#8221;default&#8221; custom_padding=&#8221;0px||0px||true|false&#8221;][et_pb_column type=&#8221;4_4&#8243; _builder_version=&#8221;4.9.4&#8243; _module_preset=&#8221;default&#8221;][et_pb_cta title=&#8221;Lavora con noi&#8221; button_url=&#8221;#formulario&#8221; _builder_version=&#8221;4.27.0&#8243; _module_preset=&#8221;default&#8221; header_level=&#8221;h1&#8243; header_font=&#8221;|600|||||||&#8221; header_font_size=&#8221;45px&#8221; body_font=&#8221;|300|||||||&#8221; background_enable_color=&#8221;off&#8221; custom_button=&#8221;on&#8221; button_use_icon=&#8221;off&#8221; button_custom_margin=&#8221;20px||||false|false&#8221; button_custom_margin_tablet=&#8221;10px||||false|false&#8221; button_custom_margin_phone=&#8221;0px||||false|false&#8221; button_custom_margin_last_edited=&#8221;on|tablet&#8221; custom_padding=&#8221;0px||0px||true|false&#8221; header_font_size_tablet=&#8221;40px&#8221; header_font_size_phone=&#8221;30px&#8221; header_font_size_last_edited=&#8221;on|phone&#8221; body_font_size_tablet=&#8221;30px&#8221; body_font_size_phone=&#8221;21px&#8221; body_font_size_last_edited=&#8221;on|tablet&#8221; background_pattern_color=&#8221;rgba(0,0,0,0.2)&#8221; background_mask_color=&#8221;#ffffff&#8221; text_shadow_horizontal_length=&#8221;text_shadow_style,%91object Object%93&#8243; text_shadow_horizontal_length_tablet=&#8221;0px&#8221; text_shadow_vertical_length=&#8221;text_shadow_style,%91object Object%93&#8243; text_shadow_vertical_length_tablet=&#8221;0px&#8221; text_shadow_blur_strength=&#8221;text_shadow_style,%91object Object%93&#8243; text_shadow_blur_strength_tablet=&#8221;1px&#8221; header_text_shadow_horizontal_length=&#8221;header_text_shadow_style,%91object Object%93&#8243; header_text_shadow_horizontal_length_tablet=&#8221;0px&#8221; header_text_shadow_vertical_length=&#8221;header_text_shadow_style,%91object Object%93&#8243; header_text_shadow_vertical_length_tablet=&#8221;0px&#8221; header_text_shadow_blur_strength=&#8221;header_text_shadow_style,%91object Object%93&#8243; header_text_shadow_blur_strength_tablet=&#8221;1px&#8221; body_text_shadow_horizontal_length=&#8221;body_text_shadow_style,%91object Object%93&#8243; body_text_shadow_horizontal_length_tablet=&#8221;0px&#8221; body_text_shadow_vertical_length=&#8221;body_text_shadow_style,%91object Object%93&#8243; body_text_shadow_vertical_length_tablet=&#8221;0px&#8221; body_text_shadow_blur_strength=&#8221;body_text_shadow_style,%91object Object%93&#8243; body_text_shadow_blur_strength_tablet=&#8221;1px&#8221; body_link_text_shadow_horizontal_length=&#8221;body_link_text_shadow_style,%91object Object%93&#8243; body_link_text_shadow_horizontal_length_tablet=&#8221;0px&#8221; body_link_text_shadow_vertical_length=&#8221;body_link_text_shadow_style,%91object Object%93&#8243; body_link_text_shadow_vertical_length_tablet=&#8221;0px&#8221; body_link_text_shadow_blur_strength=&#8221;body_link_text_shadow_style,%91object Object%93&#8243; body_link_text_shadow_blur_strength_tablet=&#8221;1px&#8221; body_ul_text_shadow_horizontal_length=&#8221;body_ul_text_shadow_style,%91object Object%93&#8243; body_ul_text_shadow_horizontal_length_tablet=&#8221;0px&#8221; body_ul_text_shadow_vertical_length=&#8221;body_ul_text_shadow_style,%91object Object%93&#8243; body_ul_text_shadow_vertical_length_tablet=&#8221;0px&#8221; body_ul_text_shadow_blur_strength=&#8221;body_ul_text_shadow_style,%91object Object%93&#8243; body_ul_text_shadow_blur_strength_tablet=&#8221;1px&#8221; body_ol_text_shadow_horizontal_length=&#8221;body_ol_text_shadow_style,%91object Object%93&#8243; body_ol_text_shadow_horizontal_length_tablet=&#8221;0px&#8221; body_ol_text_shadow_vertical_length=&#8221;body_ol_text_shadow_style,%91object Object%93&#8243; body_ol_text_shadow_vertical_length_tablet=&#8221;0px&#8221; body_ol_text_shadow_blur_strength=&#8221;body_ol_text_shadow_style,%91object Object%93&#8243; body_ol_text_shadow_blur_strength_tablet=&#8221;1px&#8221; body_quote_text_shadow_horizontal_length=&#8221;body_quote_text_shadow_style,%91object Object%93&#8243; body_quote_text_shadow_horizontal_length_tablet=&#8221;0px&#8221; body_quote_text_shadow_vertical_length=&#8221;body_quote_text_shadow_style,%91object Object%93&#8243; body_quote_text_shadow_vertical_length_tablet=&#8221;0px&#8221; body_quote_text_shadow_blur_strength=&#8221;body_quote_text_shadow_style,%91object Object%93&#8243; body_quote_text_shadow_blur_strength_tablet=&#8221;1px&#8221; button_text_shadow_horizontal_length=&#8221;button_text_shadow_style,%91object Object%93&#8243; button_text_shadow_horizontal_length_tablet=&#8221;0px&#8221; button_text_shadow_vertical_length=&#8221;button_text_shadow_style,%91object Object%93&#8243; button_text_shadow_vertical_length_tablet=&#8221;0px&#8221; button_text_shadow_blur_strength=&#8221;button_text_shadow_style,%91object Object%93&#8243; button_text_shadow_blur_strength_tablet=&#8221;1px&#8221; box_shadow_horizontal_button_tablet=&#8221;0px&#8221; box_shadow_vertical_button_tablet=&#8221;0px&#8221; box_shadow_blur_button_tablet=&#8221;40px&#8221; box_shadow_spread_button_tablet=&#8221;0px&#8221; box_shadow_horizontal_tablet=&#8221;0px&#8221; box_shadow_vertical_tablet=&#8221;0px&#8221; box_shadow_blur_tablet=&#8221;40px&#8221; box_shadow_spread_tablet=&#8221;0px&#8221; vertical_offset_tablet=&#8221;0&#8243; horizontal_offset_tablet=&#8221;0&#8243; z_index_tablet=&#8221;0&#8243; \/][\/et_pb_column][\/et_pb_row][\/et_pb_section][et_pb_section bb_built=&#8221;1&#8243; admin_label=&#8221;About Us&#8221; custom_padding_last_edited=&#8221;on|phone&#8221; _builder_version=&#8221;4.9.4&#8243; custom_padding=&#8221;||||false&#8221; custom_padding_phone=&#8221;20px||20px||true|false&#8221; prev_background_color=&#8221;#000000&#8243;][et_pb_row custom_padding_last_edited=&#8221;off|desktop&#8221; _builder_version=&#8221;4.9.4&#8243; _module_preset=&#8221;default&#8221; custom_padding_phone=&#8221;||0px||false|false&#8221; custom_css_main_element=&#8221;display:flex;||flex-direction: row;||align-items: center;&#8221; custom_css_main_element_last_edited=&#8221;on|tablet&#8221; custom_css_main_element_tablet=&#8221;display:flex;||flex-direction:column-reverse;&#8221;][et_pb_column type=&#8221;4_4&#8243; _builder_version=&#8221;4.9.4&#8243; _module_preset=&#8221;default&#8221;][et_pb_text _builder_version=&#8221;4.27.0&#8243; _module_preset=&#8221;default&#8221; text_font=&#8221;|300|||||||&#8221; text_font_size=&#8221;20px&#8221; header_2_font=&#8221;|600|||||||&#8221; header_2_font_size=&#8221;24px&#8221; header_3_font=&#8221;||||||||&#8221; text_font_size_phone=&#8221;16px&#8221; text_font_size_last_edited=&#8221;on|phone&#8221; header_2_font_size_phone=&#8221;21px&#8221; header_2_font_size_last_edited=&#8221;on|desktop&#8221; header_3_font_size_phone=&#8221;21px&#8221; header_3_font_size_last_edited=&#8221;off|phone&#8221; text_orientation_tablet=&#8221;center&#8221; text_orientation_last_edited=&#8221;on|tablet&#8221;]<\/p>\n<p><span style=\"font-weight: 400;\">LAVORA CON NOI<\/span><\/p>\n<h2>UNISCITI A COUTH\u00ae!<\/h2>\n<p>[\/et_pb_text][et_pb_text _builder_version=&#8221;4.9.7&#8243; _module_preset=&#8221;default&#8221; text_orientation=&#8221;justified&#8221; text_font_size_tablet=&#8221;16px&#8221; text_font_size_phone=&#8221;14px&#8221; text_font_size_last_edited=&#8221;on|phone&#8221; text_orientation_tablet=&#8221;center&#8221; text_orientation_last_edited=&#8221;on|tablet&#8221;]<\/p>\n<p>Specialisti di marcatura industriale.<\/p>\n<p>Tutte le persone della nostra organizzazione sono, insieme all&#8217;innovazione, il pilastro principale del marchio COUTH<sup>\u00ae<\/sup>. La gestione delle persone in COUTH<sup>\u00ae<\/sup> si basa su tre principi: la conoscenza, lo sviluppo personale e l&#8217;impegno.<\/p>\n<p>Conoscenza condivisa attraverso il lavoro di squadra, che permette l&#8217;identificazione delle opportunit\u00e0 e la generazione di motivazione. Con il conseguente sviluppo personale attraverso il miglioramento delle competenze che favorisce la promozione interna. Nonch\u00e9 l&#8217;impegno; delle persone dell&#8217;organizzazione, attraverso il senso di appartenenza, e dell&#8217;azienda con le persone, attraverso lo sviluppo personale e professionale.<\/p>\n<p>In COUTH<sup>\u00ae<\/sup> cerchiamo e promuoviamo le pari opportunit\u00e0, la conciliazione della vita personale e professionale e la qualit\u00e0 nel lavoro, affinch\u00e9 la soddisfazione dei nostri clienti si basi sulla soddisfazione delle persone che costituiscono il progetto COUTH<sup>\u00ae<\/sup>.<\/p>\n<p>[\/et_pb_text][\/et_pb_column][\/et_pb_row][et_pb_row _builder_version=&#8221;4.9.4&#8243; _module_preset=&#8221;default&#8221;][et_pb_column type=&#8221;4_4&#8243; _builder_version=&#8221;4.9.4&#8243; _module_preset=&#8221;default&#8221;][et_pb_text _builder_version=&#8221;4.9.7&#8243; _module_preset=&#8221;default&#8221; text_font=&#8221;|300|||||||&#8221; text_text_color=&#8221;#000000&#8243; text_font_size=&#8221;20px&#8221; header_2_font=&#8221;|600|||||||&#8221; header_2_font_size=&#8221;24px&#8221; header_3_font=&#8221;||||||||&#8221; text_font_size_phone=&#8221;16px&#8221; text_font_size_last_edited=&#8221;on|phone&#8221; header_2_font_size_phone=&#8221;21px&#8221; header_2_font_size_last_edited=&#8221;on|desktop&#8221; header_3_font_size_phone=&#8221;21px&#8221; header_3_font_size_last_edited=&#8221;off|phone&#8221; text_orientation_tablet=&#8221;center&#8221; text_orientation_last_edited=&#8221;on|tablet&#8221;]<\/p>\n<p><span style=\"font-weight: 400;\">LAVORA CON NOI<\/span><\/p>\n<h2>INVIACI IL TUO CURRICULUM<\/h2>\n<p>[\/et_pb_text][\/et_pb_column][\/et_pb_row][et_pb_row use_custom_gutter=&#8221;on&#8221; make_equal=&#8221;on&#8221; _builder_version=&#8221;4.9.4&#8243; _module_preset=&#8221;default&#8221; width_phone=&#8221;90%&#8221; width_last_edited=&#8221;off|desktop&#8221; height_tablet=&#8221;1500px&#8221; height_phone=&#8221;1670px&#8221; height_last_edited=&#8221;off|desktop&#8221; custom_margin_tablet=&#8221;-250px||-100px||false|false&#8221; custom_margin_phone=&#8221;0px||0px||false|false&#8221; custom_margin_last_edited=&#8221;off|desktop&#8221; custom_padding=&#8221;0px||||false|false&#8221;][et_pb_column type=&#8221;4_4&#8243; _builder_version=&#8221;4.9.4&#8243; _module_preset=&#8221;default&#8221;][et_pb_text _builder_version=&#8221;4.9.7&#8243; _module_preset=&#8221;default&#8221; hover_enabled=&#8221;0&#8243; sticky_enabled=&#8221;0&#8243;]<\/p>\n\n<div class=\"wpcf7 no-js\" id=\"wpcf7-f20394-o1\" lang=\"es-ES\" dir=\"ltr\" data-wpcf7-id=\"20394\">\n<div class=\"screen-reader-response\"><p role=\"status\" aria-live=\"polite\" aria-atomic=\"true\"><\/p> <ul><\/ul><\/div>\n<form action=\"\/it\/wp-json\/wp\/v2\/pages\/20285#wpcf7-f20394-o1\" method=\"post\" class=\"wpcf7-form init\" aria-label=\"Formulario de contacto\" enctype=\"multipart\/form-data\" novalidate=\"novalidate\" data-status=\"init\">\n<fieldset class=\"hidden-fields-container\"><input type=\"hidden\" name=\"_wpcf7\" value=\"20394\" \/><input type=\"hidden\" name=\"_wpcf7_version\" value=\"6.1.5\" \/><input type=\"hidden\" name=\"_wpcf7_locale\" value=\"es_ES\" \/><input type=\"hidden\" name=\"_wpcf7_unit_tag\" value=\"wpcf7-f20394-o1\" \/><input type=\"hidden\" name=\"_wpcf7_container_post\" value=\"0\" \/><input type=\"hidden\" name=\"_wpcf7_posted_data_hash\" value=\"\" \/><input type=\"hidden\" name=\"_wpcf7_recaptcha_response\" value=\"\" \/>\n<\/fieldset>\n<p><span style=\"font-size:13px;\">*Tutti i campi sono obbligatori<\/span>\n<\/p>\n<div class=\"row-form\">\n\t<p><span class=\"wpcf7-form-control-wrap\" data-name=\"nombre\"><input size=\"40\" maxlength=\"400\" class=\"wpcf7-form-control wpcf7-text wpcf7-validates-as-required\" aria-required=\"true\" aria-invalid=\"false\" placeholder=\"Nome*\" value=\"\" type=\"text\" name=\"nombre\" \/><\/span><span class=\"wpcf7-form-control-wrap\" data-name=\"apellido\"><input size=\"40\" maxlength=\"400\" class=\"wpcf7-form-control wpcf7-text wpcf7-validates-as-required\" aria-required=\"true\" aria-invalid=\"false\" placeholder=\"Cognome*\" value=\"\" type=\"text\" name=\"apellido\" \/><\/span>\n\t<\/p>\n<\/div>\n<div class=\"row-form\">\n\t<p><span class=\"wpcf7-form-control-wrap\" data-name=\"provincia\"><input size=\"40\" maxlength=\"400\" class=\"wpcf7-form-control wpcf7-text wpcf7-validates-as-required\" aria-required=\"true\" aria-invalid=\"false\" placeholder=\"Provincia*\" value=\"\" type=\"text\" name=\"provincia\" \/><\/span><span class=\"wpcf7-form-control-wrap\" data-name=\"pais\"><input size=\"40\" maxlength=\"400\" class=\"wpcf7-form-control wpcf7-text wpcf7-validates-as-required\" aria-required=\"true\" aria-invalid=\"false\" placeholder=\"Paese*\" value=\"\" type=\"text\" name=\"pais\" \/><\/span>\n\t<\/p>\n<\/div>\n<div class=\"row-form\">\n\t<div class=\"codigo-postal\">\n\t\t<p><span class=\"wpcf7-form-control-wrap\" data-name=\"codigo-postal\"><input size=\"40\" maxlength=\"5\" minlength=\"5\" class=\"wpcf7-form-control wpcf7-text wpcf7-validates-as-required wpcf7-numbers-only\" aria-required=\"true\" aria-invalid=\"false\" placeholder=\"Codice postale*\" value=\"\" type=\"text\" name=\"codigo-postal\" \/><\/span>\n\t\t<\/p>\n\t<\/div>\n<\/div>\n<div class=\"row-form\">\n\t<p><span class=\"wpcf7-form-control-wrap\" data-name=\"telefono\"><input size=\"40\" maxlength=\"400\" class=\"wpcf7-form-control wpcf7-tel wpcf7-validates-as-required wpcf7-text wpcf7-validates-as-tel\" aria-required=\"true\" aria-invalid=\"false\" placeholder=\"Telefono*\" value=\"\" type=\"tel\" name=\"telefono\" \/><\/span><span class=\"wpcf7-form-control-wrap\" data-name=\"email\"><input size=\"40\" maxlength=\"400\" class=\"wpcf7-form-control wpcf7-email wpcf7-validates-as-required wpcf7-text wpcf7-validates-as-email\" aria-required=\"true\" aria-invalid=\"false\" placeholder=\"e-mail*\" value=\"\" type=\"email\" name=\"email\" \/><\/span>\n\t<\/p>\n<\/div>\n<div class=\"row-form\">\n\t<div style=\"width: 100%;\">\n\t\t<p><label>Data di nascita*<\/label><br \/>\n<span class=\"wpcf7-form-control-wrap\" data-name=\"fecha\"><input class=\"wpcf7-form-control wpcf7-date wpcf7-validates-as-required wpcf7-validates-as-date\" aria-required=\"true\" aria-invalid=\"false\" value=\"fecha de nacimiento\" type=\"date\" name=\"fecha\" \/><\/span>\n\t\t<\/p>\n\t<\/div>\n\t<div style=\"width: 100%;\">\n\t\t<p><label>CV* (Obligatorio, pdf\/word)<\/label><br \/>\n<span class=\"wpcf7-form-control-wrap\" data-name=\"subirarchivo\"><input size=\"40\" class=\"wpcf7-form-control wpcf7-file wpcf7-validates-as-required\" accept=\".pdf,.docx\" aria-required=\"true\" aria-invalid=\"false\" type=\"file\" name=\"subirarchivo\" \/><\/span>\n\t\t<\/p>\n\t<\/div>\n<\/div>\n<input class=\"wpcf7-form-control wpcf7-hidden\" value=\"trabajo_it\" type=\"hidden\" name=\"flag\" \/>\n<p><span class=\"wpcf7-form-control-wrap\" data-name=\"consentimiento\"><span class=\"wpcf7-form-control wpcf7-acceptance\"><span class=\"wpcf7-list-item\"><label><input type=\"checkbox\" name=\"consentimiento\" value=\"1\" aria-invalid=\"false\" \/><span class=\"wpcf7-list-item-label\">Ho letto e accetto l'<a href=\"https:\/\/www.couth.com\/it\/protezione-dei-dati-di-carattere-personale-in-base-al-gdpr\/\" target=\"_blank\" rel=\"nofollow\">Informativa sulla Privacy<\/a>.<\/span><\/label><\/span><\/span><\/span>\n<\/p>\n<p><input class=\"wpcf7-form-control wpcf7-submit has-spinner et_pb_button\" type=\"submit\" value=\"INVIA\" \/>\n<\/p><div class=\"wpcf7-response-output\" aria-hidden=\"true\"><\/div>\n<\/form>\n<\/div>\n\n<p>[\/et_pb_text][\/et_pb_column][\/et_pb_row][\/et_pb_section]<\/p>\n","protected":false},"excerpt":{"rendered":"<p>LAVORA CON NOI UNISCITI A COUTH\u00ae! Specialisti di marcatura industriale. Tutte le persone della nostra organizzazione sono, insieme all&#8217;innovazione, il pilastro principale del marchio COUTH\u00ae. La gestione delle persone in COUTH\u00ae si basa su tre principi: la conoscenza, lo sviluppo personale e l&#8217;impegno. Conoscenza condivisa attraverso il lavoro di squadra, che permette l&#8217;identificazione delle opportunit\u00e0 [&hellip;]<\/p>\n","protected":false},"author":1,"featured_media":0,"parent":0,"menu_order":85,"comment_status":"closed","ping_status":"closed","template":"","meta":{"_et_pb_use_builder":"on","_et_pb_old_content":"","_et_gb_content_width":"","footnotes":""},"class_list":["post-20285","page","type-page","status-publish","hentry"],"_links":{"self":[{"href":"https:\/\/www.couth.com\/it\/wp-json\/wp\/v2\/pages\/20285","targetHints":{"allow":["GET"]}}],"collection":[{"href":"https:\/\/www.couth.com\/it\/wp-json\/wp\/v2\/pages"}],"about":[{"href":"https:\/\/www.couth.com\/it\/wp-json\/wp\/v2\/types\/page"}],"author":[{"embeddable":true,"href":"https:\/\/www.couth.com\/it\/wp-json\/wp\/v2\/users\/1"}],"replies":[{"embeddable":true,"href":"https:\/\/www.couth.com\/it\/wp-json\/wp\/v2\/comments?post=20285"}],"version-history":[{"count":7,"href":"https:\/\/www.couth.com\/it\/wp-json\/wp\/v2\/pages\/20285\/revisions"}],"predecessor-version":[{"id":35127,"href":"https:\/\/www.couth.com\/it\/wp-json\/wp\/v2\/pages\/20285\/revisions\/35127"}],"wp:attachment":[{"href":"https:\/\/www.couth.com\/it\/wp-json\/wp\/v2\/media?parent=20285"}],"curies":[{"name":"wp","href":"https:\/\/api.w.org\/{rel}","templated":true}]}}