{"id":20274,"date":"2021-07-08T13:51:48","date_gmt":"2021-07-08T11:51:48","guid":{"rendered":"https:\/\/www.couth.com\/?page_id=20274"},"modified":"2025-05-21T15:29:41","modified_gmt":"2025-05-21T13:29:41","slug":"chi-siamo","status":"publish","type":"page","link":"https:\/\/www.couth.com\/it\/chi-siamo\/","title":{"rendered":"Chi siamo"},"content":{"rendered":"<p>[et_pb_section bb_built=&#8221;1&#8243; _builder_version=&#8221;4.16&#8243; _module_preset=&#8221;default&#8221; background_image=&#8221;https:\/\/www.couth.com\/wp-content\/uploads\/2021\/04\/Banner_marcaje.jpg&#8221; custom_padding=&#8221;20px||20px||true|false&#8221; global_colors_info=&#8221;{}&#8221; next_background_color=&#8221;#ffffff&#8221;][et_pb_row _builder_version=&#8221;4.16&#8243; _module_preset=&#8221;default&#8221; custom_padding=&#8221;0px||0px||true|false&#8221; global_colors_info=&#8221;{}&#8221;][et_pb_column type=&#8221;4_4&#8243; _builder_version=&#8221;4.16&#8243; _module_preset=&#8221;default&#8221; global_colors_info=&#8221;{}&#8221;][et_pb_cta title=&#8221;Chi siamo&#8221; button_url=&#8221;#formulario&#8221; _builder_version=&#8221;4.16&#8243; _module_preset=&#8221;default&#8221; header_level=&#8221;h1&#8243; header_font=&#8221;|600|||||||&#8221; header_font_size=&#8221;45px&#8221; body_font=&#8221;|300|||||||&#8221; background_enable_color=&#8221;off&#8221; custom_button=&#8221;on&#8221; button_use_icon=&#8221;off&#8221; button_custom_margin=&#8221;20px||||false|false&#8221; button_custom_margin_tablet=&#8221;10px||||false|false&#8221; button_custom_margin_phone=&#8221;0px||||false|false&#8221; button_custom_margin_last_edited=&#8221;on|tablet&#8221; custom_padding=&#8221;0px||0px||true|false&#8221; header_font_size_tablet=&#8221;40px&#8221; header_font_size_phone=&#8221;30px&#8221; header_font_size_last_edited=&#8221;on|phone&#8221; body_font_size_tablet=&#8221;30px&#8221; body_font_size_phone=&#8221;21px&#8221; body_font_size_last_edited=&#8221;on|tablet&#8221; global_colors_info=&#8221;{}&#8221; \/][\/et_pb_column][\/et_pb_row][\/et_pb_section][et_pb_section bb_built=&#8221;1&#8243; admin_label=&#8221;About Us&#8221; custom_padding_last_edited=&#8221;on|phone&#8221; _builder_version=&#8221;4.16&#8243; custom_padding=&#8221;||||false&#8221; custom_padding_tablet=&#8221;||0px||false|false&#8221; custom_padding_phone=&#8221;20px||20px||true|false&#8221; global_colors_info=&#8221;{}&#8221; prev_background_color=&#8221;#000000&#8243; next_background_color=&#8221;#000000&#8243;][et_pb_row column_structure=&#8221;1_2,1_2&#8243; custom_padding_last_edited=&#8221;on|phone&#8221; _builder_version=&#8221;4.16&#8243; _module_preset=&#8221;default&#8221; custom_padding_tablet=&#8221;||0px||false|false&#8221; custom_padding_phone=&#8221;||0px||false|false&#8221; custom_css_main_element=&#8221;display:flex;||flex-direction: row;||align-items: center;&#8221; global_colors_info=&#8221;{}&#8221; custom_css_main_element_last_edited=&#8221;on|tablet&#8221; custom_css_main_element_tablet=&#8221;display:flex;||flex-direction:column-reverse;&#8221; custom_css_main_element_phone=&#8221;display:flex;||flex-direction:column-reverse;&#8221;][et_pb_column type=&#8221;1_2&#8243; _builder_version=&#8221;4.16&#8243; _module_preset=&#8221;default&#8221; global_colors_info=&#8221;{}&#8221;][et_pb_video src=&#8221;https:\/\/youtu.be\/cc55avy5WVM&#8221; _builder_version=&#8221;4.17.6&#8243; _module_preset=&#8221;default&#8221; custom_margin=&#8221;||||false|false&#8221; custom_margin_tablet=&#8221;50px||||false|false&#8221; custom_margin_last_edited=&#8221;on|tablet&#8221; custom_padding_tablet=&#8221;||||false|false&#8221; custom_padding_last_edited=&#8221;off|tablet&#8221; hover_enabled=&#8221;0&#8243; border_width_left=&#8221;6px&#8221; border_color_left=&#8221;#f6d64d&#8221; global_colors_info=&#8221;{}&#8221; sticky_enabled=&#8221;0&#8243; \/][\/et_pb_column][et_pb_column type=&#8221;1_2&#8243; _builder_version=&#8221;4.16&#8243; _module_preset=&#8221;default&#8221; global_colors_info=&#8221;{}&#8221;][et_pb_text _builder_version=&#8221;4.16&#8243; _module_preset=&#8221;default&#8221; text_font=&#8221;|300|||||||&#8221; text_font_size=&#8221;20px&#8221; header_2_font=&#8221;|600|||||||&#8221; header_2_font_size=&#8221;24px&#8221; header_3_font=&#8221;||||||||&#8221; text_font_size_phone=&#8221;16px&#8221; text_font_size_last_edited=&#8221;on|phone&#8221; header_2_font_size_phone=&#8221;21px&#8221; header_2_font_size_last_edited=&#8221;on|desktop&#8221; header_3_font_size_phone=&#8221;21px&#8221; header_3_font_size_last_edited=&#8221;off|phone&#8221; text_orientation_tablet=&#8221;center&#8221; text_orientation_last_edited=&#8221;on|tablet&#8221; global_colors_info=&#8221;{}&#8221;]<\/p>\n<p><span style=\"font-weight: 400;\">CHI SIAMO<\/span><\/p>\n<h2>COUTH<sup>\u00ae <\/sup>INDUSTRIAL MARKING SYSTEMS, S.L.U.<\/h2>\n<p>[\/et_pb_text][et_pb_text _builder_version=&#8221;4.17.6&#8243; _module_preset=&#8221;default&#8221; text_orientation=&#8221;justified&#8221; text_font_size_tablet=&#8221;16px&#8221; text_font_size_phone=&#8221;14px&#8221; text_font_size_last_edited=&#8221;on|phone&#8221; text_orientation_tablet=&#8221;center&#8221; text_orientation_last_edited=&#8221;on|tablet&#8221; global_colors_info=&#8221;{}&#8221;]<\/p>\n<p>Per contribuire alla soddisfazione delle esigenze dei suoi clienti e utenti, COUTH<sup>\u00ae<\/sup> offre soluzioni e prodotti di alta qualit\u00e0 e funzionalit\u00e0 per la marcatura e la tracciabilit\u00e0 industriale. Dal 1954, data di inizio della sua attivit\u00e0, abbiamo progettato e fabbricato macchine sia standard che personalizzate, in varie configurazioni, per i principali settori industriali, nonch\u00e9 per i principali gruppi e aziende di ciascuno di essi.<\/p>\n<p>Le soluzioni offerte da COUTH<sup>\u00ae<\/sup> si basano sulle tecnologie di marcatura a micropercussione, graffio e laser, per il cui sviluppo dedichiamo il 7% delle nostre entrate alla R&amp;S. Se a questo aggiungiamo la conoscenza degli utenti e dei clienti, lo sviluppo delle persone, l&#8217;eccellenza dei processi e un&#8217;eccellente catena di fornitura, abbiamo la base della forza del marchio COUTH<sup>\u00ae<\/sup>. Il nostro orientamento al cliente e la nostra forte presenza internazionale ci permettono di essere presenti in Germania, Messico, Cina e Italia con una nostra filiale e in altri 66 paesi, direttamente o attraverso i nostri distributori. Questa presenza ci consente di servire da vicino i nostri utenti.<\/p>\n<p>[\/et_pb_text][\/et_pb_column][\/et_pb_row][\/et_pb_section][et_pb_section bb_built=&#8221;1&#8243; _builder_version=&#8221;4.16&#8243; _module_preset=&#8221;default&#8221; custom_margin=&#8221;0px||||false|false&#8221; custom_padding=&#8221;0px||||false|false&#8221; global_colors_info=&#8221;{}&#8221; prev_background_color=&#8221;#000000&#8243; next_background_color=&#8221;#f6d64d&#8221;][et_pb_row column_structure=&#8221;1_2,1_2&#8243; _builder_version=&#8221;4.16&#8243; _module_preset=&#8221;default&#8221; custom_css_main_element=&#8221;display:flex;||flex-direction: row;||align-items: center;&#8221; global_colors_info=&#8221;{}&#8221; custom_css_main_element_last_edited=&#8221;on|tablet&#8221; custom_css_main_element_tablet=&#8221;display:flex;||flex-direction: column;&#8221; custom_css_main_element_phone=&#8221;display:flex;||flex-direction: column;&#8221;][et_pb_column type=&#8221;1_2&#8243; _builder_version=&#8221;4.16&#8243; _module_preset=&#8221;default&#8221; global_colors_info=&#8221;{}&#8221;][et_pb_text _builder_version=&#8221;4.16&#8243; _module_preset=&#8221;default&#8221; text_font=&#8221;|300|||||||&#8221; text_font_size=&#8221;20px&#8221; header_2_font=&#8221;|600|||||||&#8221; header_2_font_size=&#8221;24px&#8221; header_3_font=&#8221;||||||||&#8221; custom_margin_phone=&#8221;||||false|false&#8221; custom_margin_last_edited=&#8221;off|phone&#8221; text_font_size_phone=&#8221;16px&#8221; text_font_size_last_edited=&#8221;on|phone&#8221; header_2_font_size_phone=&#8221;21px&#8221; header_2_font_size_last_edited=&#8221;on|desktop&#8221; header_3_font_size_phone=&#8221;21px&#8221; header_3_font_size_last_edited=&#8221;off|phone&#8221; text_orientation_tablet=&#8221;center&#8221; text_orientation_last_edited=&#8221;on|tablet&#8221; global_colors_info=&#8221;{}&#8221;]<\/p>\n<p>PRODOTTI COUTH<\/p>\n<h2>INFORMAZIONI GENERALI SUI PRODOTTI COUTH<sup>\u00ae<\/sup><\/h2>\n<p>[\/et_pb_text][et_pb_text _builder_version=&#8221;4.16&#8243; _module_preset=&#8221;default&#8221; text_orientation=&#8221;justified&#8221; text_font_size_tablet=&#8221;16px&#8221; text_font_size_phone=&#8221;14px&#8221; text_font_size_last_edited=&#8221;on|phone&#8221; text_orientation_tablet=&#8221;center&#8221; text_orientation_last_edited=&#8221;on|tablet&#8221; global_colors_info=&#8221;{}&#8221;]<\/p>\n<p>Nuestra gama abarca diferentes configuraciones para diversas superficies de marcado y profundidades en funci\u00f3n del sector, material y\/o aplicaci\u00f3n. Adem\u00e1s, como especialistas en las tecnolog\u00edas de micro percusi\u00f3n, rayado y l\u00e1ser, podemos dise\u00f1ar y fabricar equipos especiales a medida, en funciones de las especificaciones t\u00e9cnicas y necesidades de cada cliente o usuario.<\/p>\n<p>[\/et_pb_text][\/et_pb_column][et_pb_column type=&#8221;1_2&#8243; _builder_version=&#8221;4.16&#8243; _module_preset=&#8221;default&#8221; global_colors_info=&#8221;{}&#8221;][et_pb_video src=&#8221;https:\/\/www.youtube.com\/watch?v=b0TacWZjpGs&#8221; _builder_version=&#8221;4.17.6&#8243; _module_preset=&#8221;default&#8221; custom_margin=&#8221;0px||||false|false&#8221; custom_margin_tablet=&#8221;||||false|false&#8221; custom_margin_last_edited=&#8221;on|tablet&#8221; border_width_left=&#8221;6px&#8221; border_color_left=&#8221;#f6d64d&#8221; global_colors_info=&#8221;{}&#8221; \/][\/et_pb_column][\/et_pb_row][\/et_pb_section][et_pb_section bb_built=&#8221;1&#8243; _builder_version=&#8221;4.16&#8243; _module_preset=&#8221;default&#8221; background_color=&#8221;#f6d64d&#8221; use_background_color_gradient=&#8221;on&#8221; background_color_gradient_stops=&#8221;#f6d64d 40%|#ffffff 40%&#8221; background_color_gradient_start=&#8221;#f6d64d&#8221; background_color_gradient_start_position=&#8221;40%&#8221; background_color_gradient_end=&#8221;#ffffff&#8221; background_color_gradient_end_position=&#8221;40%&#8221; min_height=&#8221;600px&#8221; custom_margin_phone=&#8221;||||false|false&#8221; custom_margin_last_edited=&#8221;off|desktop&#8221; custom_padding=&#8221;||||false|false&#8221; global_colors_info=&#8221;{}&#8221; prev_background_color=&#8221;#ffffff&#8221;][et_pb_row _builder_version=&#8221;4.16&#8243; _module_preset=&#8221;default&#8221; global_colors_info=&#8221;{}&#8221;][et_pb_column type=&#8221;4_4&#8243; _builder_version=&#8221;4.16&#8243; _module_preset=&#8221;default&#8221; global_colors_info=&#8221;{}&#8221;][et_pb_text _builder_version=&#8221;4.16&#8243; _module_preset=&#8221;default&#8221; text_font=&#8221;|300|||||||&#8221; text_text_color=&#8221;#000000&#8243; text_font_size=&#8221;20px&#8221; header_2_font=&#8221;|600|||||||&#8221; header_2_font_size=&#8221;24px&#8221; header_3_font=&#8221;||||||||&#8221; text_font_size_phone=&#8221;16px&#8221; text_font_size_last_edited=&#8221;on|phone&#8221; header_2_font_size_phone=&#8221;21px&#8221; header_2_font_size_last_edited=&#8221;on|desktop&#8221; header_3_font_size_phone=&#8221;21px&#8221; header_3_font_size_last_edited=&#8221;off|phone&#8221; text_orientation_tablet=&#8221;center&#8221; text_orientation_last_edited=&#8221;on|tablet&#8221; global_colors_info=&#8221;{}&#8221;]<\/p>\n<p><span style=\"font-weight: 400;\">CHI SIAMO<\/span><\/p>\n<h2><b>IL NOSTRO PROFILO<\/b><\/h2>\n<p>[\/et_pb_text][et_pb_text _builder_version=&#8221;4.16&#8243; _module_preset=&#8221;default&#8221; text_text_color=&#8221;#000000&#8243; text_orientation=&#8221;justified&#8221; custom_padding_last_edited=&#8221;on|phone&#8221; text_font_size_tablet=&#8221;16px&#8221; text_font_size_phone=&#8221;14px&#8221; text_font_size_last_edited=&#8221;on|phone&#8221; text_orientation_tablet=&#8221;center&#8221; text_orientation_last_edited=&#8221;on|tablet&#8221; global_colors_info=&#8221;{}&#8221;]<\/p>\n<p>In COUTH<sup>\u00ae<\/sup> offriamo soluzioni innovative e di qualit\u00e0, basate sul contatto costante con i nostri clienti e utenti e sulla conoscenza delle loro esigenze e aspettative. Cerchiamo l&#8217;eccellenza nei nostri processi e la creazione di idee uniche e innovative che aggiungano valore e ne facilitano la realizzazione. Tutte le persone che fanno parte di COUTH<sup>\u00ae<\/sup> si assumono attivamente la responsabilit\u00e0 di raggiungere la loro mission e la loro vision. Per questo lavoriamo in squadra e sviluppiamo le migliori pratiche, promuovendo la trasparenza e i valori etici nel nostro modo di fare rispettando l&#8217;ambiente.<\/p>\n<p>[\/et_pb_text][\/et_pb_column][\/et_pb_row][et_pb_row use_custom_gutter=&#8221;on&#8221; make_equal=&#8221;on&#8221; _builder_version=&#8221;4.16&#8243; _module_preset=&#8221;default&#8221; width_phone=&#8221;90%&#8221; width_last_edited=&#8221;off|desktop&#8221; height_tablet=&#8221;1500px&#8221; height_phone=&#8221;1670px&#8221; height_last_edited=&#8221;off|desktop&#8221; custom_margin_tablet=&#8221;-250px||-100px||false|false&#8221; custom_margin_phone=&#8221;0px||0px||false|false&#8221; custom_margin_last_edited=&#8221;off|desktop&#8221; global_colors_info=&#8221;{}&#8221;][et_pb_column type=&#8221;4_4&#8243; _builder_version=&#8221;4.16&#8243; _module_preset=&#8221;default&#8221; global_colors_info=&#8221;{}&#8221;][et_pb_blurb title=&#8221;INNOVAZIONE&#8221; use_icon=&#8221;on&#8221; font_icon=&#8221;&#xe0ec;||divi||400&#8243; icon_color=&#8221;#f6d64d&#8221; image_icon_width=&#8221;59px&#8221; icon_alignment=&#8221;left&#8221; content_max_width=&#8221;100%&#8221; _builder_version=&#8221;4.16&#8243; _module_preset=&#8221;default&#8221; header_font_size=&#8221;24px&#8221; body_text_align=&#8221;left&#8221; background_color=&#8221;#FFFFFF&#8221; custom_padding=&#8221;50px|50px|50px|50px|true|true&#8221; custom_padding_phone=&#8221;25px|25px|25px|25px|true|true&#8221; custom_padding_last_edited=&#8221;on|phone&#8221; header_font_size_tablet=&#8221;21px&#8221; header_font_size_phone=&#8221;18px&#8221; header_font_size_last_edited=&#8221;on|phone&#8221; body_font_size_tablet=&#8221;16px&#8221; body_font_size_phone=&#8221;14px&#8221; body_font_size_last_edited=&#8221;on|phone&#8221; box_shadow_style=&#8221;preset1&#8243; icon_font_size=&#8221;59px&#8221; global_colors_info=&#8221;{}&#8221;]<\/p>\n<p>L&#8217;innovazione \u00e8 una filosofia che permea la nostra Organizzazione ed \u00e8 una delle ragioni per cui siamo una marca leader nella marcatura e tracciabilit\u00e0 industriale, con l&#8217;assegnazione di risorse che raggiungono il 7% delle nostre entrate per il conseguimento di brevetti internazionali. Consideriamo l&#8217;innovazione al di l\u00e0 del prodotto, e copriamo anche il servizio e i processi al fine di generare valore per i clienti e gli utenti. Includiamo l&#8217;innovazione come linea di comportamento generale, che sistematizza la ricerca di nuove opportunit\u00e0 partendo dalla conoscenza del mercato e, in particolare, dal rapporto con l&#8217;utente.<\/p>\n<p>[\/et_pb_blurb][et_pb_blurb title=&#8221;QUALIT\u00c0&#8221; use_icon=&#8221;on&#8221; font_icon=&#8221;&#xe106;||divi||400&#8243; icon_color=&#8221;#f6d64d&#8221; image_icon_width=&#8221;59px&#8221; icon_alignment=&#8221;left&#8221; content_max_width=&#8221;100%&#8221; _builder_version=&#8221;4.16&#8243; _module_preset=&#8221;default&#8221; header_font_size=&#8221;24px&#8221; body_text_align=&#8221;left&#8221; background_color=&#8221;#FFFFFF&#8221; custom_padding=&#8221;50px|50px|50px|50px|true|true&#8221; custom_padding_phone=&#8221;25px|25px|25px|25px|true|true&#8221; custom_padding_last_edited=&#8221;on|phone&#8221; header_font_size_tablet=&#8221;21px&#8221; header_font_size_phone=&#8221;18px&#8221; header_font_size_last_edited=&#8221;on|phone&#8221; body_font_size_tablet=&#8221;16px&#8221; body_font_size_phone=&#8221;14px&#8221; body_font_size_last_edited=&#8221;on|phone&#8221; box_shadow_style=&#8221;preset1&#8243; icon_font_size=&#8221;59px&#8221; global_colors_info=&#8221;{}&#8221;]<\/p>\n<p><span>COUTH<sup>\u00ae<\/sup>, azienda dedicata alla progettazione, produzione e sviluppo di macchine e soluzioni per la marcatura e la tracciabilit\u00e0 industriale, basa la sua gestione sul miglioramento continuo, attraverso un modello di gestione avanzato basato sulla conformit\u00e0 ai requisiti della Norma UNE-EN ISO 9001. L&#8217;implementazione e lo sviluppo del nostro modello di gestione si basa sui seguenti principi:<\/span><\/p>\n<p><span>\u00a0<\/span><\/p>\n<ul>\n<li><span>Orientamento al cliente e utente: conoscenza delle sue esigenze e aspettative.<\/span><\/li>\n<li><span>Leadership.<\/span><\/li>\n<li><span>Impegno nei confronti delle persone.<\/span><\/li>\n<li><span>Gestione per processi.<\/span><\/li>\n<li><span>Miglioramento continuo.<\/span><\/li>\n<li><spa>Decisioni adottate in base all&#8217;evidenza.<\/spa><\/li>\n<li><span>Comunicazione fluida e di qualit\u00e0.<\/span><\/li>\n<\/ul>\n<p>[\/et_pb_blurb][et_pb_blurb title=&#8221;INTERNAZIONALIZZAZIONE&#8221; use_icon=&#8221;on&#8221; font_icon=&#8221;&#xe0e2;||divi||400&#8243; icon_color=&#8221;#f6d64d&#8221; image_icon_width=&#8221;59px&#8221; icon_alignment=&#8221;left&#8221; content_max_width=&#8221;100%&#8221; _builder_version=&#8221;4.17.6&#8243; _module_preset=&#8221;default&#8221; header_font_size=&#8221;24px&#8221; body_text_align=&#8221;left&#8221; background_color=&#8221;#FFFFFF&#8221; custom_padding=&#8221;50px|50px|50px|50px|true|true&#8221; custom_padding_phone=&#8221;25px|25px|25px|25px|true|true&#8221; custom_padding_last_edited=&#8221;on|phone&#8221; header_font_size_tablet=&#8221;21px&#8221; header_font_size_phone=&#8221;18px&#8221; header_font_size_last_edited=&#8221;on|phone&#8221; body_font_size_tablet=&#8221;16px&#8221; body_font_size_phone=&#8221;14px&#8221; body_font_size_last_edited=&#8221;on|phone&#8221; box_shadow_style=&#8221;preset1&#8243; icon_font_size=&#8221;59px&#8221; global_colors_info=&#8221;{}&#8221;]<\/p>\n<p>Come azienda globale, COUTH<sup>\u00ae<\/sup> \u00e8 presente in tutti e cinque i continenti, con 5 filiali in Germania, Messico, Cina e Italia e in 66 paesi attraverso la sua vasta rete commerciale. Questo ci consente di mantenere un contatto costante con ogni mercato e di conoscere in prima persona le loro esigenze e peculiarit\u00e0, al fine di adattare la nostra offerta alle aspettative dei nostri clienti e utenti, ovunque essi siano.<\/p>\n<p>[\/et_pb_blurb][\/et_pb_column][\/et_pb_row][\/et_pb_section]<\/p>\n","protected":false},"excerpt":{"rendered":"<p>CHI SIAMO COUTH\u00ae INDUSTRIAL MARKING SYSTEMS, S.L.U. Per contribuire alla soddisfazione delle esigenze dei suoi clienti e utenti, COUTH\u00ae offre soluzioni e prodotti di alta qualit\u00e0 e funzionalit\u00e0 per la marcatura e la tracciabilit\u00e0 industriale. Dal 1954, data di inizio della sua attivit\u00e0, abbiamo progettato e fabbricato macchine sia standard che personalizzate, in varie configurazioni, [&hellip;]<\/p>\n","protected":false},"author":1,"featured_media":0,"parent":0,"menu_order":31,"comment_status":"closed","ping_status":"closed","template":"","meta":{"_et_pb_use_builder":"on","_et_pb_old_content":"","_et_gb_content_width":"","footnotes":""},"class_list":["post-20274","page","type-page","status-publish","hentry"],"_links":{"self":[{"href":"https:\/\/www.couth.com\/it\/wp-json\/wp\/v2\/pages\/20274","targetHints":{"allow":["GET"]}}],"collection":[{"href":"https:\/\/www.couth.com\/it\/wp-json\/wp\/v2\/pages"}],"about":[{"href":"https:\/\/www.couth.com\/it\/wp-json\/wp\/v2\/types\/page"}],"author":[{"embeddable":true,"href":"https:\/\/www.couth.com\/it\/wp-json\/wp\/v2\/users\/1"}],"replies":[{"embeddable":true,"href":"https:\/\/www.couth.com\/it\/wp-json\/wp\/v2\/comments?post=20274"}],"version-history":[{"count":9,"href":"https:\/\/www.couth.com\/it\/wp-json\/wp\/v2\/pages\/20274\/revisions"}],"predecessor-version":[{"id":35125,"href":"https:\/\/www.couth.com\/it\/wp-json\/wp\/v2\/pages\/20274\/revisions\/35125"}],"wp:attachment":[{"href":"https:\/\/www.couth.com\/it\/wp-json\/wp\/v2\/media?parent=20274"}],"curies":[{"name":"wp","href":"https:\/\/api.w.org\/{rel}","templated":true}]}}