{"id":28216,"date":"2023-08-22T11:41:50","date_gmt":"2023-08-22T09:41:50","guid":{"rendered":"https:\/\/www.couth.com\/industrial-marking-machines\/"},"modified":"2024-03-20T17:45:05","modified_gmt":"2024-03-20T15:45:05","slug":"industrial-marking-machines","status":"publish","type":"page","link":"https:\/\/www.couth.com\/fr\/industrial-marking-machines\/","title":{"rendered":"Industrial marking machines"},"content":{"rendered":"<p>[et_pb_section fb_built=\u00a0\u00bb1&Prime; custom_padding_last_edited=\u00a0\u00bboff|desktop\u00a0\u00bb _builder_version=\u00a0\u00bb4.16&Prime; _module_preset=\u00a0\u00bbdefault\u00a0\u00bb background_image=\u00a0\u00bbhttps:\/\/www.couth.com\/wp-content\/uploads\/2021\/04\/img_slide_02_micropunto.jpg\u00a0\u00bb custom_padding_phone=\u00a0\u00bb0px||0px||true|false\u00a0\u00bb locked=\u00a0\u00bboff\u00a0\u00bb global_colors_info=\u00a0\u00bb{}\u00a0\u00bb][et_pb_row _builder_version=\u00a0\u00bb4.16&Prime; _module_preset=\u00a0\u00bbdefault\u00a0\u00bb max_width_last_edited=\u00a0\u00bboff|phone\u00a0\u00bb global_colors_info=\u00a0\u00bb{}\u00a0\u00bb][et_pb_column type=\u00a0\u00bb4_4&Prime; _builder_version=\u00a0\u00bb4.16&Prime; _module_preset=\u00a0\u00bbdefault\u00a0\u00bb global_colors_info=\u00a0\u00bb{}\u00a0\u00bb][et_pb_text _builder_version=\u00a0\u00bb4.16&Prime; _module_preset=\u00a0\u00bbdefault\u00a0\u00bb text_text_color=\u00a0\u00bb#FFFFFF\u00a0\u00bb text_font_size=\u00a0\u00bb40px\u00a0\u00bb text_line_height=\u00a0\u00bb1.6em\u00a0\u00bb text_orientation=\u00a0\u00bbcenter\u00a0\u00bb global_colors_info=\u00a0\u00bb{}\u00a0\u00bb]<\/p>\n<p>Tableaux de bord<\/p>\n<p>[\/et_pb_text][\/et_pb_column][\/et_pb_row][\/et_pb_section][et_pb_section fb_built=\u00a0\u00bb1&Prime; _builder_version=\u00a0\u00bb4.17.6&Prime; _module_preset=\u00a0\u00bbdefault\u00a0\u00bb global_colors_info=\u00a0\u00bb{}\u00a0\u00bb][et_pb_row _builder_version=\u00a0\u00bb4.17.6&Prime; _module_preset=\u00a0\u00bbdefault\u00a0\u00bb global_colors_info=\u00a0\u00bb{}\u00a0\u00bb][et_pb_column type=\u00a0\u00bb4_4&Prime; _builder_version=\u00a0\u00bb4.17.6&Prime; _module_preset=\u00a0\u00bbdefault\u00a0\u00bb global_colors_info=\u00a0\u00bb{}\u00a0\u00bb][et_pb_text _builder_version=\u00a0\u00bb4.17.6&Prime; _module_preset=\u00a0\u00bbdefault\u00a0\u00bb global_colors_info=\u00a0\u00bb{}\u00a0\u00bb]<\/p>\n<p>TROUVEZ VOTRE MARQUEUR<\/p>\n<p>[\/et_pb_text][et_pb_text _builder_version=\u00a0\u00bb4.17.6&Prime; _module_preset=\u00a0\u00bbdefault\u00a0\u00bb global_colors_info=\u00a0\u00bb{}\u00a0\u00bb]<\/p>\n\n\t\t\t\t<form action=\"\" method=\"post\" class=\"searchandfilter\">\n\t\t\t\t\t<div><ul><li><select  name='ofconfiguracion' id='ofconfiguracion' class='postform'>\n\t<option value='0' selected='selected'>Configurations<\/option>\n\t<option class=\"level-0\" value=\"396\">01_Int\u00e9grable<\/option>\n\t<option class=\"level-0\" value=\"397\">02_Portable<\/option>\n\t<option class=\"level-0\" value=\"398\">03_De_bureau<\/option>\n\t<option class=\"level-0\" value=\"399\">04_Mixte<\/option>\n<\/select>\n<input type=\"hidden\" name=\"ofconfiguracion_operator\" value=\"and\" \/><\/li><li><select  name='ofarea_marcado' id='ofarea_marcado' class='postform'>\n\t<option value='0' selected='selected'>Surface de marquage<\/option>\n\t<option class=\"level-0\" value=\"199\">01_50x17<\/option>\n\t<option class=\"level-0\" value=\"193\">02_100x17<\/option>\n\t<option class=\"level-0\" value=\"207\">03_160x17<\/option>\n\t<option class=\"level-0\" value=\"209\">04_90x60<\/option>\n\t<option class=\"level-0\" value=\"216\">05_150x100<\/option>\n\t<option class=\"level-0\" value=\"222\">06_72x35<\/option>\n\t<option class=\"level-0\" value=\"229\">07_200x35<\/option>\n\t<option class=\"level-0\" value=\"487\">60&#215;40<\/option>\n<\/select>\n<input type=\"hidden\" name=\"ofarea_marcado_operator\" value=\"and\" \/><\/li><li><input type=\"hidden\" id=\"_searchandfilter_nonce\" name=\"_searchandfilter_nonce\" value=\"4a39bc5f22\" \/><input type=\"hidden\" name=\"_wp_http_referer\" value=\"\/fr\/wp-json\/wp\/v2\/pages\/28216\" \/><input type=\"hidden\" name=\"ofsubmitted\" value=\"1\"><input type=\"submit\" value=\"FILTRE MACHINE DE MARQUAGE\"><\/li><\/ul><\/div><\/form>\n<p>[\/et_pb_text][\/et_pb_column][\/et_pb_row][et_pb_row column_structure=\u00a0\u00bb1_2,1_2&Prime; _builder_version=\u00a0\u00bb4.17.6&Prime; _module_preset=\u00a0\u00bbdefault\u00a0\u00bb global_colors_info=\u00a0\u00bb{}\u00a0\u00bb][et_pb_column type=\u00a0\u00bb1_2&Prime; _builder_version=\u00a0\u00bb4.17.6&Prime; _module_preset=\u00a0\u00bbdefault\u00a0\u00bb global_colors_info=\u00a0\u00bb{}\u00a0\u00bb][et_pb_text _builder_version=\u00a0\u00bb4.17.6&Prime; _module_preset=\u00a0\u00bbdefault\u00a0\u00bb global_colors_info=\u00a0\u00bb{}\u00a0\u00bb]<\/p>\n<h1>Machines de marquage industrielles<\/h1>\n<p>Au sein de la vaste organisation que repr\u00e9sentent la cha\u00eene de production et les approvisionnements, le processus de marquage et la tra\u00e7abilit\u00e9 sont fondamentaux.\u00a0 Au sein de\u00a0<strong>Couth,<\/strong>\u00a0nous savons parfaitement que les\u00a0<a href=\"https:\/\/www.couth.com\/fr\/marqueurs\/\">machines de marquage industrielles<\/a>\u00a0satisfont pr\u00e9cis\u00e9ment \u00e0 leur fonction de marquer, avec clart\u00e9 et pr\u00e9cision, chaque produit n\u00e9cessaire \u00e0 la fabrication, en assurant ainsi l\u2019efficacit\u00e9 des processus.<\/p>\n<p>[\/et_pb_text][\/et_pb_column][et_pb_column type=\u00a0\u00bb1_2&Prime; _builder_version=\u00a0\u00bb4.17.6&Prime; _module_preset=\u00a0\u00bbdefault\u00a0\u00bb global_colors_info=\u00a0\u00bb{}\u00a0\u00bb][et_pb_image src=\u00a0\u00bbhttps:\/\/www.couth.com\/wp-content\/uploads\/2022\/03\/Imagen14-1.jpg\u00a0\u00bb alt=\u00a0\u00bbImagen14 (1)\u00a0\u00bb title_text=\u00a0\u00bbImagen14 (1)\u00a0\u00bb _builder_version=\u00a0\u00bb4.17.6&Prime; _module_preset=\u00a0\u00bbdefault\u00a0\u00bb global_colors_info=\u00a0\u00bb{}\u00a0\u00bb][\/et_pb_image][\/et_pb_column][\/et_pb_row][et_pb_row _builder_version=\u00a0\u00bb4.17.6&Prime; _module_preset=\u00a0\u00bbdefault\u00a0\u00bb global_colors_info=\u00a0\u00bb{}\u00a0\u00bb][et_pb_column type=\u00a0\u00bb4_4&Prime; _builder_version=\u00a0\u00bb4.17.6&Prime; _module_preset=\u00a0\u00bbdefault\u00a0\u00bb global_colors_info=\u00a0\u00bb{}\u00a0\u00bb][et_pb_text _builder_version=\u00a0\u00bb4.17.6&Prime; _module_preset=\u00a0\u00bbdefault\u00a0\u00bb global_colors_info=\u00a0\u00bb{}\u00a0\u00bb]<\/p>\n<h2>Pourquoi le marquage des produits est-il n\u00e9cessaire\u00a0?<\/h2>\n<p>La codification ou le marquage des produits industriels r\u00e9pond \u00e0 une n\u00e9cessit\u00e9 d\u2019<strong>int\u00e9grer toutes les informations et les caract\u00e9ristiques n\u00e9cessaires au contr\u00f4le et \u00e0 l\u2019identification de chaque pi\u00e8ce<\/strong>\u00a0tout au long du processus d\u2019\u00e9laboration, distribution et utilisation.<\/p>\n<p>Il ne faut pas oublier que le marquage comporte plusieurs donn\u00e9es tr\u00e8s utiles, comme le num\u00e9ro de lot et de s\u00e9rie, sa date de fabrication ou d\u2019expiration, et beaucoup d\u2019autres informations importantes qui permettront d\u2019identifier et de localiser la pi\u00e8ce en cas de d\u00e9faillance ou d\u2019erreur. Un proc\u00e9d\u00e9 qui, pour des raisons \u00e9videntes, permet de gagner du temps et de l\u2019argent dans les processus.<\/p>\n<p>[\/et_pb_text][\/et_pb_column][\/et_pb_row][et_pb_row _builder_version=\u00a0\u00bb4.17.6&Prime; _module_preset=\u00a0\u00bbdefault\u00a0\u00bb global_colors_info=\u00a0\u00bb{}\u00a0\u00bb][et_pb_column type=\u00a0\u00bb4_4&Prime; _builder_version=\u00a0\u00bb4.17.6&Prime; _module_preset=\u00a0\u00bbdefault\u00a0\u00bb global_colors_info=\u00a0\u00bb{}\u00a0\u00bb][et_pb_portfolio fullwidth=\u00a0\u00bboff\u00a0\u00bb posts_number=\u00a0\u00bb50&Prime; include_categories=\u00a0\u00bb14,15,437,137,147,146,145,138,140,150,135,139,136,142,151,144,143,149,141,148,134&Prime; show_categories=\u00a0\u00bboff\u00a0\u00bb _builder_version=\u00a0\u00bb4.17.6&Prime; _module_preset=\u00a0\u00bbdefault\u00a0\u00bb global_colors_info=\u00a0\u00bb{}\u00a0\u00bb][\/et_pb_portfolio][\/et_pb_column][\/et_pb_row][et_pb_row _builder_version=\u00a0\u00bb4.17.6&Prime; _module_preset=\u00a0\u00bbdefault\u00a0\u00bb global_colors_info=\u00a0\u00bb{}\u00a0\u00bb][et_pb_column type=\u00a0\u00bb4_4&Prime; _builder_version=\u00a0\u00bb4.17.6&Prime; _module_preset=\u00a0\u00bbdefault\u00a0\u00bb global_colors_info=\u00a0\u00bb{}\u00a0\u00bb][et_pb_text _builder_version=\u00a0\u00bb4.17.6&Prime; _module_preset=\u00a0\u00bbdefault\u00a0\u00bb global_colors_info=\u00a0\u00bb{}\u00a0\u00bb]<\/p>\n<h2>Pourquoi le marquage des produits est-il n\u00e9cessaire\u00a0?<\/h2>\n<p>La codification ou le marquage des produits industriels r\u00e9pond \u00e0 une n\u00e9cessit\u00e9 d\u2019<strong>int\u00e9grer toutes les informations et les caract\u00e9ristiques n\u00e9cessaires au contr\u00f4le et \u00e0 l\u2019identification de chaque pi\u00e8ce<\/strong>\u00a0tout au long du processus d\u2019\u00e9laboration, distribution et utilisation.<\/p>\n<p>Il ne faut pas oublier que le marquage comporte plusieurs donn\u00e9es tr\u00e8s utiles, comme le num\u00e9ro de lot et de s\u00e9rie, sa date de fabrication ou d\u2019expiration, et beaucoup d\u2019autres informations importantes qui permettront d\u2019identifier et de localiser la pi\u00e8ce en cas de d\u00e9faillance ou d\u2019erreur. Un proc\u00e9d\u00e9 qui, pour des raisons \u00e9videntes, permet de gagner du temps et de l\u2019argent dans les processus.<\/p>\n<p>[\/et_pb_text][\/et_pb_column][\/et_pb_row][et_pb_row _builder_version=\u00a0\u00bb4.17.6&Prime; _module_preset=\u00a0\u00bbdefault\u00a0\u00bb global_colors_info=\u00a0\u00bb{}\u00a0\u00bb][et_pb_column type=\u00a0\u00bb4_4&Prime; _builder_version=\u00a0\u00bb4.17.6&Prime; _module_preset=\u00a0\u00bbdefault\u00a0\u00bb global_colors_info=\u00a0\u00bb{}\u00a0\u00bb][et_pb_text _builder_version=\u00a0\u00bb4.17.6&Prime; _module_preset=\u00a0\u00bbdefault\u00a0\u00bb global_colors_info=\u00a0\u00bb{}\u00a0\u00bb]<\/p>\n<h2>Syst\u00e8mes d\u2019identification utilis\u00e9s dans l\u2019industrie<\/h2>\n<p>Il existe\u00a0<strong>divers types d\u2019identification dans l\u2019industrie<\/strong>, mais actuellement, les plus utilis\u00e9s sont les trois suivants\u00a0:<\/p>\n<h3>DPM (ou Marquage direct sur pi\u00e8ce)<\/h3>\n<p>C\u2019est un syst\u00e8me de\u00a0<strong>marquage unique pour chaque pi\u00e8ce<\/strong>, dans lequel la marque pourra contenir des informations exclusives et propres \u00e0 la pi\u00e8ce qui permettront sa tra\u00e7abilit\u00e9 tout au long du processus.<\/p>\n<h3>Code-barres<\/h3>\n<p>Parmi les plus utilis\u00e9s dans l\u2019ensemble de l\u2019industrie depuis des ann\u00e9es. Le code-barre est un\u00a0<strong>dessin avec des barres verticales et des espaces de diff\u00e9rentes \u00e9paisseurs o\u00f9 sont \u00e9galement stock\u00e9es des informations<\/strong>, qui devront \u00eatre lues par un lecteur optique capable de les d\u00e9chiffrer.<\/p>\n<h3>Code Datamatrix<\/h3>\n<p>Il s\u2019agit d\u2019une\u00a0<strong>matrice de donn\u00e9es en 2D dans laquelle l\u2019information est codifi\u00e9e sous forme de cases juxtapos\u00e9es\u00a0<\/strong>de couleurs claires et fonc\u00e9es qui peuvent \u00eatre lues sous diff\u00e9rents angles.<\/p>\n<p>[\/et_pb_text][et_pb_text _builder_version=\u00a0\u00bb4.17.6&Prime; _module_preset=\u00a0\u00bbdefault\u00a0\u00bb global_colors_info=\u00a0\u00bb{}\u00a0\u00bb]<\/p>\n<h2>Types de marqueurs industriels<\/h2>\n<p>Chaque entreprise doit choisir le type de machine de marquage qui s\u2019adapte le mieux \u00e0 ses besoins et heureusement, l\u2019industrie offre plusieurs types de machines capables de satisfaire aux exigences sp\u00e9cifiques de chacune d\u2019elles.<\/p>\n<p>Nous d\u00e9taillerons ici certaines des meilleures et des plus utilis\u00e9es sur le march\u00e9 actuel\u00a0:<\/p>\n<p>[\/et_pb_text][\/et_pb_column][\/et_pb_row][et_pb_row _builder_version=\u00a0\u00bb4.17.6&Prime; _module_preset=\u00a0\u00bbdefault\u00a0\u00bb global_colors_info=\u00a0\u00bb{}\u00a0\u00bb][et_pb_column type=\u00a0\u00bb4_4&Prime; _builder_version=\u00a0\u00bb4.17.6&Prime; _module_preset=\u00a0\u00bbdefault\u00a0\u00bb global_colors_info=\u00a0\u00bb{}\u00a0\u00bb][et_pb_accordion _builder_version=\u00a0\u00bb4.17.6&Prime; _module_preset=\u00a0\u00bbdefault\u00a0\u00bb hover_enabled=\u00a0\u00bb0&Prime; border_radii=\u00a0\u00bbon|1px|1px|1px|1px\u00a0\u00bb border_color_all=\u00a0\u00bbrgba(58,58,58,0)\u00a0\u00bb border_style_all=\u00a0\u00bbdashed\u00a0\u00bb locked=\u00a0\u00bboff\u00a0\u00bb global_colors_info=\u00a0\u00bb{}\u00a0\u00bb sticky_enabled=\u00a0\u00bb0&Prime;][et_pb_accordion_item title=\u00a0\u00bbMachines de marquage par micro-percussion\u00a0\u00bb open=\u00a0\u00bbon\u00a0\u00bb open_toggle_text_color=\u00a0\u00bb#000000&Prime; closed_toggle_background_color=\u00a0\u00bb#f6d64d\u00a0\u00bb icon_color=\u00a0\u00bb#000000&Prime; _builder_version=\u00a0\u00bb4.16&Prime; _module_preset=\u00a0\u00bbdefault\u00a0\u00bb body_text_color=\u00a0\u00bb#000000&Prime; border_color_all=\u00a0\u00bb#000000&Prime; border_style_all=\u00a0\u00bbsolid\u00a0\u00bb global_colors_info=\u00a0\u00bb{}\u00a0\u00bb toggle_text_color=\u00a0\u00bb#000000&Prime; toggle_level=\u00a0\u00bbh3&Prime;]<\/p>\n<h3 class=\"et_pb_toggle_title\">Machines de marquage par micro-percussion<\/h3>\n<div class=\"et_pb_toggle_content clearfix\">\n<p>Un type de marquage simple, \u00e9conomique et tr\u00e8s facile \u00e0 utiliser pour diverses industries. C\u2019est un syst\u00e8me de marquage direct qui utilise un poin\u00e7on \u00e0 pointe carbure \u00e0 oscillation rapide command\u00e9 par une unit\u00e9 \u00e9lectronique pour marquer la surface souhait\u00e9e.<\/p>\n<p>Il peut \u00eatre parfaitement utilis\u00e9 sur divers mat\u00e9riaux, et id\u00e9alement sur\u00a0:<\/p>\n<ul>\n<li>Acier inoxydable<\/li>\n<li>Alliages<\/li>\n<li>Plastiques durs<\/li>\n<\/ul>\n<p>Dans ce type de machines de marquage industrielles, Couth propose\u00a0:<\/p>\n<ul>\n<li><a href=\"https:\/\/www.couth.com\/fr\/marqueurs\/machine-de-marquage-integrable-superfast-micro-percussion-50-x-17-25-u\/\">Machine de marquage int\u00e9grable Superfast Micro-percussion 50\u00a0\u00d7\u00a017-25U<\/a><\/li>\n<li><a href=\"https:\/\/www.couth.com\/fr\/marqueurs\/machine-de-marquage-integrable-marquage-profond-micro-percussion-200-x-35-u\/\">Machine de marquage int\u00e9grable Marquage profond Micro-percussion 200\u00a0x\u00a035U<\/a><\/li>\n<li><a href=\"https:\/\/www.couth.com\/fr\/marqueurs\/machine-de-marquage-portable-standard-micro-percussion-90-x-60-p\/\">Machine de marquage portable Standard Micro-percussion 90\u00a0x\u00a060P<\/a><\/li>\n<\/ul>\n<\/div>\n<p>[\/et_pb_accordion_item][et_pb_accordion_item title=\u00a0\u00bbMachines de marquage laser ou Marqueurs laser\u00a0\u00bb open_toggle_text_color=\u00a0\u00bb#000000&Prime; closed_toggle_background_color=\u00a0\u00bb#f6d64d\u00a0\u00bb icon_color=\u00a0\u00bb#000000&Prime; _builder_version=\u00a0\u00bb4.17.6&Prime; _module_preset=\u00a0\u00bbdefault\u00a0\u00bb body_text_color=\u00a0\u00bb#000000&Prime; hover_enabled=\u00a0\u00bb0&Prime; border_color_all=\u00a0\u00bb#000000&Prime; border_style_all=\u00a0\u00bbsolid\u00a0\u00bb global_colors_info=\u00a0\u00bb{}\u00a0\u00bb toggle_text_color=\u00a0\u00bb#000000&Prime; toggle_level=\u00a0\u00bbh3&Prime; open=\u00a0\u00bboff\u00a0\u00bb sticky_enabled=\u00a0\u00bb0&Prime;]Une autre option parmi les meilleures pour le marquage de pi\u00e8ces. Ce sont des machines qui effectuent des trac\u00e9s pr\u00e9cis et silencieux et qui sont tr\u00e8s polyvalentes puisqu\u2019elles permettent de graver des surfaces ou des zones complexes d\u2019une pi\u00e8ce.<\/p>\n<p>Elles sont id\u00e9ales pour l\u2019industrie automobile et l\u2019a\u00e9ronautique et peuvent \u00eatre utilis\u00e9es sur divers mat\u00e9riaux tels que\u00a0:<\/p>\n<ul>\n<li>Aluminium<\/li>\n<li>Acier<\/li>\n<li>Cuivre<\/li>\n<li>Fer<\/li>\n<li>Certains plastiques durs<\/li>\n<\/ul>\n<p>Dans ce type de machines de marquage industrielles, Couth propose les mod\u00e8les suivants :<\/p>\n<ul>\n<li><a href=\"https:\/\/www.couth.com\/fr\/marqueurs\/couth-laser-fibre\/\">COUTH LASER FIBRE<\/a><\/li>\n<\/ul>\n<p>[\/et_pb_accordion_item][et_pb_accordion_item title=\u00a0\u00bbMachines de marquage par rayage\u00a0\u00bb open_toggle_text_color=\u00a0\u00bb#000000&Prime; closed_toggle_background_color=\u00a0\u00bb#f6d64d\u00a0\u00bb icon_color=\u00a0\u00bb#000000&Prime; _builder_version=\u00a0\u00bb4.16&Prime; _module_preset=\u00a0\u00bbdefault\u00a0\u00bb body_text_color=\u00a0\u00bb#000000&Prime; border_color_all=\u00a0\u00bb#000000&Prime; border_style_all=\u00a0\u00bbsolid\u00a0\u00bb global_colors_info=\u00a0\u00bb{}\u00a0\u00bb toggle_text_color=\u00a0\u00bb#000000&Prime; toggle_level=\u00a0\u00bbh3&Prime; open=\u00a0\u00bboff\u00a0\u00bb]<\/p>\n<p>Ce type de machine se caract\u00e9rise par l\u2019emploi d\u2019un syst\u00e8me \u00e0 pointe diamant et carbure qui, par pression pneumatique, ex\u00e9cute une marque profonde, d\u00e9finie et pr\u00e9cise sur la surface de marquage.<\/p>\n<p>C\u2019est un syst\u00e8me tr\u00e8s silencieux qui utilise des trac\u00e9s continus et nets avec des finitions de haute qualit\u00e9, qui peut \u00eatre utilis\u00e9 sur des pi\u00e8ces de petites et grandes dimensions. Il convient \u00e0 diverses applications, mais il est surtout tr\u00e8s demand\u00e9 par l\u2019industrie de la sid\u00e9rurgie, l\u2019automobile et l\u2019a\u00e9ronautique.<\/p>\n<p>Les mat\u00e9riaux qui permettent ce type de marquage sont, entre autres\u00a0:<\/p>\n<ul>\n<li>Plastiques<\/li>\n<li>Alliages<\/li>\n<li>Acier inoxydable<\/li>\n<\/ul>\n<p>Certaines des machines de marquage par rayage offertes \u00e0 l\u2019industrie par Couth sont :<\/p>\n<ul>\n<li><a href=\"https:\/\/www.couth.com\/fr\/marqueurs\/machine-de-marquage-integrable-superfast-rayage-75-x-15-u\/\">Machine de marquage int\u00e9grable Superfast Rayage 75\u00a0x\u00a015U<\/a><\/li>\n<li><a href=\"https:\/\/www.couth.com\/fr\/marqueurs\/machine-de-marquage-integrable-servo-rayage-120-x-40-u\/\">Machine de marquage int\u00e9grable SERVO Rayage 120\u00a0x\u00a040U<\/a><\/li>\n<\/ul>\n<p><a href=\"https:\/\/www.couth.com\/fr\/marqueurs\/machine-de-marquage-integrable-standard-rayage-60-x-40-u\/\">Machine de marquage int\u00e9grable Standard Rayage 60 x\u00a040U<\/a><\/p>\n<p>[\/et_pb_accordion_item][et_pb_accordion_item title=\u00a0\u00bbMarquage Industriel 4.0&Prime; open_toggle_text_color=\u00a0\u00bb#000000&Prime; closed_toggle_background_color=\u00a0\u00bb#f6d64d\u00a0\u00bb icon_color=\u00a0\u00bb#000000&Prime; _builder_version=\u00a0\u00bb4.16&Prime; _module_preset=\u00a0\u00bbdefault\u00a0\u00bb body_text_color=\u00a0\u00bb#000000&Prime; border_color_all=\u00a0\u00bb#000000&Prime; border_style_all=\u00a0\u00bbsolid\u00a0\u00bb global_colors_info=\u00a0\u00bb{}\u00a0\u00bb toggle_text_color=\u00a0\u00bb#000000&Prime; toggle_level=\u00a0\u00bbh3&Prime; open=\u00a0\u00bboff\u00a0\u00bb]<\/p>\n<p>Les machines de marquage industrielles sont des\u00a0<strong>pi\u00e8ces fondamentales dans le processus final de production\u00a0<\/strong>et la r\u00e9glementation actuelle exige non seulement l\u2019application du marquage mais sa qualit\u00e9 et sa fiabilit\u00e9 absolue.<\/p>\n<p><strong>Couth<\/strong>\u00a0mise sur des machines de marquage et des \u00e9quipements adapt\u00e9s aux besoins de l\u2019industrie 4.0, celle-l\u00e0 m\u00eame qui r\u00e9volutionne le monde technologique actuel et se sert de m\u00e9thodes intelligentes pour am\u00e9liorer et faciliter les processus, \u00e0 la recherche d\u2019une qualit\u00e9 am\u00e9lior\u00e9e et accrue du syst\u00e8me.<\/p>\n<p>[\/et_pb_accordion_item][\/et_pb_accordion][\/et_pb_column][\/et_pb_row][\/et_pb_section]<\/p>\n","protected":false},"excerpt":{"rendered":"<p>Tableaux de bordTROUVEZ VOTRE MARQUEUR\n\t\t\t\t<form action=\"\" method=\"post\" class=\"searchandfilter\">\n\t\t\t\t\t<div><ul><li><select  name='ofconfiguracion' id='ofconfiguracion' class='postform'>\n\t<option value='0' selected='selected'>Configurations<\/option>\n\t<option class=\"level-0\" value=\"396\">01_Int\u00e9grable<\/option>\n\t<option class=\"level-0\" value=\"397\">02_Portable<\/option>\n\t<option class=\"level-0\" value=\"398\">03_De_bureau<\/option>\n\t<option class=\"level-0\" value=\"399\">04_Mixte<\/option>\n<\/select>\n<input type=\"hidden\" name=\"ofconfiguracion_operator\" value=\"and\" \/><\/li><li><select  name='ofarea_marcado' id='ofarea_marcado' class='postform'>\n\t<option value='0' selected='selected'>Surface de marquage<\/option>\n\t<option class=\"level-0\" value=\"199\">01_50x17<\/option>\n\t<option class=\"level-0\" value=\"193\">02_100x17<\/option>\n\t<option class=\"level-0\" value=\"207\">03_160x17<\/option>\n\t<option class=\"level-0\" value=\"209\">04_90x60<\/option>\n\t<option class=\"level-0\" value=\"216\">05_150x100<\/option>\n\t<option class=\"level-0\" value=\"222\">06_72x35<\/option>\n\t<option class=\"level-0\" value=\"229\">07_200x35<\/option>\n\t<option class=\"level-0\" value=\"487\">60&#215;40<\/option>\n<\/select>\n<input type=\"hidden\" name=\"ofarea_marcado_operator\" value=\"and\" \/><\/li><li><input type=\"hidden\" id=\"_searchandfilter_nonce\" name=\"_searchandfilter_nonce\" value=\"4a39bc5f22\" \/><input type=\"hidden\" name=\"_wp_http_referer\" value=\"\/fr\/wp-json\/wp\/v2\/pages\/28216\" \/><input type=\"hidden\" name=\"ofsubmitted\" value=\"1\"><input type=\"submit\" value=\"FILTRE MACHINE DE MARQUAGE\"><\/li><\/ul><\/div><\/form>Machines de marquage industrielles Au sein de la vaste organisation que repr\u00e9sentent la cha\u00eene de production et les approvisionnements, le processus de marquage et la tra\u00e7abilit\u00e9 sont fondamentaux.\u00a0 Au sein de\u00a0Couth,\u00a0nous savons parfaitement que les\u00a0machines de marquage industrielles\u00a0satisfont pr\u00e9cis\u00e9ment \u00e0 leur fonction de marquer, avec clart\u00e9 [&hellip;]<\/p>\n","protected":false},"author":9,"featured_media":0,"parent":0,"menu_order":72,"comment_status":"closed","ping_status":"closed","template":"","meta":{"_et_pb_use_builder":"on","_et_pb_old_content":"","_et_gb_content_width":"","footnotes":""},"class_list":["post-28216","page","type-page","status-publish","hentry"],"_links":{"self":[{"href":"https:\/\/www.couth.com\/fr\/wp-json\/wp\/v2\/pages\/28216","targetHints":{"allow":["GET"]}}],"collection":[{"href":"https:\/\/www.couth.com\/fr\/wp-json\/wp\/v2\/pages"}],"about":[{"href":"https:\/\/www.couth.com\/fr\/wp-json\/wp\/v2\/types\/page"}],"author":[{"embeddable":true,"href":"https:\/\/www.couth.com\/fr\/wp-json\/wp\/v2\/users\/9"}],"replies":[{"embeddable":true,"href":"https:\/\/www.couth.com\/fr\/wp-json\/wp\/v2\/comments?post=28216"}],"version-history":[{"count":6,"href":"https:\/\/www.couth.com\/fr\/wp-json\/wp\/v2\/pages\/28216\/revisions"}],"predecessor-version":[{"id":30867,"href":"https:\/\/www.couth.com\/fr\/wp-json\/wp\/v2\/pages\/28216\/revisions\/30867"}],"wp:attachment":[{"href":"https:\/\/www.couth.com\/fr\/wp-json\/wp\/v2\/media?parent=28216"}],"curies":[{"name":"wp","href":"https:\/\/api.w.org\/{rel}","templated":true}]}}