{"id":22230,"date":"2021-07-14T08:46:21","date_gmt":"2021-07-14T06:46:21","guid":{"rendered":"https:\/\/www.couth.com\/?page_id=22230"},"modified":"2024-12-20T10:24:30","modified_gmt":"2024-12-20T08:24:30","slug":"certificats","status":"publish","type":"page","link":"https:\/\/www.couth.com\/fr\/certificats\/","title":{"rendered":"Certificats"},"content":{"rendered":"<p>[et_pb_section fb_built=\u00a0\u00bb1&Prime; _builder_version=\u00a0\u00bb4.16&Prime; _module_preset=\u00a0\u00bbdefault\u00a0\u00bb background_image=\u00a0\u00bbhttps:\/\/www.couth.com\/wp-content\/uploads\/2021\/04\/Banner_marcaje.jpg\u00a0\u00bb custom_padding=\u00a0\u00bb20px||20px||true|false\u00a0\u00bb global_colors_info=\u00a0\u00bb{}\u00a0\u00bb][et_pb_row _builder_version=\u00a0\u00bb4.16&Prime; _module_preset=\u00a0\u00bbdefault\u00a0\u00bb custom_padding=\u00a0\u00bb0px||0px||true|false\u00a0\u00bb global_colors_info=\u00a0\u00bb{}\u00a0\u00bb][et_pb_column type=\u00a0\u00bb4_4&Prime; _builder_version=\u00a0\u00bb4.16&Prime; _module_preset=\u00a0\u00bbdefault\u00a0\u00bb global_colors_info=\u00a0\u00bb{}\u00a0\u00bb][et_pb_cta title=\u00a0\u00bbCertificats\u00a0\u00bb button_url=\u00a0\u00bb#formulario\u00a0\u00bb _builder_version=\u00a0\u00bb4.16&Prime; _module_preset=\u00a0\u00bbdefault\u00a0\u00bb header_level=\u00a0\u00bbh1&Prime; header_font=\u00a0\u00bb|600|||||||\u00a0\u00bb header_font_size=\u00a0\u00bb45px\u00a0\u00bb body_font=\u00a0\u00bb|300|||||||\u00a0\u00bb background_enable_color=\u00a0\u00bboff\u00a0\u00bb custom_button=\u00a0\u00bbon\u00a0\u00bb button_use_icon=\u00a0\u00bboff\u00a0\u00bb button_custom_margin=\u00a0\u00bb20px||||false|false\u00a0\u00bb button_custom_margin_tablet=\u00a0\u00bb10px||||false|false\u00a0\u00bb button_custom_margin_phone=\u00a0\u00bb0px||||false|false\u00a0\u00bb button_custom_margin_last_edited=\u00a0\u00bbon|tablet\u00a0\u00bb custom_padding=\u00a0\u00bb0px||0px||true|false\u00a0\u00bb header_font_size_tablet=\u00a0\u00bb40px\u00a0\u00bb header_font_size_phone=\u00a0\u00bb30px\u00a0\u00bb header_font_size_last_edited=\u00a0\u00bbon|phone\u00a0\u00bb body_font_size_tablet=\u00a0\u00bb30px\u00a0\u00bb body_font_size_phone=\u00a0\u00bb21px\u00a0\u00bb body_font_size_last_edited=\u00a0\u00bbon|tablet\u00a0\u00bb global_colors_info=\u00a0\u00bb{}\u00a0\u00bb][\/et_pb_cta][\/et_pb_column][\/et_pb_row][\/et_pb_section][et_pb_section fb_built=\u00a0\u00bb1&Prime; custom_padding_last_edited=\u00a0\u00bboff|desktop\u00a0\u00bb admin_label=\u00a0\u00bbAbout Us\u00a0\u00bb _builder_version=\u00a0\u00bb4.16&Prime; custom_padding=\u00a0\u00bb||||false\u00a0\u00bb custom_padding_phone=\u00a0\u00bb20px||20px||true|false\u00a0\u00bb global_colors_info=\u00a0\u00bb{}\u00a0\u00bb][et_pb_row custom_padding_last_edited=\u00a0\u00bboff|desktop\u00a0\u00bb _builder_version=\u00a0\u00bb4.16&Prime; _module_preset=\u00a0\u00bbdefault\u00a0\u00bb custom_padding_phone=\u00a0\u00bb||0px||false|false\u00a0\u00bb custom_css_main_element=\u00a0\u00bbdisplay:flex;||flex-direction: row;||align-items: center;\u00a0\u00bb global_colors_info=\u00a0\u00bb{}\u00a0\u00bb custom_css_main_element_last_edited=\u00a0\u00bbon|tablet\u00a0\u00bb custom_css_main_element_tablet=\u00a0\u00bbdisplay:flex;||flex-direction:column-reverse;\u00a0\u00bb custom_css_main_element_phone=\u00a0\u00bbdisplay:flex;||flex-direction:column-reverse;\u00a0\u00bb][et_pb_column type=\u00a0\u00bb4_4&Prime; _builder_version=\u00a0\u00bb4.16&Prime; _module_preset=\u00a0\u00bbdefault\u00a0\u00bb global_colors_info=\u00a0\u00bb{}\u00a0\u00bb][et_pb_text _builder_version=\u00a0\u00bb4.16&Prime; _module_preset=\u00a0\u00bbdefault\u00a0\u00bb text_font=\u00a0\u00bb|300|||||||\u00a0\u00bb text_font_size=\u00a0\u00bb20px\u00a0\u00bb header_2_font=\u00a0\u00bb|600|||||||\u00a0\u00bb header_2_font_size=\u00a0\u00bb24px\u00a0\u00bb header_3_font=\u00a0\u00bb||||||||\u00a0\u00bb text_font_size_tablet=\u00a0\u00bb\u00a0\u00bb text_font_size_phone=\u00a0\u00bb16px\u00a0\u00bb text_font_size_last_edited=\u00a0\u00bbon|phone\u00a0\u00bb header_2_font_size_tablet=\u00a0\u00bb\u00a0\u00bb header_2_font_size_phone=\u00a0\u00bb21px\u00a0\u00bb header_2_font_size_last_edited=\u00a0\u00bbon|desktop\u00a0\u00bb header_3_font_size_phone=\u00a0\u00bb21px\u00a0\u00bb header_3_font_size_last_edited=\u00a0\u00bboff|phone\u00a0\u00bb text_orientation_tablet=\u00a0\u00bbcenter\u00a0\u00bb text_orientation_phone=\u00a0\u00bb\u00a0\u00bb text_orientation_last_edited=\u00a0\u00bbon|tablet\u00a0\u00bb global_colors_info=\u00a0\u00bb{}\u00a0\u00bb]<\/p>\n<p><span style=\"font-weight: 400;\">CERTIFICATS<\/span><\/p>\n<h2>SYST\u00c8MES DE MANAGEMENT\u00a0: QUALIT\u00c9 ET S\u00c9CURIT\u00c9 DE L\u2019INFORMATION<\/h2>\n<p>[\/et_pb_text][et_pb_text _builder_version=\u00a0\u00bb4.16&Prime; _module_preset=\u00a0\u00bbdefault\u00a0\u00bb text_orientation=\u00a0\u00bbjustified\u00a0\u00bb text_font_size_tablet=\u00a0\u00bb16px\u00a0\u00bb text_font_size_phone=\u00a0\u00bb14px\u00a0\u00bb text_font_size_last_edited=\u00a0\u00bbon|phone\u00a0\u00bb text_orientation_tablet=\u00a0\u00bbcenter\u00a0\u00bb text_orientation_phone=\u00a0\u00bb\u00a0\u00bb text_orientation_last_edited=\u00a0\u00bbon|tablet\u00a0\u00bb global_colors_info=\u00a0\u00bb{}\u00a0\u00bb]Nous avons d\u00e9velopp\u00e9 au sein de COUTH<sup>\u00ae<\/sup>  un Syst\u00e8me de Management de la Qualit\u00e9 certifi\u00e9 suivant la norme ISO 9001, qui s\u2019\u00e9tend \u00e0 toute l\u2019organisation. Notre gestion par processus est orient\u00e9e \u00e0 la satisfaction du client et \u00e0 l\u2019am\u00e9lioration continue (roue de Deming ou PDCA).<\/p>\n<p>Nous offrons des solutions innovantes pour un produit et service de qualit\u00e9, fond\u00e9es sur le contact constant avec nos clients et utilisateurs et sur la connaissance de leurs besoins et de leurs attentes. Nous incorporons l\u2019innovation comme une norme de comportement g\u00e9n\u00e9rale et ciblons la qualit\u00e9 et l\u2019efficacit\u00e9 dans tous nos processus.<\/p>\n<p>Nous puisons notre motivation dans la cr\u00e9ation d\u2019id\u00e9es uniques au sein de strat\u00e9gies et de processus qui ajoutent de la valeur et facilitent leur implantation.[\/et_pb_text][\/et_pb_column][\/et_pb_row][\/et_pb_section][et_pb_section fb_built=\u00a0\u00bb1&Prime; _builder_version=\u00a0\u00bb4.16&Prime; _module_preset=\u00a0\u00bbdefault\u00a0\u00bb background_color=\u00a0\u00bb#f6d64d\u00a0\u00bb use_background_color_gradient=\u00a0\u00bbon\u00a0\u00bb background_color_gradient_stops=\u00a0\u00bb#f6d64d 40%|#ffffff 40%\u00a0\u00bb background_color_gradient_start=\u00a0\u00bb#f6d64d\u00a0\u00bb background_color_gradient_start_position=\u00a0\u00bb40%\u00a0\u00bb background_color_gradient_end=\u00a0\u00bb#ffffff\u00a0\u00bb background_color_gradient_end_position=\u00a0\u00bb40%\u00a0\u00bb min_height=\u00a0\u00bb600px\u00a0\u00bb custom_margin_phone=\u00a0\u00bb||||false|false\u00a0\u00bb custom_margin_last_edited=\u00a0\u00bboff|desktop\u00a0\u00bb custom_padding=\u00a0\u00bb||||false|false\u00a0\u00bb global_colors_info=\u00a0\u00bb{}\u00a0\u00bb][et_pb_row _builder_version=\u00a0\u00bb4.16&Prime; _module_preset=\u00a0\u00bbdefault\u00a0\u00bb global_colors_info=\u00a0\u00bb{}\u00a0\u00bb][et_pb_column type=\u00a0\u00bb4_4&Prime; _builder_version=\u00a0\u00bb4.16&Prime; _module_preset=\u00a0\u00bbdefault\u00a0\u00bb global_colors_info=\u00a0\u00bb{}\u00a0\u00bb][et_pb_text _builder_version=\u00a0\u00bb4.16&Prime; _module_preset=\u00a0\u00bbdefault\u00a0\u00bb text_font=\u00a0\u00bb|300|||||||\u00a0\u00bb text_text_color=\u00a0\u00bb#000000&Prime; text_font_size=\u00a0\u00bb20px\u00a0\u00bb header_2_font=\u00a0\u00bb|600|||||||\u00a0\u00bb header_2_font_size=\u00a0\u00bb24px\u00a0\u00bb header_3_font=\u00a0\u00bb||||||||\u00a0\u00bb text_font_size_tablet=\u00a0\u00bb\u00a0\u00bb text_font_size_phone=\u00a0\u00bb16px\u00a0\u00bb text_font_size_last_edited=\u00a0\u00bbon|phone\u00a0\u00bb header_2_font_size_tablet=\u00a0\u00bb\u00a0\u00bb header_2_font_size_phone=\u00a0\u00bb21px\u00a0\u00bb header_2_font_size_last_edited=\u00a0\u00bbon|desktop\u00a0\u00bb header_3_font_size_phone=\u00a0\u00bb21px\u00a0\u00bb header_3_font_size_last_edited=\u00a0\u00bboff|phone\u00a0\u00bb text_orientation_tablet=\u00a0\u00bbcenter\u00a0\u00bb text_orientation_phone=\u00a0\u00bb\u00a0\u00bb text_orientation_last_edited=\u00a0\u00bbon|tablet\u00a0\u00bb global_colors_info=\u00a0\u00bb{}\u00a0\u00bb]CERTIFICATS<\/p>\n<h2>DOCUMENTS \u00c0 T\u00c9L\u00c9CHARGER<\/h2>\n<p>[\/et_pb_text][\/et_pb_column][\/et_pb_row][et_pb_row column_structure=\u00a0\u00bb1_3,1_3,1_3&Prime; use_custom_gutter=\u00a0\u00bbon\u00a0\u00bb make_equal=\u00a0\u00bbon\u00a0\u00bb _builder_version=\u00a0\u00bb4.16&Prime; _module_preset=\u00a0\u00bbdefault\u00a0\u00bb width_phone=\u00a0\u00bb90%\u00a0\u00bb width_last_edited=\u00a0\u00bboff|desktop\u00a0\u00bb height_tablet=\u00a0\u00bb1500px\u00a0\u00bb height_phone=\u00a0\u00bb1670px\u00a0\u00bb height_last_edited=\u00a0\u00bboff|desktop\u00a0\u00bb custom_margin_tablet=\u00a0\u00bb-250px||-100px||false|false\u00a0\u00bb custom_margin_phone=\u00a0\u00bb0px||0px||false|false\u00a0\u00bb custom_margin_last_edited=\u00a0\u00bboff|desktop\u00a0\u00bb global_colors_info=\u00a0\u00bb{}\u00a0\u00bb][et_pb_column type=\u00a0\u00bb1_3&Prime; _builder_version=\u00a0\u00bb4.16&Prime; _module_preset=\u00a0\u00bbdefault\u00a0\u00bb global_colors_info=\u00a0\u00bb{}\u00a0\u00bb][et_pb_blurb title=\u00a0\u00bbCERTIFICADO ISO 9001&Prime; image=\u00a0\u00bbhttps:\/\/www.couth.com\/wp-content\/uploads\/2021\/06\/Iso-COUTH.jpg\u00a0\u00bb content_max_width=\u00a0\u00bb100%\u00a0\u00bb _builder_version=\u00a0\u00bb4.17.6&Prime; _module_preset=\u00a0\u00bbdefault\u00a0\u00bb header_level=\u00a0\u00bbh3&Prime; header_font_size=\u00a0\u00bb18px\u00a0\u00bb body_text_align=\u00a0\u00bbleft\u00a0\u00bb background_color=\u00a0\u00bb#FFFFFF\u00a0\u00bb text_orientation=\u00a0\u00bbcenter\u00a0\u00bb module_alignment=\u00a0\u00bbcenter\u00a0\u00bb custom_padding=\u00a0\u00bb25px|25px|25px|25px|true|true\u00a0\u00bb link_option_url=\u00a0\u00bbhttps:\/\/www.couth.com\/wp-content\/uploads\/2023\/12\/IQNetES-1842-2005_2023-11-29.pdf\u00a0\u00bb link_option_url_new_window=\u00a0\u00bbon\u00a0\u00bb body_font_size_tablet=\u00a0\u00bb16px\u00a0\u00bb body_font_size_phone=\u00a0\u00bb14px\u00a0\u00bb body_font_size_last_edited=\u00a0\u00bbon|phone\u00a0\u00bb box_shadow_style=\u00a0\u00bbpreset1&Prime; global_colors_info=\u00a0\u00bb{}\u00a0\u00bb][\/et_pb_blurb][\/et_pb_column][et_pb_column type=\u00a0\u00bb1_3&Prime; _builder_version=\u00a0\u00bb4.16&Prime; _module_preset=\u00a0\u00bbdefault\u00a0\u00bb global_colors_info=\u00a0\u00bb{}\u00a0\u00bb][et_pb_blurb title=\u00a0\u00bbCERTIFICADO AENOR\u00a0\u00bb image=\u00a0\u00bbhttps:\/\/www.couth.com\/wp-content\/uploads\/2021\/06\/aenorCOUTH.jpg\u00a0\u00bb content_max_width=\u00a0\u00bb100%\u00a0\u00bb _builder_version=\u00a0\u00bb4.17.6&Prime; _module_preset=\u00a0\u00bbdefault\u00a0\u00bb header_level=\u00a0\u00bbh3&Prime; header_font_size=\u00a0\u00bb18px\u00a0\u00bb body_text_align=\u00a0\u00bbleft\u00a0\u00bb background_color=\u00a0\u00bb#FFFFFF\u00a0\u00bb text_orientation=\u00a0\u00bbcenter\u00a0\u00bb module_alignment=\u00a0\u00bbcenter\u00a0\u00bb custom_padding=\u00a0\u00bb25px|25px|25px|25px|true|true\u00a0\u00bb link_option_url=\u00a0\u00bbhttps:\/\/www.couth.com\/wp-content\/uploads\/2023\/12\/CertificadoER-1842-2005_ES_2023-11-29.pdf\u00a0\u00bb link_option_url_new_window=\u00a0\u00bbon\u00a0\u00bb body_font_size_tablet=\u00a0\u00bb16px\u00a0\u00bb body_font_size_phone=\u00a0\u00bb14px\u00a0\u00bb body_font_size_last_edited=\u00a0\u00bbon|phone\u00a0\u00bb box_shadow_style=\u00a0\u00bbpreset1&Prime; global_colors_info=\u00a0\u00bb{}\u00a0\u00bb][\/et_pb_blurb][\/et_pb_column][et_pb_column type=\u00a0\u00bb1_3&Prime; _builder_version=\u00a0\u00bb4.16&Prime; _module_preset=\u00a0\u00bbdefault\u00a0\u00bb global_colors_info=\u00a0\u00bb{}\u00a0\u00bb][et_pb_blurb title=\u00a0\u00bbPOL\u00cdTICA DE CALIDAD\u00a0\u00bb image=\u00a0\u00bbhttps:\/\/www.couth.com\/wp-content\/uploads\/2021\/06\/Calidad.jpg\u00a0\u00bb content_max_width=\u00a0\u00bb100%\u00a0\u00bb _builder_version=\u00a0\u00bb4.16&Prime; _module_preset=\u00a0\u00bbdefault\u00a0\u00bb header_level=\u00a0\u00bbh3&Prime; header_font_size=\u00a0\u00bb18px\u00a0\u00bb body_text_align=\u00a0\u00bbleft\u00a0\u00bb background_color=\u00a0\u00bb#FFFFFF\u00a0\u00bb text_orientation=\u00a0\u00bbcenter\u00a0\u00bb module_alignment=\u00a0\u00bbcenter\u00a0\u00bb custom_padding=\u00a0\u00bb25px|25px|25px|25px|true|true\u00a0\u00bb link_option_url=\u00a0\u00bbhttps:\/\/www.couth.com\/wp-content\/uploads\/2021\/06\/POLI\u0301TICA-DE-CALIDAD-2017.09.25.pdf\u00a0\u00bb link_option_url_new_window=\u00a0\u00bbon\u00a0\u00bb body_font_size_tablet=\u00a0\u00bb16px\u00a0\u00bb body_font_size_phone=\u00a0\u00bb14px\u00a0\u00bb body_font_size_last_edited=\u00a0\u00bbon|phone\u00a0\u00bb box_shadow_style=\u00a0\u00bbpreset1&Prime; global_colors_info=\u00a0\u00bb{}\u00a0\u00bb][\/et_pb_blurb][\/et_pb_column][\/et_pb_row][et_pb_row column_structure=\u00a0\u00bb1_3,1_3,1_3&Prime; _builder_version=\u00a0\u00bb4.27.0&Prime; _module_preset=\u00a0\u00bbdefault\u00a0\u00bb global_colors_info=\u00a0\u00bb{}\u00a0\u00bb][et_pb_column type=\u00a0\u00bb1_3&Prime; _builder_version=\u00a0\u00bb4.16&Prime; _module_preset=\u00a0\u00bbdefault\u00a0\u00bb global_colors_info=\u00a0\u00bb{}\u00a0\u00bb][et_pb_blurb title=\u00a0\u00bbSEGURIDAD DE LA INFORMACI\u00d3N\u00a0\u00bb image=\u00a0\u00bbhttps:\/\/www.couth.com\/wp-content\/uploads\/2021\/06\/SEGURIDAD.jpg\u00a0\u00bb content_max_width=\u00a0\u00bb100%\u00a0\u00bb _builder_version=\u00a0\u00bb4.27.0&Prime; _module_preset=\u00a0\u00bbdefault\u00a0\u00bb header_level=\u00a0\u00bbh3&Prime; header_font_size=\u00a0\u00bb18px\u00a0\u00bb body_text_align=\u00a0\u00bbleft\u00a0\u00bb background_color=\u00a0\u00bb#FFFFFF\u00a0\u00bb text_orientation=\u00a0\u00bbcenter\u00a0\u00bb module_alignment=\u00a0\u00bbcenter\u00a0\u00bb custom_padding=\u00a0\u00bb25px|25px|25px|25px|true|true\u00a0\u00bb custom_padding_phone=\u00a0\u00bb25px|25px|25px|25px|true|true\u00a0\u00bb custom_padding_last_edited=\u00a0\u00bboff|desktop\u00a0\u00bb link_option_url=\u00a0\u00bbhttps:\/\/www.couth.com\/wp-content\/uploads\/2024\/10\/Politica-de-seguridad-de-la-informacion-2024.04.30.pdf\u00a0\u00bb link_option_url_new_window=\u00a0\u00bbon\u00a0\u00bb header_font_size_tablet=\u00a0\u00bb18px\u00a0\u00bb header_font_size_phone=\u00a0\u00bb16px\u00a0\u00bb header_font_size_last_edited=\u00a0\u00bboff|desktop\u00a0\u00bb body_font_size_tablet=\u00a0\u00bb16px\u00a0\u00bb body_font_size_phone=\u00a0\u00bb14px\u00a0\u00bb body_font_size_last_edited=\u00a0\u00bbon|phone\u00a0\u00bb box_shadow_style=\u00a0\u00bbpreset1&Prime; global_colors_info=\u00a0\u00bb{}\u00a0\u00bb][\/et_pb_blurb][\/et_pb_column][et_pb_column type=\u00a0\u00bb1_3&Prime; _builder_version=\u00a0\u00bb4.16&Prime; _module_preset=\u00a0\u00bbdefault\u00a0\u00bb global_colors_info=\u00a0\u00bb{}\u00a0\u00bb][et_pb_blurb title=\u00a0\u00bbDIPLOMA IN ADVANCED MANAGEMENT\u00a0\u00bb image=\u00a0\u00bbhttps:\/\/www.couth.com\/wp-content\/uploads\/2024\/12\/A-ENGL_24_NEGRO.jpg\u00a0\u00bb image_icon_width=\u00a0\u00bb50%\u00a0\u00bb content_max_width=\u00a0\u00bb100%\u00a0\u00bb module_class=\u00a0\u00bbtextocertificacion\u00a0\u00bb _builder_version=\u00a0\u00bb4.27.0&Prime; _module_preset=\u00a0\u00bbdefault\u00a0\u00bb header_level=\u00a0\u00bbh3&Prime; header_font_size=\u00a0\u00bb18px\u00a0\u00bb body_text_align=\u00a0\u00bbleft\u00a0\u00bb background_color=\u00a0\u00bb#FFFFFF\u00a0\u00bb text_orientation=\u00a0\u00bbcenter\u00a0\u00bb module_alignment=\u00a0\u00bbcenter\u00a0\u00bb min_height=\u00a0\u00bb327.9px\u00a0\u00bb custom_padding=\u00a0\u00bb25px|25px|25px|25px|true|true\u00a0\u00bb custom_padding_phone=\u00a0\u00bb25px|25px|25px|25px|true|true\u00a0\u00bb custom_padding_last_edited=\u00a0\u00bboff|desktop\u00a0\u00bb link_option_url=\u00a0\u00bbhttps:\/\/www.couth.com\/wp-content\/uploads\/2024\/12\/A-ENGL_24_NEGRO.pdf\u00a0\u00bb link_option_url_new_window=\u00a0\u00bbon\u00a0\u00bb header_font_size_tablet=\u00a0\u00bb18px\u00a0\u00bb header_font_size_phone=\u00a0\u00bb16px\u00a0\u00bb header_font_size_last_edited=\u00a0\u00bboff|desktop\u00a0\u00bb body_font_size_tablet=\u00a0\u00bb16px\u00a0\u00bb body_font_size_phone=\u00a0\u00bb14px\u00a0\u00bb body_font_size_last_edited=\u00a0\u00bbon|phone\u00a0\u00bb custom_css_main_element=\u00a0\u00bbbox-shadow: 0px 2px 18px 0px rgb(0 0 0 \/ 30%);||padding-top: 25px!important;||    padding-right: 25px!important;||    padding-bottom: 25px!important;||    padding-left: 25px!important;\u00a0\u00bb custom_css_blurb_title=\u00a0\u00bbfont-size: 20px;\u00a0\u00bb box_shadow_style=\u00a0\u00bbpreset1&Prime; box_shadow_position=\u00a0\u00bbinner\u00a0\u00bb locked=\u00a0\u00bboff\u00a0\u00bb global_colors_info=\u00a0\u00bb{}\u00a0\u00bb][\/et_pb_blurb][\/et_pb_column][et_pb_column type=\u00a0\u00bb1_3&Prime; _builder_version=\u00a0\u00bb4.16&Prime; _module_preset=\u00a0\u00bbdefault\u00a0\u00bb global_colors_info=\u00a0\u00bb{}\u00a0\u00bb][et_pb_blurb title=\u00a0\u00bbISO CERTIFICATION 27001&Prime; image=\u00a0\u00bbhttps:\/\/www.couth.com\/wp-content\/uploads\/2022\/01\/ISO-COUTH_page-0001-1.jpg\u00a0\u00bb content_max_width=\u00a0\u00bb100%\u00a0\u00bb _builder_version=\u00a0\u00bb4.27.0&Prime; _module_preset=\u00a0\u00bbdefault\u00a0\u00bb header_level=\u00a0\u00bbh3&Prime; header_font_size=\u00a0\u00bb18px\u00a0\u00bb body_text_align=\u00a0\u00bbleft\u00a0\u00bb background_color=\u00a0\u00bb#FFFFFF\u00a0\u00bb text_orientation=\u00a0\u00bbcenter\u00a0\u00bb module_alignment=\u00a0\u00bbcenter\u00a0\u00bb min_height=\u00a0\u00bb322.6px\u00a0\u00bb custom_padding=\u00a0\u00bb25px|25px|25px|25px|true|true\u00a0\u00bb custom_padding_phone=\u00a0\u00bb25px|25px|25px|25px|true|true\u00a0\u00bb custom_padding_last_edited=\u00a0\u00bboff|desktop\u00a0\u00bb link_option_url=\u00a0\u00bbhttps:\/\/www.couth.com\/wp-content\/uploads\/2024\/12\/IQNetES-SI-0080-2021_2024.12.pdf\u00a0\u00bb link_option_url_new_window=\u00a0\u00bbon\u00a0\u00bb hover_enabled=\u00a0\u00bb0&Prime; header_font_size_tablet=\u00a0\u00bb18px\u00a0\u00bb header_font_size_phone=\u00a0\u00bb16px\u00a0\u00bb header_font_size_last_edited=\u00a0\u00bboff|desktop\u00a0\u00bb body_font_size_tablet=\u00a0\u00bb16px\u00a0\u00bb body_font_size_phone=\u00a0\u00bb14px\u00a0\u00bb body_font_size_last_edited=\u00a0\u00bbon|phone\u00a0\u00bb box_shadow_style=\u00a0\u00bbpreset1&Prime; global_colors_info=\u00a0\u00bb{}\u00a0\u00bb sticky_enabled=\u00a0\u00bb0&Prime;][\/et_pb_blurb][\/et_pb_column][\/et_pb_row][\/et_pb_section]<\/p>\n","protected":false},"excerpt":{"rendered":"<p>CERTIFICATS SYST\u00c8MES DE MANAGEMENT\u00a0: QUALIT\u00c9 ET S\u00c9CURIT\u00c9 DE L\u2019INFORMATIONNous avons d\u00e9velopp\u00e9 au sein de COUTH\u00ae un Syst\u00e8me de Management de la Qualit\u00e9 certifi\u00e9 suivant la norme ISO 9001, qui s\u2019\u00e9tend \u00e0 toute l\u2019organisation. Notre gestion par processus est orient\u00e9e \u00e0 la satisfaction du client et \u00e0 l\u2019am\u00e9lioration continue (roue de Deming ou PDCA). Nous offrons [&hellip;]<\/p>\n","protected":false},"author":1,"featured_media":0,"parent":0,"menu_order":29,"comment_status":"closed","ping_status":"closed","template":"","meta":{"_et_pb_use_builder":"on","_et_pb_old_content":"","_et_gb_content_width":"","footnotes":""},"class_list":["post-22230","page","type-page","status-publish","hentry"],"_links":{"self":[{"href":"https:\/\/www.couth.com\/fr\/wp-json\/wp\/v2\/pages\/22230","targetHints":{"allow":["GET"]}}],"collection":[{"href":"https:\/\/www.couth.com\/fr\/wp-json\/wp\/v2\/pages"}],"about":[{"href":"https:\/\/www.couth.com\/fr\/wp-json\/wp\/v2\/types\/page"}],"author":[{"embeddable":true,"href":"https:\/\/www.couth.com\/fr\/wp-json\/wp\/v2\/users\/1"}],"replies":[{"embeddable":true,"href":"https:\/\/www.couth.com\/fr\/wp-json\/wp\/v2\/comments?post=22230"}],"version-history":[{"count":11,"href":"https:\/\/www.couth.com\/fr\/wp-json\/wp\/v2\/pages\/22230\/revisions"}],"predecessor-version":[{"id":33510,"href":"https:\/\/www.couth.com\/fr\/wp-json\/wp\/v2\/pages\/22230\/revisions\/33510"}],"wp:attachment":[{"href":"https:\/\/www.couth.com\/fr\/wp-json\/wp\/v2\/media?parent=22230"}],"curies":[{"name":"wp","href":"https:\/\/api.w.org\/{rel}","templated":true}]}}