{"id":21166,"date":"2021-07-09T12:36:10","date_gmt":"2021-07-09T10:36:10","guid":{"rendered":"https:\/\/www.couth.com\/?page_id=21166"},"modified":"2025-05-21T11:21:56","modified_gmt":"2025-05-21T09:21:56","slug":"quienes-somos","status":"publish","type":"page","link":"https:\/\/www.couth.com\/es-mx\/quienes-somos\/","title":{"rendered":"Quienes somos"},"content":{"rendered":"<p>[et_pb_section fb_built=&#8221;1&#8243; _builder_version=&#8221;4.16&#8243; _module_preset=&#8221;default&#8221; background_image=&#8221;https:\/\/www.couth.com\/wp-content\/uploads\/2021\/04\/Banner_marcaje.jpg&#8221; custom_padding=&#8221;20px||20px||true|false&#8221; global_colors_info=&#8221;{}&#8221;][et_pb_row _builder_version=&#8221;4.16&#8243; _module_preset=&#8221;default&#8221; custom_padding=&#8221;0px||0px||true|false&#8221; global_colors_info=&#8221;{}&#8221;][et_pb_column type=&#8221;4_4&#8243; _builder_version=&#8221;4.16&#8243; _module_preset=&#8221;default&#8221; global_colors_info=&#8221;{}&#8221;][et_pb_cta title=&#8221;Qui\u00e9nes somos&#8221; button_url=&#8221;#formulario&#8221; _builder_version=&#8221;4.16&#8243; _module_preset=&#8221;default&#8221; header_level=&#8221;h1&#8243; header_font=&#8221;|600|||||||&#8221; header_font_size=&#8221;45px&#8221; body_font=&#8221;|300|||||||&#8221; background_enable_color=&#8221;off&#8221; custom_button=&#8221;on&#8221; button_use_icon=&#8221;off&#8221; button_custom_margin=&#8221;20px||||false|false&#8221; button_custom_margin_tablet=&#8221;10px||||false|false&#8221; button_custom_margin_phone=&#8221;0px||||false|false&#8221; button_custom_margin_last_edited=&#8221;on|tablet&#8221; custom_padding=&#8221;0px||0px||true|false&#8221; header_font_size_tablet=&#8221;40px&#8221; header_font_size_phone=&#8221;30px&#8221; header_font_size_last_edited=&#8221;on|phone&#8221; body_font_size_tablet=&#8221;30px&#8221; body_font_size_phone=&#8221;21px&#8221; body_font_size_last_edited=&#8221;on|tablet&#8221; global_colors_info=&#8221;{}&#8221;][\/et_pb_cta][\/et_pb_column][\/et_pb_row][\/et_pb_section][et_pb_section fb_built=&#8221;1&#8243; custom_padding_last_edited=&#8221;on|phone&#8221; admin_label=&#8221;About Us&#8221; _builder_version=&#8221;4.16&#8243; custom_padding=&#8221;||||false&#8221; custom_padding_tablet=&#8221;||0px||false|false&#8221; custom_padding_phone=&#8221;20px||20px||true|false&#8221; global_colors_info=&#8221;{}&#8221;][et_pb_row column_structure=&#8221;1_2,1_2&#8243; custom_padding_last_edited=&#8221;on|phone&#8221; _builder_version=&#8221;4.16&#8243; _module_preset=&#8221;default&#8221; custom_padding_tablet=&#8221;||0px||false|false&#8221; custom_padding_phone=&#8221;||0px||false|false&#8221; custom_css_main_element=&#8221;display:flex;||flex-direction: row;||align-items: center;&#8221; global_colors_info=&#8221;{}&#8221; custom_css_main_element_last_edited=&#8221;on|tablet&#8221; custom_css_main_element_tablet=&#8221;display:flex;||flex-direction:column-reverse;&#8221; custom_css_main_element_phone=&#8221;display:flex;||flex-direction:column-reverse;&#8221;][et_pb_column type=&#8221;1_2&#8243; _builder_version=&#8221;4.16&#8243; _module_preset=&#8221;default&#8221; global_colors_info=&#8221;{}&#8221;][et_pb_video src=&#8221;https:\/\/youtu.be\/1A4C1KnyU4k&#8221; _builder_version=&#8221;4.17.6&#8243; _module_preset=&#8221;default&#8221; custom_margin=&#8221;||||false|false&#8221; custom_margin_tablet=&#8221;50px||||false|false&#8221; custom_margin_phone=&#8221;&#8221; custom_margin_last_edited=&#8221;on|tablet&#8221; custom_padding_tablet=&#8221;||||false|false&#8221; custom_padding_last_edited=&#8221;off|tablet&#8221; hover_enabled=&#8221;0&#8243; border_width_left=&#8221;6px&#8221; border_color_left=&#8221;#f6d64d&#8221; global_colors_info=&#8221;{}&#8221; sticky_enabled=&#8221;0&#8243;][\/et_pb_video][\/et_pb_column][et_pb_column type=&#8221;1_2&#8243; _builder_version=&#8221;4.16&#8243; _module_preset=&#8221;default&#8221; global_colors_info=&#8221;{}&#8221;][et_pb_text _builder_version=&#8221;4.16&#8243; _module_preset=&#8221;default&#8221; text_font=&#8221;|300|||||||&#8221; text_font_size=&#8221;20px&#8221; header_2_font=&#8221;|600|||||||&#8221; header_2_font_size=&#8221;24px&#8221; header_3_font=&#8221;||||||||&#8221; text_font_size_tablet=&#8221;&#8221; text_font_size_phone=&#8221;16px&#8221; text_font_size_last_edited=&#8221;on|phone&#8221; header_2_font_size_tablet=&#8221;&#8221; header_2_font_size_phone=&#8221;21px&#8221; header_2_font_size_last_edited=&#8221;on|desktop&#8221; header_3_font_size_phone=&#8221;21px&#8221; header_3_font_size_last_edited=&#8221;off|phone&#8221; text_orientation_tablet=&#8221;center&#8221; text_orientation_phone=&#8221;&#8221; text_orientation_last_edited=&#8221;on|tablet&#8221; global_colors_info=&#8221;{}&#8221;]QUI\u00c9NES SOMOS<\/p>\n<h2>COUTH<sup>\u00ae<\/sup>INDUSTRIAL MARKING SYSTEMS, S.L.U.<\/h2>\n<p>[\/et_pb_text][et_pb_text _builder_version=&#8221;4.17.6&#8243; _module_preset=&#8221;default&#8221; text_orientation=&#8221;justified&#8221; text_font_size_tablet=&#8221;16px&#8221; text_font_size_phone=&#8221;14px&#8221; text_font_size_last_edited=&#8221;on|phone&#8221; text_orientation_tablet=&#8221;center&#8221; text_orientation_phone=&#8221;&#8221; text_orientation_last_edited=&#8221;on|tablet&#8221; global_colors_info=&#8221;{}&#8221;]<\/p>\n<p>Con objeto de contribuir a la satisfacci\u00f3n de las necesidades de sus clientes y usuarios, COUTH<sup>\u00ae, proporciona soluciones y productos de alta calidad y funcionalidad para el marcaje y la trazabilidad industrial. Desde 1954, fecha del inicio de sus operaciones, hemos dise\u00f1ado y fabricado tanto m\u00e1quinas est\u00e1ndar como customizadas, en diversas configuraciones, para los principales sectores industriales, as\u00ed como para los principales grupos y compa\u00f1\u00edas en cada uno de ellos.<\/sup><\/p>\n<p>Las soluciones ofrecidas por COUTH<sup>\u00ae se basan en las tecnolog\u00edas de marcaje por micro percusi\u00f3n, rayado y l\u00e1ser, para cuyo desarrollo, dedicamos el 7% de nuestros ingresos a I+D. Si a esto a\u00f1adimos, el conocimiento de los usuarios y clientes, el desarrollo de las personas, la excelencia de los procesos y, una excelente cadena de suministro tenemos la base de la fortaleza de la marca COUTH<sup>\u00ae. Nuestra orientaci\u00f3n al cliente y nuestra fuerte presencia internacional nos permite estar en Alemania, M\u00e9xico, China e Italia con una empresa filial propia y en otros 66 pa\u00edses, de forma directa o a trav\u00e9s de nuestros distribuidores. Esta presencia nos permite atender de forma cercana a nuestros usuarios.<\/sup><\/sup><\/p>\n<p>[\/et_pb_text][\/et_pb_column][\/et_pb_row][\/et_pb_section][et_pb_section fb_built=&#8221;1&#8243; _builder_version=&#8221;4.16&#8243; _module_preset=&#8221;default&#8221; custom_margin=&#8221;0px||||false|false&#8221; custom_padding=&#8221;0px||||false|false&#8221; global_colors_info=&#8221;{}&#8221;][et_pb_row column_structure=&#8221;1_2,1_2&#8243; _builder_version=&#8221;4.16&#8243; _module_preset=&#8221;default&#8221; custom_css_main_element=&#8221;display:flex;||flex-direction: row;||align-items: center;&#8221; global_colors_info=&#8221;{}&#8221; custom_css_main_element_last_edited=&#8221;on|tablet&#8221; custom_css_main_element_tablet=&#8221;display:flex;||flex-direction: column;&#8221; custom_css_main_element_phone=&#8221;display:flex;||flex-direction: column;&#8221;][et_pb_column type=&#8221;1_2&#8243; _builder_version=&#8221;4.16&#8243; _module_preset=&#8221;default&#8221; global_colors_info=&#8221;{}&#8221;][et_pb_text _builder_version=&#8221;4.16&#8243; _module_preset=&#8221;default&#8221; text_font=&#8221;|300|||||||&#8221; text_font_size=&#8221;20px&#8221; header_2_font=&#8221;|600|||||||&#8221; header_2_font_size=&#8221;24px&#8221; header_3_font=&#8221;||||||||&#8221; custom_margin_phone=&#8221;||||false|false&#8221; custom_margin_last_edited=&#8221;off|phone&#8221; text_font_size_tablet=&#8221;&#8221; text_font_size_phone=&#8221;16px&#8221; text_font_size_last_edited=&#8221;on|phone&#8221; header_2_font_size_tablet=&#8221;&#8221; header_2_font_size_phone=&#8221;21px&#8221; header_2_font_size_last_edited=&#8221;on|desktop&#8221; header_3_font_size_phone=&#8221;21px&#8221; header_3_font_size_last_edited=&#8221;off|phone&#8221; text_orientation_tablet=&#8221;center&#8221; text_orientation_phone=&#8221;&#8221; text_orientation_last_edited=&#8221;on|tablet&#8221; global_colors_info=&#8221;{}&#8221;]PRODUCTOS COUTH<\/p>\n<h2>INFORMACI\u00d3N GENERAL SOBRE LOS PRODUCTOS COUTH<sup>\u00ae<\/sup><\/h2>\n<p>[\/et_pb_text][et_pb_text _builder_version=&#8221;4.16&#8243; _module_preset=&#8221;default&#8221; text_orientation=&#8221;justified&#8221; text_font_size_tablet=&#8221;16px&#8221; text_font_size_phone=&#8221;14px&#8221; text_font_size_last_edited=&#8221;on|phone&#8221; text_orientation_tablet=&#8221;center&#8221; text_orientation_phone=&#8221;&#8221; text_orientation_last_edited=&#8221;on|tablet&#8221; global_colors_info=&#8221;{}&#8221;]Nuestra gama abarca diferentes configuraciones para diversas superficies de marcado y profundidades en funci\u00f3n del sector, material y\/o aplicaci\u00f3n. Adem\u00e1s, como especialistas en las tecnolog\u00edas de micro percusi\u00f3n, rayado y l\u00e1ser, podemos dise\u00f1ar y fabricar equipos especiales a medida, en funciones de las especificaciones t\u00e9cnicas y necesidades de cada cliente o usuario.<br \/>\n[\/et_pb_text][\/et_pb_column][et_pb_column type=&#8221;1_2&#8243; _builder_version=&#8221;4.16&#8243; _module_preset=&#8221;default&#8221; global_colors_info=&#8221;{}&#8221;][et_pb_video src=&#8221;https:\/\/www.youtube.com\/watch?v=flllarrVs1Q&#8221; _builder_version=&#8221;4.17.6&#8243; _module_preset=&#8221;default&#8221; custom_margin=&#8221;0px||||false|false&#8221; custom_margin_tablet=&#8221;||||false|false&#8221; custom_margin_phone=&#8221;&#8221; custom_margin_last_edited=&#8221;on|tablet&#8221; border_width_left=&#8221;6px&#8221; border_color_left=&#8221;#f6d64d&#8221; global_colors_info=&#8221;{}&#8221;][\/et_pb_video][\/et_pb_column][\/et_pb_row][\/et_pb_section][et_pb_section fb_built=&#8221;1&#8243; _builder_version=&#8221;4.16&#8243; _module_preset=&#8221;default&#8221; background_color=&#8221;#f6d64d&#8221; use_background_color_gradient=&#8221;on&#8221; background_color_gradient_stops=&#8221;#f6d64d 40%|#ffffff 40%&#8221; background_color_gradient_start=&#8221;#f6d64d&#8221; background_color_gradient_start_position=&#8221;40%&#8221; background_color_gradient_end=&#8221;#ffffff&#8221; background_color_gradient_end_position=&#8221;40%&#8221; min_height=&#8221;600px&#8221; custom_margin_phone=&#8221;||||false|false&#8221; custom_margin_last_edited=&#8221;off|desktop&#8221; custom_padding=&#8221;||||false|false&#8221; global_colors_info=&#8221;{}&#8221;][et_pb_row _builder_version=&#8221;4.16&#8243; _module_preset=&#8221;default&#8221; global_colors_info=&#8221;{}&#8221;][et_pb_column type=&#8221;4_4&#8243; _builder_version=&#8221;4.16&#8243; _module_preset=&#8221;default&#8221; global_colors_info=&#8221;{}&#8221;][et_pb_text _builder_version=&#8221;4.16&#8243; _module_preset=&#8221;default&#8221; text_font=&#8221;|300|||||||&#8221; text_text_color=&#8221;#000000&#8243; text_font_size=&#8221;20px&#8221; header_2_font=&#8221;|600|||||||&#8221; header_2_font_size=&#8221;24px&#8221; header_3_font=&#8221;||||||||&#8221; text_font_size_tablet=&#8221;&#8221; text_font_size_phone=&#8221;16px&#8221; text_font_size_last_edited=&#8221;on|phone&#8221; header_2_font_size_tablet=&#8221;&#8221; header_2_font_size_phone=&#8221;21px&#8221; header_2_font_size_last_edited=&#8221;on|desktop&#8221; header_3_font_size_phone=&#8221;21px&#8221; header_3_font_size_last_edited=&#8221;off|phone&#8221; text_orientation_tablet=&#8221;center&#8221; text_orientation_phone=&#8221;&#8221; text_orientation_last_edited=&#8221;on|tablet&#8221; global_colors_info=&#8221;{}&#8221;]QUI\u00c9NES SOMOS<\/p>\n<h2>NUESTRO PERFIL<\/h2>\n<p>[\/et_pb_text][et_pb_text _builder_version=&#8221;4.16&#8243; _module_preset=&#8221;default&#8221; text_text_color=&#8221;#000000&#8243; text_orientation=&#8221;justified&#8221; custom_padding_tablet=&#8221;&#8221; custom_padding_phone=&#8221;&#8221; custom_padding_last_edited=&#8221;on|phone&#8221; text_font_size_tablet=&#8221;16px&#8221; text_font_size_phone=&#8221;14px&#8221; text_font_size_last_edited=&#8221;on|phone&#8221; text_orientation_tablet=&#8221;center&#8221; text_orientation_phone=&#8221;&#8221; text_orientation_last_edited=&#8221;on|tablet&#8221; global_colors_info=&#8221;{}&#8221;]En COUTH<sup>\u00ae ofrecemos soluciones innovadoras y de calidad, basadas en el contacto constante con nuestros clientes y usuarios, y en el conocimiento de sus necesidades y expectativas. Buscamos la excelencia de nuestros procesos, y la generaci\u00f3n de ideas \u00fanicas e innovadoras que a\u00f1adan valor y faciliten su implementaci\u00f3n. Todas las personas que formamos COUTH<sup>\u00ae asumimos activamente la responsabilidad de alcanzar su misi\u00f3n y visi\u00f3n. Para ello trabajamos en equipo y desarrollamos las mejores pr\u00e1cticas, fomentando la transparencia y los valores \u00e9ticos en nuestras formas de hacer, respetando al medioambiente.[\/et_pb_text][\/et_pb_column][\/et_pb_row][et_pb_row use_custom_gutter=&#8221;on&#8221; make_equal=&#8221;on&#8221; _builder_version=&#8221;4.16&#8243; _module_preset=&#8221;default&#8221; width_phone=&#8221;90%&#8221; width_last_edited=&#8221;off|desktop&#8221; height_tablet=&#8221;1500px&#8221; height_phone=&#8221;1670px&#8221; height_last_edited=&#8221;off|desktop&#8221; custom_margin_tablet=&#8221;-250px||-100px||false|false&#8221; custom_margin_phone=&#8221;0px||0px||false|false&#8221; custom_margin_last_edited=&#8221;off|desktop&#8221; global_colors_info=&#8221;{}&#8221;][et_pb_column type=&#8221;4_4&#8243; _builder_version=&#8221;4.16&#8243; _module_preset=&#8221;default&#8221; global_colors_info=&#8221;{}&#8221;][et_pb_blurb title=&#8221;INNOVACI\u00d3N&#8221; use_icon=&#8221;on&#8221; font_icon=&#8221;&#xe0ec;||divi||400&#8243; icon_color=&#8221;#f6d64d&#8221; image_icon_width=&#8221;59px&#8221; icon_alignment=&#8221;left&#8221; content_max_width=&#8221;100%&#8221; _builder_version=&#8221;4.16&#8243; _module_preset=&#8221;default&#8221; header_font_size=&#8221;24px&#8221; body_text_align=&#8221;left&#8221; background_color=&#8221;#FFFFFF&#8221; custom_padding=&#8221;50px|50px|50px|50px|true|true&#8221; custom_padding_tablet=&#8221;&#8221; custom_padding_phone=&#8221;25px|25px|25px|25px|true|true&#8221; custom_padding_last_edited=&#8221;on|phone&#8221; header_font_size_tablet=&#8221;21px&#8221; header_font_size_phone=&#8221;18px&#8221; header_font_size_last_edited=&#8221;on|phone&#8221; body_font_size_tablet=&#8221;16px&#8221; body_font_size_phone=&#8221;14px&#8221; body_font_size_last_edited=&#8221;on|phone&#8221; box_shadow_style=&#8221;preset1&#8243; icon_font_size=&#8221;59px&#8221; global_colors_info=&#8221;{}&#8221;]<\/sup><\/sup><\/p>\n<p>La innovaci\u00f3n es una filosof\u00eda que impregna nuestra Organizaci\u00f3n y es una de las razones por las que somos marca l\u00edder en marcaje y trazabilidad industrial, con la asignaci\u00f3n de recursos que alcanzan el 7% de nuestros ingresos para la consecuci\u00f3n de patentes internacionales. Entendemos la innovaci\u00f3n m\u00e1s all\u00e1 del producto, abarcando tambi\u00e9n al servicio y los procesos a fin de generar valor para los clientes y usuarios. Incorporamos la innovaci\u00f3n como pauta de comportamiento general, sistematizando la b\u00fasqueda nuevas oportunidades a partir del conocimiento del mercado y, en especial, de la relaci\u00f3n con el usuario.<br \/>\n[\/et_pb_blurb][et_pb_blurb title=&#8221;CALIDAD&#8221; use_icon=&#8221;on&#8221; font_icon=&#8221;&#xe106;||divi||400&#8243; icon_color=&#8221;#f6d64d&#8221; image_icon_width=&#8221;59px&#8221; icon_alignment=&#8221;left&#8221; content_max_width=&#8221;100%&#8221; _builder_version=&#8221;4.16&#8243; _module_preset=&#8221;default&#8221; header_font_size=&#8221;24px&#8221; body_text_align=&#8221;left&#8221; background_color=&#8221;#FFFFFF&#8221; custom_padding=&#8221;50px|50px|50px|50px|true|true&#8221; custom_padding_tablet=&#8221;&#8221; custom_padding_phone=&#8221;25px|25px|25px|25px|true|true&#8221; custom_padding_last_edited=&#8221;on|phone&#8221; header_font_size_tablet=&#8221;21px&#8221; header_font_size_phone=&#8221;18px&#8221; header_font_size_last_edited=&#8221;on|phone&#8221; body_font_size_tablet=&#8221;16px&#8221; body_font_size_phone=&#8221;14px&#8221; body_font_size_last_edited=&#8221;on|phone&#8221; box_shadow_style=&#8221;preset1&#8243; icon_font_size=&#8221;59px&#8221; global_colors_info=&#8221;{}&#8221;]COUTH<sup>\u00ae empresa dedicada al dise\u00f1o, producci\u00f3n y desarrollo de m\u00e1quinas y soluciones para el marcaje y trazabilidad industrial basa su gesti\u00f3n en la mejora continua, a trav\u00e9s de un modelo de gesti\u00f3n avanzado basado en el cumplimiento de los requisitos de la Norma UNE-EN ISO 9001. La implantaci\u00f3n y desarrollo de nuestro modelo de gesti\u00f3n se basa en los siguientes principios:<\/sup><\/p>\n<p>&nbsp;<\/p>\n<ul>\n<li>Orientaci\u00f3n al cliente y usuario: conocimiento de sus necesidades y expectativas.<\/li>\n<li>Liderazgo.<\/li>\n<li>Compromiso con las personas.<\/li>\n<li>Gesti\u00f3n por procesos.<\/li>\n<li>Mejora continua.<\/li>\n<li>Toma de decisiones basadas en evidencias.<\/li>\n<li>Comunicaci\u00f3n fluida y de calidad.<\/li>\n<\/ul>\n<p>[\/et_pb_blurb][et_pb_blurb title=&#8221;INTERNACIONALIZACI\u00d3N&#8221; use_icon=&#8221;on&#8221; font_icon=&#8221;&#xe0e2;||divi||400&#8243; icon_color=&#8221;#f6d64d&#8221; image_icon_width=&#8221;59px&#8221; icon_alignment=&#8221;left&#8221; content_max_width=&#8221;100%&#8221; _builder_version=&#8221;4.17.6&#8243; _module_preset=&#8221;default&#8221; header_font_size=&#8221;24px&#8221; body_text_align=&#8221;left&#8221; background_color=&#8221;#FFFFFF&#8221; custom_padding=&#8221;50px|50px|50px|50px|true|true&#8221; custom_padding_tablet=&#8221;&#8221; custom_padding_phone=&#8221;25px|25px|25px|25px|true|true&#8221; custom_padding_last_edited=&#8221;on|phone&#8221; header_font_size_tablet=&#8221;21px&#8221; header_font_size_phone=&#8221;18px&#8221; header_font_size_last_edited=&#8221;on|phone&#8221; body_font_size_tablet=&#8221;16px&#8221; body_font_size_phone=&#8221;14px&#8221; body_font_size_last_edited=&#8221;on|phone&#8221; box_shadow_style=&#8221;preset1&#8243; icon_font_size=&#8221;59px&#8221; global_colors_info=&#8221;{}&#8221;]<\/p>\n<p>Como empresa global, COUTH<sup>\u00ae est\u00e1 presente en los cinco continentes, con 5 filiales en Alemania, M\u00e9xico, China e Italia y en 66 pa\u00edses a trav\u00e9s de su extensa red comercial. Ello nos permite mantener un constante contacto con cada mercado y conocer de primera mano sus necesidades y particularidades, a fin de adaptar nuestra oferta a las expectativas de nuestros clientes y usuarios all\u00ed donde est\u00e9n.<\/sup><\/p>\n<p>[\/et_pb_blurb][\/et_pb_column][\/et_pb_row][\/et_pb_section]<\/p>\n","protected":false},"excerpt":{"rendered":"<p>QUI\u00c9NES SOMOS COUTH\u00aeINDUSTRIAL MARKING SYSTEMS, S.L.U. Con objeto de contribuir a la satisfacci\u00f3n de las necesidades de sus clientes y usuarios, COUTH\u00ae, proporciona soluciones y productos de alta calidad y funcionalidad para el marcaje y la trazabilidad industrial. Desde 1954, fecha del inicio de sus operaciones, hemos dise\u00f1ado y fabricado tanto m\u00e1quinas est\u00e1ndar como customizadas, [&hellip;]<\/p>\n","protected":false},"author":1,"featured_media":0,"parent":0,"menu_order":134,"comment_status":"closed","ping_status":"closed","template":"","meta":{"_et_pb_use_builder":"on","_et_pb_old_content":"","_et_gb_content_width":"","footnotes":""},"class_list":["post-21166","page","type-page","status-publish","hentry"],"_links":{"self":[{"href":"https:\/\/www.couth.com\/es-mx\/wp-json\/wp\/v2\/pages\/21166","targetHints":{"allow":["GET"]}}],"collection":[{"href":"https:\/\/www.couth.com\/es-mx\/wp-json\/wp\/v2\/pages"}],"about":[{"href":"https:\/\/www.couth.com\/es-mx\/wp-json\/wp\/v2\/types\/page"}],"author":[{"embeddable":true,"href":"https:\/\/www.couth.com\/es-mx\/wp-json\/wp\/v2\/users\/1"}],"replies":[{"embeddable":true,"href":"https:\/\/www.couth.com\/es-mx\/wp-json\/wp\/v2\/comments?post=21166"}],"version-history":[{"count":6,"href":"https:\/\/www.couth.com\/es-mx\/wp-json\/wp\/v2\/pages\/21166\/revisions"}],"predecessor-version":[{"id":31611,"href":"https:\/\/www.couth.com\/es-mx\/wp-json\/wp\/v2\/pages\/21166\/revisions\/31611"}],"wp:attachment":[{"href":"https:\/\/www.couth.com\/es-mx\/wp-json\/wp\/v2\/media?parent=21166"}],"curies":[{"name":"wp","href":"https:\/\/api.w.org\/{rel}","templated":true}]}}