{"id":19565,"date":"2021-07-07T12:19:24","date_gmt":"2021-07-07T10:19:24","guid":{"rendered":"https:\/\/www.couth.com\/?page_id=19565"},"modified":"2021-07-07T12:36:17","modified_gmt":"2021-07-07T10:36:17","slug":"cookie-richtlinie","status":"publish","type":"page","link":"https:\/\/www.couth.com\/de\/cookie-richtlinie\/","title":{"rendered":"Cookie-Richtlinie"},"content":{"rendered":"<p>[et_pb_section fb_built=&#8220;1&#8243; _builder_version=&#8220;4.9.4&#8243; _module_preset=&#8220;default&#8220; background_image=&#8220;https:\/\/www.couth.com\/wp-content\/uploads\/2021\/04\/Banner_marcaje.jpg&#8220; custom_padding=&#8220;0px||0px||true|false&#8220;][et_pb_row _builder_version=&#8220;4.9.4&#8243; _module_preset=&#8220;default&#8220; custom_padding=&#8220;0px||0px||true|false&#8220;][et_pb_column type=&#8220;4_4&#8243; _builder_version=&#8220;4.9.4&#8243; _module_preset=&#8220;default&#8220;][et_pb_cta title=&#8220;Cookie-Richtlinie&#8220; button_url=&#8220;#formulario&#8220; _builder_version=&#8220;4.9.7&#8243; _module_preset=&#8220;default&#8220; header_level=&#8220;h1&#8243; header_font=&#8220;|600|||||||&#8220; header_font_size=&#8220;45px&#8220; body_font=&#8220;|600|||||||&#8220; body_font_size=&#8220;36px&#8220; background_enable_color=&#8220;off&#8220; custom_button=&#8220;on&#8220; button_use_icon=&#8220;off&#8220; button_custom_margin=&#8220;20px||||false|false&#8220; button_custom_margin_tablet=&#8220;10px||||false|false&#8220; button_custom_margin_phone=&#8220;0px||||false|false&#8220; button_custom_margin_last_edited=&#8220;on|tablet&#8220; custom_padding=&#8220;0px||||false|false&#8220; custom_padding_tablet=&#8220;20px||20px||true|false&#8220; custom_padding_phone=&#8220;&#8220; custom_padding_last_edited=&#8220;on|tablet&#8220; header_font_size_tablet=&#8220;40px&#8220; header_font_size_phone=&#8220;30px&#8220; header_font_size_last_edited=&#8220;on|phone&#8220; body_font_size_tablet=&#8220;30px&#8220; body_font_size_phone=&#8220;21px&#8220; body_font_size_last_edited=&#8220;on|tablet&#8220;][\/et_pb_cta][\/et_pb_column][\/et_pb_row][\/et_pb_section][et_pb_section fb_built=&#8220;1&#8243; custom_padding_last_edited=&#8220;on|phone&#8220; _builder_version=&#8220;4.9.4&#8243; _module_preset=&#8220;default&#8220; custom_padding_tablet=&#8220;30px||30px||true|false&#8220; custom_padding_phone=&#8220;15px||15px||true|false&#8220;][et_pb_row _builder_version=&#8220;4.9.4&#8243; _module_preset=&#8220;default&#8220;][et_pb_column type=&#8220;4_4&#8243; _builder_version=&#8220;4.9.4&#8243; _module_preset=&#8220;default&#8220;][et_pb_text _builder_version=&#8220;4.9.7&#8243; _module_preset=&#8220;default&#8220;]<\/p>\n<h4 class=\"mt-5 mb-3\">1. Was sind Cookies?<\/h4>\n<hr \/>\n<p>Die Website von COUTH INDUSTRIAL MARKING SYSTEMS, S.L.U. (ab jetzt die Website) verwendet Cookies. Cookies sind Dateien, die von einem Webserver an einen Browser gesendet werden, um die Aktivit\u00e4ten des Nutzers auf einer bestimmten Website aufzuzeichnen. Oberstes Ziel von Cookies ist es, dem Nutzer einen schnelleren Zugriff auf die ausgew\u00e4hlten Dienste zu erm\u00f6glichen. Dar\u00fcber hinaus personalisieren Cookies die von der Website angebotenen Dienste, indem sie jedem Nutzer Informationen zur Verf\u00fcgung stellen und anbieten, die f\u00fcr ihn von Interesse sind oder sein k\u00f6nnten, hinsichtlich der von ihm\/ihr genutzten Dienste.<\/p>\n<p>Die Website verwendet Cookies, um das Surfverhalten des Nutzers maximal zu personalisieren und zu erleichtern. Cookies werden nur einem anonymen Nutzer und seinem Computer zugeordnet und liefern keinerlei Hinweise, die einen R\u00fcckschluss auf die pers\u00f6nlichen Daten des Nutzers zulassen. Der Nutzer kann seinen Browser so konfigurieren, dass er \u00fcber die Installation von Cookies, die von der Website gesendet werden, benachrichtigt wird und diese ablehnt, ohne dass dies seine M\u00f6glichkeit beeintr\u00e4chtigt, auf die Inhalte der Website zuzugreifen. Wir weisen jedoch darauf hin, dass in diesem Fall die Betriebsqualit\u00e4t der Website beeintr\u00e4chtigt werden kann.<\/p>\n<p>Registrierte Nutzer, die sich einloggen oder angemeldet haben, k\u00f6nnen dank der Kombination der in den Cookies gespeicherten Daten mit den bei der Anmeldung verwendeten personenbezogenen Daten von st\u00e4rker personalisierten und profilorientierten Diensten profitieren. Diese Nutzer genehmigen ausdr\u00fccklich die Verwendung dieser Informationen f\u00fcr den angegebenen Zweck, unbeschadet ihres Rechts, das Setzen von Cookies abzulehnen oder zu deaktivieren.<\/p>\n<p>Ebenso wird die Website in der Lage sein, alle von den Nutzern angeforderten Dienste zu kennen, so dass es ihr m\u00f6glich sein wird, Informationen anzubieten, die dem Geschmack und den Vorlieben jedes Nutzers angepasst sind.<\/p>\n<h4 class=\"mt-5 mb-3\">2. Welche Arten von Cookies gibt es?<\/h4>\n<hr \/>\n<p>Cookies k\u00f6nnen abh\u00e4ngig von ihrer Dauerhaftigkeit unterteilt werden in:<\/p>\n<ul>\n<li><b>Sitzungscookies:<span>\u00a0<\/span><\/b>Diese Cookies verfallen, wenn der Nutzer den Browser schlie\u00dft.<\/li>\n<li><b>Dauerhafte Cookies:<span>\u00a0<\/span><\/b>Sie verfallen, je nachdem, wann der Zweck, f\u00fcr den sie verwendet werden, erf\u00fcllt ist (z. B. damit der Nutzer in den Diensten identifiziert bleibt) oder wenn sie manuell gel\u00f6scht werden.<\/li>\n<\/ul>\n<h4><\/h4>\n<p>Je nach Eigent\u00fcmer lassen sie sich einteilen in:<\/p>\n<ul>\n<li><b>Eigene Cookies:<span>\u00a0<\/span><\/b>Dies sind Cookies, die von einem vom Editor selbst verwalteten Computer oder Domain an das Endger\u00e4t des Nutzers gesendet werden und von denen aus der vom Nutzer angeforderte Dienst bereitgestellt wird.<\/li>\n<li><b>Cookies von Drittanbietern:<\/b><span>\u00a0<\/span>Dies sind Cookies, die von einem Computer oder Domain an das Endger\u00e4t des Nutzers gesendet werden, die nicht vom Editor verwaltet werden, sondern von einer anderen Stelle, welche die durch Cookies erhaltenen Daten verarbeitet.<\/li>\n<\/ul>\n<p>Dar\u00fcber hinaus k\u00f6nnen Cookies je nach ihrem Zweck wie folgt klassifiziert werden:<\/p>\n<ul>\n<li><b>Performance-Cookies:<\/b><span>\u00a0<\/span>Diese Art von Cookie merkt sich Ihre Pr\u00e4ferenzen f\u00fcr die Tools der Dienste, so dass Sie den Dienst nicht bei jedem Besuch neu konfigurieren m\u00fcssen. Hierzu geh\u00f6ren beispielsweise:\n<p><b>1.<\/b><span>\u00a0<\/span>Lautst\u00e4rkeeinstellungen der Video- oder Soundplayer<\/p>\n<p><b>2.<\/b><span>\u00a0<\/span>Video\u00fcbertragungsgeschwindigkeiten, die mit Ihrem Browser kompatibel sind.<\/p>\n<\/li>\n<li><b>Geolokalisierungs-Cookies:<\/b><span>\u00a0<\/span>Diese Cookies werden verwendet, um herauszufinden, in welchem Land Sie sich befinden, wenn Sie einen Dienst anfordern. Dieses Cookie ist v\u00f6llig anonym und wird nur dazu verwendet, Inhalte auf Ihren Standort abzustimmen.<\/li>\n<li><b>Registrierungs-Cookies:<\/b><span>\u00a0<\/span>Registrierungs-Cookies werden generiert, sobald sich ein Nutzer anmeldet oder anschlie\u00dfend eingeloggt bleibt. Sie werden verwendet, um Sie f\u00fcr die folgenden Zwecke zu identifizieren:\n<p><b>1.<\/b><span>\u00a0<\/span>Die Identifizierung des Nutzers aufrechtzuerhalten, so dass er, wenn er einen Dienst, den Browser oder den Computer schlie\u00dft und zu einem anderen Zeitpunkt oder an einem anderen Tag den Dienst erneut aufruft, weiterhin identifiziert wird, wodurch das Surfen erleichtert wird, ohne sich erneut identifizieren zu m\u00fcssen. Diese Funktion kann entfernt werden, wenn der Nutzer die Funktion \u201eSitzung schlie\u00dfen&#8220; anklickt, so dass dieses Cookie gel\u00f6scht wird und der Nutzer sich beim n\u00e4chsten Besuch des Dienstes anmelden muss, um identifiziert zu werden.<\/p>\n<p><b>2.<\/b><span>\u00a0<\/span>\u00dcberpr\u00fcfen, ob der Nutzer berechtigt ist, auf bestimmte Dienste zuzugreifen, z. B. um an einem Wettbewerb teilzunehmen.<\/p>\n<\/li>\n<li><b>Analyse-Cookies:<\/b><span>\u00a0<\/span>Jedes Mal, wenn ein Nutzer einen Dienst besucht, generiert ein Tool eines externen Anbieters ein analytisches Cookie auf dem Computer des Nutzers. Dieses Cookie, das nur w\u00e4hrend des Besuchs generiert wird, dient bei zuk\u00fcnftigen Besuchen der Website dazu, den Besucher anonym zu identifizieren. Die wichtigsten Ziele, die hiermit verfolgt werden, sind:\n<p><b>1.<span>\u00a0<\/span><\/b>Die anonyme Identifizierung von Browsern durch das \u201eCookie&#8220; (es identifiziert Browser und Ger\u00e4te, aber keine Personen) und damit die ungef\u00e4hre Anzahl der Besucher und deren Trend \u00fcber einen Zeitraum.<\/p>\n<p><b>2.<\/b><span>\u00a0<\/span>Anonym die meistbesuchten, und damit f\u00fcr den Nutzer interessantesten Inhalte zu identifizieren.<\/p>\n<p><b>3.<span>\u00a0<\/span><\/b>Festzustellen, ob der Nutzer, der auf die Website zugreift, neu ist oder den Besuch wiederholt.<\/p>\n<p><b>4.<\/b><span>\u00a0<\/span><b>Wichtig:<span>\u00a0<\/span><\/b>Sofern sich der Nutzer nicht f\u00fcr die Registrierung f\u00fcr einen Webdienst entscheidet, wird das \u201eCookie&#8220; niemals mit pers\u00f6nlichen Daten verkn\u00fcpft, die Sie identifizieren k\u00f6nnen. Diese Cookies werden nur zu statistischen Zwecken verwendet, um die Nutzererfahrung auf der Website zu optimieren.<\/p>\n<\/li>\n<li><b>Verhaltensbasierte Werbe-Cookies:<\/b><span>\u00a0<\/span>Diese Art von \u201eCookie&#8220; erm\u00f6glicht es, mehr Informationen \u00fcber Anzeigen zu erhalten, die jedem anonymen Nutzer in den Webdiensten angezeigt werden. Unter anderem werden die Dauer oder H\u00e4ufigkeit der Anzeige von Werbepositionen, die Interaktion mit ihnen oder die Surfmuster und\/oder Freigaben des Nutzers gespeichert, da sie helfen, ein Profil der Werbeinteressen zu erstellen. Auf diese Weise erm\u00f6glichen sie es, Werbung anzubieten, die auf die Interessen des Nutzers abgestimmt ist.<\/li>\n<li><b>Werbe-Cookies von Drittanbietern:<\/b><span>\u00a0<\/span>Zus\u00e4tzlich zu der Werbung, welche die Website in ihren Diensten verwaltet, bietet die Website ihren Werbetreibenden die M\u00f6glichkeit, Anzeigen \u00fcber Dritte (\u201eAdServer\u201c) zu schalten. Auf diese Weise k\u00f6nnen diese Dritten Cookies speichern, die von den Webdiensten aus den Browsern der Nutzer gesendet wurden, und auf die darin gespeicherten Daten zugreifen.<\/li>\n<\/ul>\n<h4 class=\"mt-5 mb-3\">3. Welche Cookies verwenden wir?<\/h4>\n<hr \/>\n<p>Die auf unserer Website verwendeten Cookies sind:<\/p>\n<ul>\n<ul>\n<li><b>Eigene:<\/b><span>\u00a0<\/span>Dies sind Cookies, die von einem vom Editor selbst verwalteten Computer oder Domain an das Endger\u00e4t des Nutzers gesendet werden und von denen aus der vom Nutzer angeforderte Dienst bereitgestellt wird.<br \/>\n<table>\n<tbody>\n<tr>\n<td>NAME<\/td>\n<td>ART<\/td>\n<td>DOMAIN<\/td>\n<td>G\u00dcLTIGKEIT<\/td>\n<td>FUNKTION<\/td>\n<\/tr>\n<tr>\n<td>CookiePreferences<\/td>\n<td>Cookies<\/td>\n<td>couth.com<\/td>\n<td>1 Jahr<\/td>\n<td>Speichern von nutzerdefinierten Einstellungen aus akzeptierten oder abgelehnten Cookies.<\/td>\n<\/tr>\n<tr>\n<td>CookieShow<\/td>\n<td>Cookies<\/td>\n<td>couth.com<\/td>\n<td>1 Monat<\/td>\n<td>Erkennen der Interaktion des Nutzer mit dem Banner der Cookies.<\/td>\n<\/tr>\n<\/tbody>\n<\/table>\n<\/li>\n<\/ul>\n<\/ul>\n<h4><\/h4>\n<ul>\n<li><b>Von Drittanbietern:<\/b><span>\u00a0<\/span>Dies sind Cookies, die von einem Computer oder Domain an das Endger\u00e4t des Nutzers gesendet werden, die nicht vom Editor verwaltet werden, sondern von einer anderen Stelle, welche die durch Cookies erhaltenen Daten verarbeitet.<br \/>\n<table>\n<tbody>\n<tr>\n<td>NAME<\/td>\n<td>ART<\/td>\n<td>DOMAIN<\/td>\n<td>G\u00dcLTIGKEIT<\/td>\n<td>FUNKTION<\/td>\n<\/tr>\n<tr>\n<td>_gat<\/td>\n<td>Analytical<\/td>\n<td>couth.com<\/td>\n<td>Bis zum Ende der Sitzung<\/td>\n<td>Dieses Google-Analytics-Cookie dient ausschlie\u00dflich zu Analysezwecken, um zu messen, wie Nutzer mit unserer Website interagieren.<\/td>\n<\/tr>\n<tr>\n<td>_gid<\/td>\n<td>Analytical<\/td>\n<td>couth.com<\/td>\n<td>1 Tag<\/td>\n<td>Dieses Google-Analytics-Cookie dient dazu, jeder Seite einen anderen Identifikationscode zuzuweisen und das Datum anzugeben.<\/td>\n<\/tr>\n<tr>\n<td>_ga<\/td>\n<td>Analitica<\/td>\n<td>couth.com<\/td>\n<td>2 Jahre<\/td>\n<td>Dieses Google-Analytics-Cookie dient dazu, den Identifikationscode des Nutzers zu speichern, wobei der Cookie-Name, die Domain und die Verfallszeit personalisiert werden k\u00f6nnen.<\/td>\n<\/tr>\n<\/tbody>\n<\/table>\n<p>Google Analytics:<span>\u00a0<\/span><a target=\"_blank\" href=\"https:\/\/support.google.com\/analytics\/answer\/6004245?hl=es\" rel=\"noopener\">https:\/\/support.google.com\/analytics\/answer\/6004245?hl=es<\/a><\/li>\n<\/ul>\n<h4 class=\"mt-5 mb-3\">4. Wie kann man Cookies deaktivieren?<\/h4>\n<hr \/>\n<p>In der Regel ist es m\u00f6glich, Cookies im Browser zu unterbinden oder Cookies eines bestimmten Dienstes zu akzeptieren oder abzulehnen.<\/p>\n<p>Bei allen modernen Browsern k\u00f6nnen Sie die Cookie-Einstellungen \u00e4ndern. Diese Einstellungen finden Sie normalerweise in den \u201eOptionen&#8220; oder \u201eEinstellungen&#8220; Ihres Browser-Men\u00fcs. Sie k\u00f6nnen auch Ihren Browser oder E-Mail-Manager konfigurieren und kostenlose Plug-ins installieren, um zu verhindern, dass Z\u00e4hlpixel heruntergeladen werden, wenn Sie eine E-Mail \u00f6ffnen.<\/p>\n<p>Die Website bietet dem Nutzer Anleitungen f\u00fcr den Zugriff auf das Konfigurationsmen\u00fc der Cookies und ggf. zum privaten Surfen in jedem der wichtigsten Browser:<\/p>\n<ul>\n<li><b>Internet Explorer:<\/b>Extras &#8211; &gt; Internetoptionen &#8211; &gt; Datenschutz &#8211; &gt; Einstellungen.<\/li>\n<li>Weitere Informationen erhalten Sie im Microsoft-Support oder in der \u201eHilfe&#8220;-Funktion des Browsers.<\/li>\n<li><b>Firefox:<\/b><span>\u00a0<\/span>Extras &#8211; &gt; Optionen &#8211; &gt; Datenschutz &#8211; &gt; Verlauf &#8211; &gt; Nutzerdefinierte Einstellungen.<\/li>\n<li><b>Chrome:<\/b><span>\u00a0<\/span>Einstellungen -&gt; Erweiterte Optionen anzeigen -&gt; Datenschutz -&gt; Inhaltseinstellungen.<\/li>\n<li><b>Safari:<\/b><span>\u00a0<\/span>Einstellungen -&gt; Datenschutz.<\/li>\n<li>Weitere Informationen erhalten Sie im Microsoft-Support oder in der \u201eHilfe&#8220;-Funktion des Browsers.<\/li>\n<\/ul>\n<h4 class=\"mt-5 mb-3\">5. Kann die Cookie-Richtlinie abge\u00e4ndert werden?<\/h4>\n<hr \/>\n<p>Die Website kann diese Cookie-Richtlinie aufgrund gesetzlicher und beh\u00f6rdlicher Anforderungen, oder um sie an die von der Spanischen Agentur f\u00fcr Datenschutz vorgeschriebenen Anweisungen anzupassen, ab\u00e4ndern, weshalb den Nutzern empfohlen wird, diese regelm\u00e4\u00dfig zu besuchen.<\/p>\n<p>Wenn wesentliche \u00c4nderungen an dieser Cookie-Richtlinie vorgenommen werden, werden die Nutzer entweder \u00fcber die Website oder per E-Mail an registrierte Nutzer benachrichtigt.<\/p>\n<p>[\/et_pb_text][\/et_pb_column][\/et_pb_row][\/et_pb_section]<\/p>\n","protected":false},"excerpt":{"rendered":"<p>1. Was sind Cookies? Die Website von COUTH INDUSTRIAL MARKING SYSTEMS, S.L.U. (ab jetzt die Website) verwendet Cookies. Cookies sind Dateien, die von einem Webserver an einen Browser gesendet werden, um die Aktivit\u00e4ten des Nutzers auf einer bestimmten Website aufzuzeichnen. Oberstes Ziel von Cookies ist es, dem Nutzer einen schnelleren Zugriff auf die ausgew\u00e4hlten Dienste [&hellip;]<\/p>\n","protected":false},"author":1,"featured_media":0,"parent":0,"menu_order":44,"comment_status":"closed","ping_status":"closed","template":"","meta":{"_et_pb_use_builder":"on","_et_pb_old_content":"","_et_gb_content_width":"","footnotes":""},"class_list":["post-19565","page","type-page","status-publish","hentry"],"_links":{"self":[{"href":"https:\/\/www.couth.com\/de\/wp-json\/wp\/v2\/pages\/19565","targetHints":{"allow":["GET"]}}],"collection":[{"href":"https:\/\/www.couth.com\/de\/wp-json\/wp\/v2\/pages"}],"about":[{"href":"https:\/\/www.couth.com\/de\/wp-json\/wp\/v2\/types\/page"}],"author":[{"embeddable":true,"href":"https:\/\/www.couth.com\/de\/wp-json\/wp\/v2\/users\/1"}],"replies":[{"embeddable":true,"href":"https:\/\/www.couth.com\/de\/wp-json\/wp\/v2\/comments?post=19565"}],"version-history":[{"count":5,"href":"https:\/\/www.couth.com\/de\/wp-json\/wp\/v2\/pages\/19565\/revisions"}],"predecessor-version":[{"id":19573,"href":"https:\/\/www.couth.com\/de\/wp-json\/wp\/v2\/pages\/19565\/revisions\/19573"}],"wp:attachment":[{"href":"https:\/\/www.couth.com\/de\/wp-json\/wp\/v2\/media?parent=19565"}],"curies":[{"name":"wp","href":"https:\/\/api.w.org\/{rel}","templated":true}]}}