{"id":19487,"date":"2021-07-07T12:14:42","date_gmt":"2021-07-07T10:14:42","guid":{"rendered":"https:\/\/www.couth.com\/?page_id=19487"},"modified":"2025-07-09T11:01:53","modified_gmt":"2025-07-09T09:01:53","slug":"datensschutz-gemaess-rgpd-allgemeines-datenschutzregister","status":"publish","type":"page","link":"https:\/\/www.couth.com\/de\/datensschutz-gemaess-rgpd-allgemeines-datenschutzregister\/","title":{"rendered":"Datensschutz gem\u00e4\u00df RGPD (Allgemeines Datenschutzregister)"},"content":{"rendered":"<p>[et_pb_section fb_built=&#8220;1&#8243; _builder_version=&#8220;4.16&#8243; _module_preset=&#8220;default&#8220; background_image=&#8220;https:\/\/www.couth.com\/wp-content\/uploads\/2021\/04\/Banner_marcaje.jpg&#8220; custom_padding=&#8220;0px||0px||true|false&#8220; global_colors_info=&#8220;{}&#8220;][et_pb_row _builder_version=&#8220;4.16&#8243; _module_preset=&#8220;default&#8220; custom_padding=&#8220;0px||0px||true|false&#8220; global_colors_info=&#8220;{}&#8220;][et_pb_column type=&#8220;4_4&#8243; _builder_version=&#8220;4.16&#8243; _module_preset=&#8220;default&#8220; global_colors_info=&#8220;{}&#8220;][et_pb_cta title=&#8220;Datensschutz gem\u00e4\u00df RGPD (Allgemeines Datenschutzregister)&#8220; button_url=&#8220;#formulario&#8220; _builder_version=&#8220;4.16&#8243; _module_preset=&#8220;default&#8220; header_level=&#8220;h1&#8243; header_font=&#8220;|600|||||||&#8220; header_font_size=&#8220;45px&#8220; body_font=&#8220;|600|||||||&#8220; body_font_size=&#8220;36px&#8220; background_enable_color=&#8220;off&#8220; custom_button=&#8220;on&#8220; button_use_icon=&#8220;off&#8220; button_custom_margin=&#8220;20px||||false|false&#8220; button_custom_margin_tablet=&#8220;10px||||false|false&#8220; button_custom_margin_phone=&#8220;0px||||false|false&#8220; button_custom_margin_last_edited=&#8220;on|tablet&#8220; custom_padding=&#8220;0px||||false|false&#8220; custom_padding_tablet=&#8220;20px||20px||true|false&#8220; custom_padding_phone=&#8220;&#8220; custom_padding_last_edited=&#8220;on|tablet&#8220; header_font_size_tablet=&#8220;40px&#8220; header_font_size_phone=&#8220;30px&#8220; header_font_size_last_edited=&#8220;on|phone&#8220; body_font_size_tablet=&#8220;30px&#8220; body_font_size_phone=&#8220;21px&#8220; body_font_size_last_edited=&#8220;on|tablet&#8220; global_colors_info=&#8220;{}&#8220;][\/et_pb_cta][\/et_pb_column][\/et_pb_row][\/et_pb_section][et_pb_section fb_built=&#8220;1&#8243; custom_padding_last_edited=&#8220;on|phone&#8220; _builder_version=&#8220;4.16&#8243; _module_preset=&#8220;default&#8220; custom_padding_tablet=&#8220;30px||30px||true|false&#8220; custom_padding_phone=&#8220;15px||15px||true|false&#8220; global_colors_info=&#8220;{}&#8220;][et_pb_row _builder_version=&#8220;4.16&#8243; _module_preset=&#8220;default&#8220; global_colors_info=&#8220;{}&#8220;][et_pb_column type=&#8220;4_4&#8243; _builder_version=&#8220;4.16&#8243; _module_preset=&#8220;default&#8220; global_colors_info=&#8220;{}&#8220;][et_pb_text _builder_version=&#8220;4.27.0&#8243; _module_preset=&#8220;default&#8220; hover_enabled=&#8220;0&#8243; global_colors_info=&#8220;{}&#8220; sticky_enabled=&#8220;0&#8243;]<\/p>\n<p>In Anwendung der geltenden Vorschriften zum Schutz personenbezogener Daten informiert COUTH INDUSTRIAL MARKING SYSTEMS, S.L.U., dass die \u00fcber die Formulare der Website https:\/\/www.couth.com\/ erhobenen personenbezogenen Daten, in die spezifischen automatisierten Dateien der Nutzer der Dienstleistungen von COUTH INDUSTRIAL MARKING SYSTEMS, S.L.U. aufgenommen werden.<\/p>\n<p>Die Erhebung und automatische Verarbeitung personenbezogener Daten dient der Aufrechterhaltung der Gesch\u00e4ftsbeziehung sowie der Durchf\u00fchrung von Informations-, Schulungs-, Beratungs- und anderer Aktivit\u00e4ten seitens COUTH INDUSTRIAL MARKING SYSTEMS, S.L.U.<\/p>\n<p>Diese Daten werden ausschlie\u00dflich an solche Stellen weitergegeben, die zur Erf\u00fcllung des vorgenannten Zwecks erforderlich sind.<\/p>\n<p>COUTH INDUSTRIAL MARKING SYSTEMS, S.L.U. ergreift alle notwendigen Ma\u00dfnahmen, die zur Wahrung der Sicherheit, Integrit\u00e4t und Vertraulichkeit der Daten gem\u00e4\u00df den Bestimmungen der Verordnung (EU) 2016\/679 des Europ\u00e4ischen Parlaments und des Rates vom 27. April 2016 zum Schutz nat\u00fcrlicher Personen bei der Verarbeitung personenbezogener Daten und zum freien Datenverkehr erforderlich sind.<\/p>\n<p>Der Nutzer kann jederzeit sein in der vorgenannten EU-Verordnung verankertes Recht auf Auskunft, Widerspruch, Berichtigung, L\u00f6schung, Einschr\u00e4nkung und \u00dcbertragbarkeit aus\u00fcben. Die Aus\u00fcbung dieser Rechte kann vom Nutzer selbst per E-Mail an: <a href=\"mailto:info@couth.com\">info@couth.com<\/a> oder an die Postanschrift: Gaintzabal kalea, 4 A 20120 Hernani, Gipuzkoa Spain erfolgen.<\/p>\n<p>Der Nutzer erkl\u00e4rt, dass alle von ihm zur Verf\u00fcgung gestellten Informationen wahr und richtig sind, und verpflichtet sich, diese auf dem neuesten Stand zu halten und COUTH INDUSTRIAL MARKING SYSTEMS, S.L.U. jedwede \u00c4nderung mitzuteilen.<\/p>\n<h4 class=\"mt-5 mb-3\">Zweck der Verarbeitung der personenbezogenen Daten:<\/h4>\n<hr \/>\n<h5 class=\"mt-5 mb-3\"><\/h5>\n<h5 class=\"mt-5 mb-3\"><\/h5>\n<h5 class=\"mt-5 mb-3\">Zu welchem Zweck werden wir Ihre personenbezogenen Daten verarbeiten?<\/h5>\n<p>COUTH INDUSTRIAL MARKING SYSTEMS, S.L.U. wird Ihre \u00fcber die Website https:\/\/www.couth.com\/ erhobenen, personenbezogenen Daten f\u00fcr folgende Zwecke verarbeiten:<\/p>\n<ol>\n<li>Versenden von Gesch\u00e4ftsinformationen und Newslettern hinsichtlich neuer Dienstleistungen, die auf der Website und in der Branche angeboten werden.<\/li>\n<li>Aktualisierung von Daten, Systemaktualisierungen sowie Schutz und Wahrung von Informationen und Datenbanken des Unternehmens.<\/li>\n<li>Versenden von Werbeinformationen auf elektronischem Wege.<\/li>\n<li>Bereitstellung der vom Nutzer \u00fcber das Kontaktformular angeforderten Informationen.<\/li>\n<\/ol>\n<p>Bitte beachten Sie, dass Sie der Zusendung kommerzieller Mitteilungen jederzeit widersprechen k\u00f6nnen, indem Sie eine E-Mail an die oben genannte Adresse schicken.<\/p>\n<p>Die in diesen Datens\u00e4tzen angezeigten Felder sind Pflichtfelder, die zwingend ausgef\u00fcllt werden m\u00fcssen, da sonst die angegebenen Zwecke nicht erf\u00fcllt werden k\u00f6nnen, wenn diese Daten nicht bereitgestellt werden.<\/p>\n<h5 class=\"mt-5 mb-3\">Wie lange werden die erhobenen personenbezogenen Daten aufbewahrt?<\/h5>\n<p>Die zur Verf\u00fcgung gestellten personenbezogenen Daten werden so lange aufbewahrt, wie die Gesch\u00e4ftsbeziehung aufrechterhalten wird oder Sie deren L\u00f6schung nicht verlangen, sowie f\u00fcr den Zeitraum der gesetzlichen Aufbewahrungspflichten, die sich aus den erbrachten Leistungen ergeben k\u00f6nnen.<\/p>\n<h4 class=\"mt-5 mb-3\">Rechtsgrundlage:<\/h4>\n<hr \/>\n<p>&nbsp;<\/p>\n<p>Die Verarbeitung Ihrer Daten erfolgt auf der folgenden Rechtsgrundlage:<\/p>\n<ol>\n<li>1. Der Anfrage nach Informationen und\/oder Inanspruchnahme von Dienstleistungen von COUTH INDUSTRIAL MARKING SYSTEMS, S.L.U., dessen Gesch\u00e4ftsbedingungen Ihnen in jedem Fall vor einer m\u00f6glichen Beauftragung zur Verf\u00fcgung gestellt werden.<\/li>\n<li>2. Der freiwilligen, spezifischen, informierten und eindeutigen Zustimmung, solange wir Sie durch die Bereitstellung dieser Datenschutzrichtlinie informieren, welche Sie nach dem Lesen und falls Sie einverstanden sind, durch eine Erkl\u00e4rung oder eine eindeutige, best\u00e4tigende Handlung, wie das Ankreuzen eines daf\u00fcr vorgesehenen K\u00e4stchens, akzeptieren k\u00f6nnen.<\/li>\n<\/ol>\n<p>F\u00fcr den Fall, dass Sie uns Ihre Daten nicht, unrichtig oder unvollst\u00e4ndig zur Verf\u00fcgung stellen, k\u00f6nnen wir Ihre Anfrage nicht bearbeiten und es ist folglich nicht m\u00f6glich, Ihnen die gew\u00fcnschten Informationen bereitzustellen oder die Beauftragung der Dienstleistungen auszuf\u00fchren.<\/p>\n<h4 class=\"mt-5 mb-3\">Empf\u00e4nger:<\/h4>\n<hr \/>\n<p>&nbsp;<\/p>\n<p>Die Daten werden nicht an Dritte au\u00dferhalb von COUTH INDUSTRIAL MARKING SYSTEMS, S.L.U. weitergegeben, es sei denn, es besteht eine gesetzliche Verpflichtung dazu.<\/p>\n<h4 class=\"mt-5 mb-3\"><\/h4>\n<h4 class=\"mt-5 mb-3\"><\/h4>\n<h4 class=\"mt-5 mb-3\">Von Nutzern der Dienstleistungen erhobene Daten<\/h4>\n<hr \/>\n<p>&nbsp;<\/p>\n<p>In F\u00e4llen, in denen der Nutzer Dateien mit personenbezogenen Daten in Shared-Hosting-Server aufnimmt, lehnt COUTH INDUSTRIAL MARKING SYSTEMS, S.L.U. jegliche Haftung f\u00fcr die Nichterf\u00fcllung des Datenschutzes gem\u00e4\u00df RGPD durch den Nutzer ab.<\/p>\n<h4 class=\"mt-5 mb-3\">Datenaufbewahrung gem\u00e4\u00df dem spanischen Gesetz \u00fcber die Dienste der Informationsgesellschaft und den elektronischen Gesch\u00e4ftsverkehr (LSSI)<\/h4>\n<hr \/>\n<p>&nbsp;<\/p>\n<p>COUTH INDUSTRIAL MARKING SYSTEMS, S.L.U. informiert, dass die von ihm als Anbieter von Daten-Hosting-Diensten erhobenen Daten aufgrund der Bestimmungen des spanischen Gesetzes 34\/2002 vom 11. Juli \u00fcber die Dienste der Informationsgesellschaft und den elektronischen Gesch\u00e4ftsverkehr (LSSI) sowie Informationen, die zur Identifizierung der Herkunft der gehosteten Daten und des Zeitpunkts des Servicebeginns erforderlich sind, f\u00fcr einen Zeitraum von maximal 12 Monaten aufbewahrt werden. Das Horten dieser Daten unterliegt nicht dem Kommunikationsgeheimnis und darf nur im Rahmen einer strafrechtlichen Untersuchung oder zum Schutz der \u00f6ffentlichen Sicherheit genutzt werden, wobei die Daten Richtern und\/oder Gerichten sowie dem Ministerium auf Verlangen zur Verf\u00fcgung gestellt werden m\u00fcssen.<\/p>\n<p>Die \u00dcbermittlung von Daten an die Strafverfolgungsbeh\u00f6rden erfolgt gem\u00e4\u00df den Bestimmungen der Datenschutzerkl\u00e4rung.<\/p>\n<h4 class=\"mt-5 mb-3\">Rechte am geistigen Eigentum https:\/\/www.couth.com\/<\/h4>\n<hr \/>\n<p>&nbsp;<\/p>\n<p>COUTH INDUSTRIAL MARKING SYSTEMS, S.L.U. ist Inhaber aller Urheberrechte, der Rechte am geistigen und gewerblichen Eigentum, des \u201eKnow-How&#8220; sowie aller anderen, den Inhalt der Website https:\/\/www.couth.com\/und die darin angebotenen Dienstleistungen betreffenden Rechte sowie der f\u00fcr ihre Umsetzung erforderlichen Programme und damit verbundenen Informationen.<\/p>\n<p>Die ganze oder teilweise Vervielf\u00e4ltigung, Ver\u00f6ffentlichung und\/oder nicht ausschlie\u00dflich private Nutzung der Inhalte der Website https:\/\/www.couth.com\/ ist ohne vorherige schriftliche Zustimmung verboten.<\/p>\n<h4 class=\"mt-5 mb-3\">Geistiges Eigentum an der Software<\/h4>\n<hr \/>\n<p>&nbsp;<\/p>\n<p>Der Nutzer muss die von COUTH INDUSTRIAL MARKING SYSTEMS, S.L.U. zur Verf\u00fcgung gestellten Programme Dritter respektieren, auch wenn sie kostenlos und\/oder \u00f6ffentlich zug\u00e4nglich sind.<\/p>\n<p>COUTH INDUSTRIAL MARKING SYSTEMS, S.L.U. verf\u00fcgt \u00fcber die erforderlichen Nutzungs- und Schutzrechte an der Software.<\/p>\n<p>Der Nutzer erwirbt keinerlei Rechte oder Lizenzen an der vertragsgegenst\u00e4ndlichen Leistung, an der f\u00fcr die Erbringung der Leistung erforderlichen Software sowie an den technischen Informationen zur \u00dcberwachung der Leistung, mit Ausnahme der f\u00fcr die Erbringung der vertragsgegenst\u00e4ndlichen Leistungen erforderlichen Rechte und Lizenzen und dies ausschlie\u00dflich f\u00fcr deren Dauer.<\/p>\n<p>F\u00fcr jegliche Handlung, die \u00fcber die Einhaltung des Vertrages hinausgeht, ben\u00f6tigt der Nutzer eine schriftliche Genehmigung von COUTH INDUSTRIAL MARKING SYSTEMS, S.L.U.. Dem Nutzer ist zudem untersagt, auf die Konfiguration, die Struktur und die Dateien der Server von COUTH INDUSTRIAL MARKING SYSTEMS, S.L.U. zuzugreifen, sie zu ver\u00e4ndern oder einzusehen. Er \u00fcbernimmt die zivil- und strafrechtliche Haftung, die sich aus jedem Vorfall ergibt, der sich in den Servern und Sicherheitssystemen als direkte Folge einer fahrl\u00e4ssigen oder b\u00f6swilligen Handlung seinerseits ergeben kann.<\/p>\n<h4 class=\"mt-5 mb-3\">Geistiges Eigentum an den gehosteten Inhalten<\/h4>\n<hr \/>\n<p>&nbsp;<\/p>\n<p>Jegliche gesetzeswidrige Nutzung des geistigen Eigentums der von COUTH INDUSTRIAL MARKING SYSTEMS, S.L.U. erbrachten Dienstleistungen ist untersagt, insbesondere:<\/p>\n<ul>\n<li>Jede Nutzung, die gegen spanisches Recht verst\u00f6\u00dft oder die Rechte Dritter verletzt.<\/li>\n<li>Die Ver\u00f6ffentlichung oder Weitergabe von Inhalten, die nach Meinung von COUTH INDUSTRIAL MARKING SYSTEMS, S.L.U. gewaltt\u00e4tig, obsz\u00f6n, beleidigend, illegal, rassistisch, fremdenfeindlich oder diffamierend sind.<\/li>\n<li>Crackings, Programm-Seriennummern oder andere Inhalte, welche die Rechte am geistigen Eigentum Dritter verletzen.<\/li>\n<li>Die Erhebung und\/oder Nutzung personenbezogener Daten anderer Nutzer ohne deren ausdr\u00fcckliche Zustimmung oder den Versto\u00df gegen die Bestimmungen der Verordnung (EU) 2016\/679 des Europ\u00e4ischen Parlaments und des Rates vom 27. April 2016 zum Schutz nat\u00fcrlicher Personen bei der Verarbeitung personenbezogener Daten und zum freien Datenverkehr.<\/li>\n<li>Die Nutzung des Mailservers und der E-Mail-Adressen der Domain f\u00fcr das Versenden von Massen-Spam.<\/li>\n<\/ul>\n<p>Der Nutzer haftet vollumf\u00e4nglich f\u00fcr den Inhalt seiner Website, die \u00fcbermittelten und gespeicherten Informationen, die Hypertext-Links, die Anspr\u00fcche Dritter und die rechtlichen Schritte bez\u00fcglich des geistigen Eigentums, der Rechte Dritter und dem Schutz Minderj\u00e4hriger.<\/p>\n<p>Der Nutzer ist verantwortlich f\u00fcr die Einhaltung der geltenden Gesetze und Vorschriften sowie f\u00fcr die Regeln, die mit dem Betrieb des Online-Dienstes, dem elektronischen Handel, dem Urheberrecht, der Aufrechterhaltung der \u00f6ffentlichen Ordnung sowie den allgemeinen Grunds\u00e4tzen der Internetnutzung in Zusammenhang stehen.<\/p>\n<p>Der Nutzer wird COUTH INDUSTRIAL MARKING SYSTEMS, S.L.U. f\u00fcr die Kosten entsch\u00e4digen, die COUTH INDUSTRIAL MARKING SYSTEMS, S.L.U. durch eine Anschuldigung in einer Rechtssache entstehen, f\u00fcr die der Nutzer verantwortlich ist, einschlie\u00dflich Anwalts- und Gerichtskosten, auch im Falle einer nicht endg\u00fcltigen gerichtlichen Entscheidung.<\/p>\n<h4 class=\"mt-5 mb-3\">Schutz der gehosteten Informationen<\/h4>\n<hr \/>\n<p>&nbsp;<\/p>\n<p>COUTH INDUSTRIAL MARKING SYSTEMS, S.L.U. legt Sicherungskopien der auf ihren Servern gehosteten Inhalte an, ist jedoch nicht verantwortlich f\u00fcr den Verlust oder das versehentliche L\u00f6schen von Daten durch die Nutzer. Ebenso garantiert das Unternehmen auch nicht die vollst\u00e4ndige Wiederherstellung der von den Nutzern gel\u00f6schten Daten, da die genannten Daten w\u00e4hrend des Zeitraums, der seit der Erstellung der letzten Sicherheitskopie vergangen ist, gel\u00f6scht und\/oder ver\u00e4ndert worden sein k\u00f6nnten.<\/p>\n<p>Die angebotenen Dienstleistungen, mit Ausnahme der spezifischen Sicherungsdienste, beinhalten nicht den Ersatz der in den von COUTH INDUSTRIAL MARKING SYSTEMS, S.L.U. erstellten Sicherheitskopien aufbewahrten Inhalte, wenn dieser Verlust dem Nutzer zuzuschreiben ist. In diesem Fall wird, immer mit der Zustimmung des Nutzers, je nach Komplexit\u00e4t und Umfang der Wiederherstellung eine Geb\u00fchr festgelegt.<\/p>\n<p>Der Ersatz gel\u00f6schter Daten ist nur dann im Preis der Dienstleistung enthalten, wenn der Verlust der Inhalte auf Ursachen zur\u00fcckzuf\u00fchren ist, die COUTH INDUSTRIAL MARKING SYSTEMS, S.L.U. zuzuschreiben sind.<\/p>\n<h4 class=\"mt-5 mb-3\">Kommerzielle Mitteilungen<\/h4>\n<hr \/>\n<p>&nbsp;<\/p>\n<p>In Anwendung des spanischen Gesetzes \u00fcber die Dienste der Informationsgesellschaft und den elektronischen Gesch\u00e4ftsverkehr LSSI versendet COUTH INDUSTRIAL MARKING SYSTEMS, S.L.U. keine Werbe- oder verkaufsf\u00f6rdernden Mitteilungen per E-Mail oder andere gleichwertige elektronische Kommunikationsmittel, die nicht zuvor angefordert oder von deren Empf\u00e4ngern ausdr\u00fccklich genehmigt wurden.<\/p>\n<p>Im Falle von Nutzern, mit denen eine fr\u00fchere vertragliche Beziehung besteht, ist COUTH INDUSTRIAL MARKING SYSTEMS, S.L.U. jedoch berechtigt, kommerzielle Mitteilungen \u00fcber Produkte oder Dienstleistungen von COUTH INDUSTRIAL MARKING SYSTEMS, S.L.U. zu versenden, die denen \u00e4hnlich sind, die urspr\u00fcnglich Gegenstand des erteilten Auftrages waren und mit dem Kunden vereinbart wurden.<\/p>\n<p>Allenfalls kann der Nutzer, nachdem er sich ausgewiesen hat, verlangen, dass ihm \u00fcber die vom Kundendienst genutzten Kan\u00e4le keine weiteren kommerziellen Informationen zugesandt werden.<\/p>\n<p>[\/et_pb_text][\/et_pb_column][\/et_pb_row][\/et_pb_section]<\/p>\n","protected":false},"excerpt":{"rendered":"<p>In Anwendung der geltenden Vorschriften zum Schutz personenbezogener Daten informiert COUTH INDUSTRIAL MARKING SYSTEMS, S.L.U., dass die \u00fcber die Formulare der Website https:\/\/www.couth.com\/ erhobenen personenbezogenen Daten, in die spezifischen automatisierten Dateien der Nutzer der Dienstleistungen von COUTH INDUSTRIAL MARKING SYSTEMS, S.L.U. aufgenommen werden. Die Erhebung und automatische Verarbeitung personenbezogener Daten dient der Aufrechterhaltung der Gesch\u00e4ftsbeziehung [&hellip;]<\/p>\n","protected":false},"author":1,"featured_media":0,"parent":0,"menu_order":49,"comment_status":"closed","ping_status":"closed","template":"","meta":{"_et_pb_use_builder":"on","_et_pb_old_content":"","_et_gb_content_width":"","footnotes":""},"class_list":["post-19487","page","type-page","status-publish","hentry"],"_links":{"self":[{"href":"https:\/\/www.couth.com\/de\/wp-json\/wp\/v2\/pages\/19487","targetHints":{"allow":["GET"]}}],"collection":[{"href":"https:\/\/www.couth.com\/de\/wp-json\/wp\/v2\/pages"}],"about":[{"href":"https:\/\/www.couth.com\/de\/wp-json\/wp\/v2\/types\/page"}],"author":[{"embeddable":true,"href":"https:\/\/www.couth.com\/de\/wp-json\/wp\/v2\/users\/1"}],"replies":[{"embeddable":true,"href":"https:\/\/www.couth.com\/de\/wp-json\/wp\/v2\/comments?post=19487"}],"version-history":[{"count":9,"href":"https:\/\/www.couth.com\/de\/wp-json\/wp\/v2\/pages\/19487\/revisions"}],"predecessor-version":[{"id":35454,"href":"https:\/\/www.couth.com\/de\/wp-json\/wp\/v2\/pages\/19487\/revisions\/35454"}],"wp:attachment":[{"href":"https:\/\/www.couth.com\/de\/wp-json\/wp\/v2\/media?parent=19487"}],"curies":[{"name":"wp","href":"https:\/\/api.w.org\/{rel}","templated":true}]}}