{"id":19124,"date":"2021-07-06T12:08:04","date_gmt":"2021-07-06T10:08:04","guid":{"rendered":"https:\/\/www.couth.com\/?page_id=19124"},"modified":"2024-12-20T10:20:19","modified_gmt":"2024-12-20T08:20:19","slug":"zertifizierungen","status":"publish","type":"page","link":"https:\/\/www.couth.com\/de\/zertifizierungen\/","title":{"rendered":"Zertifizierungen"},"content":{"rendered":"<p>[et_pb_section fb_built=&#8220;1&#8243; _builder_version=&#8220;4.16&#8243; _module_preset=&#8220;default&#8220; background_image=&#8220;https:\/\/www.couth.com\/wp-content\/uploads\/2021\/04\/Banner_marcaje.jpg&#8220; custom_padding=&#8220;20px||20px||true|false&#8220; global_colors_info=&#8220;{}&#8220;][et_pb_row _builder_version=&#8220;4.16&#8243; _module_preset=&#8220;default&#8220; custom_padding=&#8220;0px||0px||true|false&#8220; global_colors_info=&#8220;{}&#8220;][et_pb_column type=&#8220;4_4&#8243; _builder_version=&#8220;4.16&#8243; _module_preset=&#8220;default&#8220; global_colors_info=&#8220;{}&#8220;][et_pb_cta title=&#8220;Zertifizierungen&#8220; button_url=&#8220;#formulario&#8220; _builder_version=&#8220;4.16&#8243; _module_preset=&#8220;default&#8220; header_level=&#8220;h1&#8243; header_font=&#8220;|600|||||||&#8220; header_font_size=&#8220;45px&#8220; body_font=&#8220;|300|||||||&#8220; background_enable_color=&#8220;off&#8220; custom_button=&#8220;on&#8220; button_use_icon=&#8220;off&#8220; button_custom_margin=&#8220;20px||||false|false&#8220; button_custom_margin_tablet=&#8220;10px||||false|false&#8220; button_custom_margin_phone=&#8220;0px||||false|false&#8220; button_custom_margin_last_edited=&#8220;on|tablet&#8220; custom_padding=&#8220;0px||0px||true|false&#8220; header_font_size_tablet=&#8220;40px&#8220; header_font_size_phone=&#8220;30px&#8220; header_font_size_last_edited=&#8220;on|phone&#8220; body_font_size_tablet=&#8220;30px&#8220; body_font_size_phone=&#8220;21px&#8220; body_font_size_last_edited=&#8220;on|tablet&#8220; global_colors_info=&#8220;{}&#8220;][\/et_pb_cta][\/et_pb_column][\/et_pb_row][\/et_pb_section][et_pb_section fb_built=&#8220;1&#8243; custom_padding_last_edited=&#8220;off|desktop&#8220; admin_label=&#8220;About Us&#8220; _builder_version=&#8220;4.16&#8243; custom_padding=&#8220;||||false&#8220; custom_padding_phone=&#8220;20px||20px||true|false&#8220; global_colors_info=&#8220;{}&#8220;][et_pb_row custom_padding_last_edited=&#8220;off|desktop&#8220; _builder_version=&#8220;4.16&#8243; _module_preset=&#8220;default&#8220; custom_padding_phone=&#8220;||0px||false|false&#8220; custom_css_main_element=&#8220;display:flex;||flex-direction: row;||align-items: center;&#8220; global_colors_info=&#8220;{}&#8220; custom_css_main_element_last_edited=&#8220;on|tablet&#8220; custom_css_main_element_tablet=&#8220;display:flex;||flex-direction:column-reverse;&#8220; custom_css_main_element_phone=&#8220;display:flex;||flex-direction:column-reverse;&#8220;][et_pb_column type=&#8220;4_4&#8243; _builder_version=&#8220;4.16&#8243; _module_preset=&#8220;default&#8220; global_colors_info=&#8220;{}&#8220;][et_pb_text _builder_version=&#8220;4.16&#8243; _module_preset=&#8220;default&#8220; text_font=&#8220;|300|||||||&#8220; text_font_size=&#8220;20px&#8220; header_2_font=&#8220;|600|||||||&#8220; header_2_font_size=&#8220;24px&#8220; header_3_font=&#8220;||||||||&#8220; text_font_size_tablet=&#8220;&#8220; text_font_size_phone=&#8220;16px&#8220; text_font_size_last_edited=&#8220;on|phone&#8220; header_2_font_size_tablet=&#8220;&#8220; header_2_font_size_phone=&#8220;21px&#8220; header_2_font_size_last_edited=&#8220;on|desktop&#8220; header_3_font_size_phone=&#8220;21px&#8220; header_3_font_size_last_edited=&#8220;off|phone&#8220; text_orientation_tablet=&#8220;center&#8220; text_orientation_phone=&#8220;&#8220; text_orientation_last_edited=&#8220;on|tablet&#8220; global_colors_info=&#8220;{}&#8220;]<span style=\"font-weight: 400;\">ZERTIFIZIERUNGEN<\/span><\/p>\n<h2><b>MANAGEMENTSYSTEME: QUALIT\u00c4T UND SICHERHEIT VON INFORMATION<\/b><\/h2>\n<p>[\/et_pb_text][et_pb_text _builder_version=&#8220;4.16&#8243; _module_preset=&#8220;default&#8220; text_orientation=&#8220;justified&#8220; text_font_size_tablet=&#8220;16px&#8220; text_font_size_phone=&#8220;14px&#8220; text_font_size_last_edited=&#8220;on|phone&#8220; text_orientation_tablet=&#8220;center&#8220; text_orientation_phone=&#8220;&#8220; text_orientation_last_edited=&#8220;on|tablet&#8220; global_colors_info=&#8220;{}&#8220;]<span style=\"font-weight: 400;\">Bei COUTH<sup>\u00ae wenden wir auf die gesamte Organisation ein nach ISO 9001 zertifiziertes Qualit\u00e4tsmanagementsystem an. Unser Prozessmanagement orientiert sich an Kundenzufriedenheit und Kontinuierlicher Verbesserung (PDCA-Zyklus).<\/sup><\/span><\/p>\n<p><span style=\"font-weight: 400;\">Wir bieten innovative L\u00f6sungen f\u00fcr qualitativ hochwertige Produkte und Dienstleistungen, die auf dem st\u00e4ndigen Kontakt mit Kunden und Anwendern und der Kenntnis deren Erfordernisse und Erwartungen beruhen. Innovation ist f\u00fcr uns eine Leitlinie f\u00fcr das allgemeine Verhalten und wir streben in allen Prozessen Qualit\u00e4t und Effizienz an.<\/span><\/p>\n<p><span style=\"font-weight: 400;\">Uns motiviert die Entwicklung einzigartiger Ideen f\u00fcr Strategien und Prozesse, die Mehrwert schaffen und deren Umsetzung erleichtern.<\/span>[\/et_pb_text][\/et_pb_column][\/et_pb_row][\/et_pb_section][et_pb_section fb_built=&#8220;1&#8243; _builder_version=&#8220;4.16&#8243; _module_preset=&#8220;default&#8220; background_color=&#8220;#f6d64d&#8220; use_background_color_gradient=&#8220;on&#8220; background_color_gradient_stops=&#8220;#f6d64d 40%|#ffffff 40%&#8220; background_color_gradient_start=&#8220;#f6d64d&#8220; background_color_gradient_start_position=&#8220;40%&#8220; background_color_gradient_end=&#8220;#ffffff&#8220; background_color_gradient_end_position=&#8220;40%&#8220; min_height=&#8220;600px&#8220; custom_margin_phone=&#8220;||||false|false&#8220; custom_margin_last_edited=&#8220;off|desktop&#8220; custom_padding=&#8220;||||false|false&#8220; global_colors_info=&#8220;{}&#8220;][et_pb_row _builder_version=&#8220;4.16&#8243; _module_preset=&#8220;default&#8220; global_colors_info=&#8220;{}&#8220;][et_pb_column type=&#8220;4_4&#8243; _builder_version=&#8220;4.16&#8243; _module_preset=&#8220;default&#8220; global_colors_info=&#8220;{}&#8220;][et_pb_text _builder_version=&#8220;4.16&#8243; _module_preset=&#8220;default&#8220; text_font=&#8220;|300|||||||&#8220; text_text_color=&#8220;#000000&#8243; text_font_size=&#8220;20px&#8220; header_2_font=&#8220;|600|||||||&#8220; header_2_font_size=&#8220;24px&#8220; header_3_font=&#8220;||||||||&#8220; text_font_size_tablet=&#8220;&#8220; text_font_size_phone=&#8220;16px&#8220; text_font_size_last_edited=&#8220;on|phone&#8220; header_2_font_size_tablet=&#8220;&#8220; header_2_font_size_phone=&#8220;21px&#8220; header_2_font_size_last_edited=&#8220;on|desktop&#8220; header_3_font_size_phone=&#8220;21px&#8220; header_3_font_size_last_edited=&#8220;off|phone&#8220; text_orientation_tablet=&#8220;center&#8220; text_orientation_phone=&#8220;&#8220; text_orientation_last_edited=&#8220;on|tablet&#8220; global_colors_info=&#8220;{}&#8220;]<span style=\"font-weight: 400;\">ZERTIFIZIERUNGEN<\/span><\/p>\n<h2><b>DOKUMENTE ZUM DOWNLOADEN<\/b><\/h2>\n<p>[\/et_pb_text][\/et_pb_column][\/et_pb_row][et_pb_row column_structure=&#8220;1_3,1_3,1_3&#8243; use_custom_gutter=&#8220;on&#8220; make_equal=&#8220;on&#8220; admin_label=&#8220;Zeile&#8220; _builder_version=&#8220;4.16&#8243; _module_preset=&#8220;default&#8220; width_phone=&#8220;90%&#8220; width_last_edited=&#8220;off|desktop&#8220; height_tablet=&#8220;1500px&#8220; height_phone=&#8220;1670px&#8220; height_last_edited=&#8220;off|desktop&#8220; custom_margin_tablet=&#8220;-250px||-100px||false|false&#8220; custom_margin_phone=&#8220;0px||0px||false|false&#8220; custom_margin_last_edited=&#8220;off|desktop&#8220; global_colors_info=&#8220;{}&#8220;][et_pb_column type=&#8220;1_3&#8243; _builder_version=&#8220;4.16&#8243; _module_preset=&#8220;default&#8220; global_colors_info=&#8220;{}&#8220;][et_pb_blurb title=&#8220;ZERTIFIKAT ISO 9001&#8243; image=&#8220;https:\/\/www.couth.com\/wp-content\/uploads\/2021\/06\/Iso-COUTH.jpg&#8220; content_max_width=&#8220;100%&#8220; _builder_version=&#8220;4.17.6&#8243; _module_preset=&#8220;default&#8220; header_level=&#8220;h3&#8243; header_font_size=&#8220;18px&#8220; body_text_align=&#8220;left&#8220; background_color=&#8220;#FFFFFF&#8220; text_orientation=&#8220;center&#8220; module_alignment=&#8220;center&#8220; custom_padding=&#8220;25px|25px|25px|25px|true|true&#8220; link_option_url=&#8220;https:\/\/www.couth.com\/wp-content\/uploads\/2023\/12\/IQNetES-1842-2005_2023-11-29.pdf&#8220; link_option_url_new_window=&#8220;on&#8220; hover_enabled=&#8220;0&#8243; body_font_size_tablet=&#8220;16px&#8220; body_font_size_phone=&#8220;14px&#8220; body_font_size_last_edited=&#8220;on|phone&#8220; custom_css_main_element=&#8220;box-shadow: 0px 2px 18px 0px rgb(0 0 0 \/ 30%);||padding-top: 25px!important;||    padding-right: 25px!important;||    padding-bottom: 25px!important;||    padding-left: 25px!important;&#8220; box_shadow_style=&#8220;preset1&#8243; global_colors_info=&#8220;{}&#8220; sticky_enabled=&#8220;0&#8243;][\/et_pb_blurb][\/et_pb_column][et_pb_column type=&#8220;1_3&#8243; _builder_version=&#8220;4.16&#8243; _module_preset=&#8220;default&#8220; global_colors_info=&#8220;{}&#8220;][et_pb_blurb title=&#8220; AENOR ZERTIFIKAT&#8220; image=&#8220;https:\/\/www.couth.com\/wp-content\/uploads\/2021\/06\/aenorCOUTH.jpg&#8220; content_max_width=&#8220;100%&#8220; _builder_version=&#8220;4.17.6&#8243; _module_preset=&#8220;default&#8220; header_level=&#8220;h3&#8243; header_font_size=&#8220;18px&#8220; body_text_align=&#8220;left&#8220; background_color=&#8220;#FFFFFF&#8220; text_orientation=&#8220;center&#8220; module_alignment=&#8220;center&#8220; custom_padding=&#8220;25px|25px|25px|25px|true|true&#8220; link_option_url=&#8220;https:\/\/www.couth.com\/wp-content\/uploads\/2023\/12\/CertificadoER-1842-2005_ES_2023-11-29.pdf&#8220; link_option_url_new_window=&#8220;on&#8220; body_font_size_tablet=&#8220;16px&#8220; body_font_size_phone=&#8220;14px&#8220; body_font_size_last_edited=&#8220;on|phone&#8220; custom_css_main_element=&#8220;box-shadow: 0px 2px 18px 0px rgb(0 0 0 \/ 30%);||padding-top: 25px!important;||    padding-right: 25px!important;||    padding-bottom: 25px!important;||    padding-left: 25px!important;&#8220; box_shadow_style=&#8220;preset1&#8243; global_colors_info=&#8220;{}&#8220;][\/et_pb_blurb][\/et_pb_column][et_pb_column type=&#8220;1_3&#8243; _builder_version=&#8220;4.16&#8243; _module_preset=&#8220;default&#8220; global_colors_info=&#8220;{}&#8220;][et_pb_blurb title=&#8220;QUALIT\u00c4TSPOLITIK &#8220; image=&#8220;https:\/\/www.couth.com\/wp-content\/uploads\/2021\/06\/Calidad.jpg&#8220; content_max_width=&#8220;100%&#8220; _builder_version=&#8220;4.16&#8243; _module_preset=&#8220;default&#8220; header_level=&#8220;h3&#8243; header_font_size=&#8220;18px&#8220; body_text_align=&#8220;left&#8220; background_color=&#8220;#FFFFFF&#8220; text_orientation=&#8220;center&#8220; module_alignment=&#8220;center&#8220; custom_padding=&#8220;25px|25px|25px|25px|true|true&#8220; link_option_url=&#8220;https:\/\/www.couth.com\/wp-content\/uploads\/2021\/06\/POLI\u0301TICA-DE-CALIDAD-2017.09.25.pdf&#8220; link_option_url_new_window=&#8220;on&#8220; body_font_size_tablet=&#8220;16px&#8220; body_font_size_phone=&#8220;14px&#8220; body_font_size_last_edited=&#8220;on|phone&#8220; custom_css_main_element=&#8220;box-shadow: 0px 2px 18px 0px rgb(0 0 0 \/ 30%);||padding-top: 25px!important;||    padding-right: 25px!important;||    padding-bottom: 25px!important;||    padding-left: 25px!important;&#8220; box_shadow_style=&#8220;preset1&#8243; global_colors_info=&#8220;{}&#8220;][\/et_pb_blurb][\/et_pb_column][\/et_pb_row][et_pb_row column_structure=&#8220;1_3,1_3,1_3&#8243; use_custom_gutter=&#8220;on&#8220; make_equal=&#8220;on&#8220; admin_label=&#8220;Zeile&#8220; _builder_version=&#8220;4.27.0&#8243; _module_preset=&#8220;default&#8220; width_phone=&#8220;90%&#8220; width_last_edited=&#8220;off|desktop&#8220; height_tablet=&#8220;1500px&#8220; height_phone=&#8220;1670px&#8220; height_last_edited=&#8220;off|desktop&#8220; custom_margin_tablet=&#8220;-250px||-100px||false|false&#8220; custom_margin_phone=&#8220;0px||0px||false|false&#8220; custom_margin_last_edited=&#8220;off|desktop&#8220; global_colors_info=&#8220;{}&#8220;][et_pb_column type=&#8220;1_3&#8243; _builder_version=&#8220;4.27.0&#8243; _module_preset=&#8220;default&#8220; global_colors_info=&#8220;{}&#8220;][et_pb_blurb title=&#8220;SICHERHEIT DER INFORMATIONEN&#8220; image=&#8220;https:\/\/www.couth.com\/wp-content\/uploads\/2021\/06\/SEGURIDAD.jpg&#8220; content_max_width=&#8220;100%&#8220; module_class=&#8220;textocertificacion&#8220; _builder_version=&#8220;4.27.0&#8243; _module_preset=&#8220;default&#8220; header_level=&#8220;h3&#8243; header_font_size=&#8220;18px&#8220; body_text_align=&#8220;left&#8220; background_color=&#8220;#FFFFFF&#8220; text_orientation=&#8220;center&#8220; module_alignment=&#8220;center&#8220; custom_padding=&#8220;25px|25px|25px|25px|true|true&#8220; custom_padding_phone=&#8220;25px|25px|25px|25px|true|true&#8220; custom_padding_last_edited=&#8220;off|desktop&#8220; link_option_url=&#8220;https:\/\/www.couth.com\/wp-content\/uploads\/2024\/10\/Politica-de-seguridad-de-la-informacion-2024.04.30.pdf&#8220; link_option_url_new_window=&#8220;on&#8220; header_font_size_tablet=&#8220;18px&#8220; header_font_size_phone=&#8220;16px&#8220; header_font_size_last_edited=&#8220;off|desktop&#8220; body_font_size_tablet=&#8220;16px&#8220; body_font_size_phone=&#8220;14px&#8220; body_font_size_last_edited=&#8220;on|phone&#8220; custom_css_main_element=&#8220;box-shadow: 0px 2px 18px 0px rgb(0 0 0 \/ 30%);||padding-top: 25px!important;||    padding-right: 25px!important;||    padding-bottom: 25px!important;||    padding-left: 25px!important;&#8220; custom_css_blurb_title=&#8220;font-size: 20px;&#8220; box_shadow_style=&#8220;preset1&#8243; box_shadow_position=&#8220;inner&#8220; global_colors_info=&#8220;{}&#8220;][\/et_pb_blurb][\/et_pb_column][et_pb_column type=&#8220;1_3&#8243; _builder_version=&#8220;4.27.0&#8243; _module_preset=&#8220;default&#8220; global_colors_info=&#8220;{}&#8220;][et_pb_blurb title=&#8220;DIPLOMA IN ADVANCED MANAGEMENT&#8220; image=&#8220;https:\/\/www.couth.com\/wp-content\/uploads\/2024\/12\/A-ENGL_24_NEGRO.jpg&#8220; image_icon_width=&#8220;50%&#8220; content_max_width=&#8220;100%&#8220; module_class=&#8220;textocertificacion&#8220; _builder_version=&#8220;4.27.0&#8243; _module_preset=&#8220;default&#8220; header_level=&#8220;h3&#8243; header_font_size=&#8220;18px&#8220; body_text_align=&#8220;left&#8220; background_color=&#8220;#FFFFFF&#8220; text_orientation=&#8220;center&#8220; module_alignment=&#8220;center&#8220; min_height=&#8220;327.9px&#8220; custom_padding=&#8220;25px|25px|25px|25px|true|true&#8220; custom_padding_phone=&#8220;25px|25px|25px|25px|true|true&#8220; custom_padding_last_edited=&#8220;off|desktop&#8220; link_option_url=&#8220;https:\/\/www.couth.com\/wp-content\/uploads\/2024\/12\/A-ENGL_24_NEGRO.pdf&#8220; link_option_url_new_window=&#8220;on&#8220; header_font_size_tablet=&#8220;18px&#8220; header_font_size_phone=&#8220;16px&#8220; header_font_size_last_edited=&#8220;off|desktop&#8220; body_font_size_tablet=&#8220;16px&#8220; body_font_size_phone=&#8220;14px&#8220; body_font_size_last_edited=&#8220;on|phone&#8220; custom_css_main_element=&#8220;box-shadow: 0px 2px 18px 0px rgb(0 0 0 \/ 30%);||padding-top: 25px!important;||    padding-right: 25px!important;||    padding-bottom: 25px!important;||    padding-left: 25px!important;&#8220; custom_css_blurb_title=&#8220;font-size: 20px;&#8220; box_shadow_style=&#8220;preset1&#8243; box_shadow_position=&#8220;inner&#8220; locked=&#8220;off&#8220; global_colors_info=&#8220;{}&#8220;][\/et_pb_blurb][\/et_pb_column][et_pb_column type=&#8220;1_3&#8243; _builder_version=&#8220;4.16&#8243; _module_preset=&#8220;default&#8220; global_colors_info=&#8220;{}&#8220;][et_pb_blurb title=&#8220; ZERTIFIKAT ISO 27001&#8243; image=&#8220;https:\/\/www.couth.com\/wp-content\/uploads\/2022\/01\/ISO-COUTH_page-0001-1.jpg&#8220; content_max_width=&#8220;100%&#8220; _builder_version=&#8220;4.27.0&#8243; _module_preset=&#8220;default&#8220; header_level=&#8220;h3&#8243; header_font_size=&#8220;22px&#8220; body_text_align=&#8220;left&#8220; background_color=&#8220;#FFFFFF&#8220; text_orientation=&#8220;center&#8220; module_alignment=&#8220;center&#8220; min_height=&#8220;328px&#8220; custom_padding=&#8220;25px|25px|25px|25px|true|true&#8220; link_option_url=&#8220;https:\/\/www.couth.com\/wp-content\/uploads\/2024\/12\/IQNetES-SI-0080-2021_2024.12.pdf&#8220; link_option_url_new_window=&#8220;on&#8220; hover_enabled=&#8220;0&#8243; body_font_size_tablet=&#8220;16px&#8220; body_font_size_phone=&#8220;14px&#8220; body_font_size_last_edited=&#8220;on|phone&#8220; custom_css_main_element=&#8220;box-shadow: 0px 2px 18px 0px rgb(0 0 0 \/ 30%);||padding-top: 25px!important;||    padding-right: 25px!important;||    padding-bottom: 25px!important;||    padding-left: 25px!important;&#8220; custom_css_blurb_title=&#8220;font-size: 20px;&#8220; box_shadow_style=&#8220;preset1&#8243; box_shadow_position=&#8220;inner&#8220; global_colors_info=&#8220;{}&#8220; sticky_enabled=&#8220;0&#8243;][\/et_pb_blurb][\/et_pb_column][\/et_pb_row][\/et_pb_section]<\/p>\n","protected":false},"excerpt":{"rendered":"<p>ZERTIFIZIERUNGEN MANAGEMENTSYSTEME: QUALIT\u00c4T UND SICHERHEIT VON INFORMATION Bei COUTH\u00ae wenden wir auf die gesamte Organisation ein nach ISO 9001 zertifiziertes Qualit\u00e4tsmanagementsystem an. Unser Prozessmanagement orientiert sich an Kundenzufriedenheit und Kontinuierlicher Verbesserung (PDCA-Zyklus). Wir bieten innovative L\u00f6sungen f\u00fcr qualitativ hochwertige Produkte und Dienstleistungen, die auf dem st\u00e4ndigen Kontakt mit Kunden und Anwendern und der Kenntnis deren [&hellip;]<\/p>\n","protected":false},"author":1,"featured_media":0,"parent":0,"menu_order":164,"comment_status":"closed","ping_status":"closed","template":"","meta":{"_et_pb_use_builder":"on","_et_pb_old_content":"","_et_gb_content_width":"","footnotes":""},"class_list":["post-19124","page","type-page","status-publish","hentry"],"_links":{"self":[{"href":"https:\/\/www.couth.com\/de\/wp-json\/wp\/v2\/pages\/19124","targetHints":{"allow":["GET"]}}],"collection":[{"href":"https:\/\/www.couth.com\/de\/wp-json\/wp\/v2\/pages"}],"about":[{"href":"https:\/\/www.couth.com\/de\/wp-json\/wp\/v2\/types\/page"}],"author":[{"embeddable":true,"href":"https:\/\/www.couth.com\/de\/wp-json\/wp\/v2\/users\/1"}],"replies":[{"embeddable":true,"href":"https:\/\/www.couth.com\/de\/wp-json\/wp\/v2\/comments?post=19124"}],"version-history":[{"count":18,"href":"https:\/\/www.couth.com\/de\/wp-json\/wp\/v2\/pages\/19124\/revisions"}],"predecessor-version":[{"id":33506,"href":"https:\/\/www.couth.com\/de\/wp-json\/wp\/v2\/pages\/19124\/revisions\/33506"}],"wp:attachment":[{"href":"https:\/\/www.couth.com\/de\/wp-json\/wp\/v2\/media?parent=19124"}],"curies":[{"name":"wp","href":"https:\/\/api.w.org\/{rel}","templated":true}]}}